{"id":2179,"date":"2025-08-25T23:21:06","date_gmt":"2025-08-26T05:21:06","guid":{"rendered":"https:\/\/kbx.com\/produits-de-grande-consommation\/"},"modified":"2026-05-14T12:52:37","modified_gmt":"2026-05-14T18:52:37","slug":"produits-de-grande-consommation","status":"publish","type":"page","link":"https:\/\/kbx.com\/fr\/produits-de-grande-consommation\/","title":{"rendered":"Produits de grande consommation"},"content":{"rendered":"\n\n<section class=\"component c-icon-content\" role=\"region\" aria-roledescription=\"Icon + Content\" aria-label=\"Icon + Content\" >\n\t<div\n\t\tclass=\"spacing-outside-default\">\n\t\t\t\t<div\n\t\t\tclass=\"spacing-inside-default \">\n\t\t\t\t\t\t<div class=\"custom-wrapper\">\n\t\t\t\t<div class=\"container\">\n\t\t\t\t\t\t\t\t\t\t<div class=\"row justify-content-center\">\n\t\t\t\t\t\t\t\t\t\t\t\t\t\t\t\t\t\t\t\t\t\t\t\t\t\t\t\t\t\t\t\t\t\t\t\t\t\t\t\t\t\t\t\t\t\t\t\t\t\t\t\t\t\t\t\t\t\t\t\t\t\t\t\t\t\t\t\t\t\t\t\t\t\n\t\t\t\t\t\t<div class=\"col-12  col-xl-10 \">\n\t\t\t\t\t\t\t\t\t\t\t\t\t\t\t\t\t\t\t\t\t\t<div class=\"items-wrapper w-100\"> \t\t\t\t\t\t\t\t\t<div class=\"items columns-2\">\n\t\t\t\t\t\t\t\t\t\t\t\t\t\t\t\t\t\t\t\t\t<div class=\"item \">\n\t\t\t\t\t\t\t\t\t\t\t\t<div class=\"icon\">\n\t\t\t\t\t\t\t\t\t\t\t\t\t\t\t\t\t\t\t\t\t\t\t\t\t\t\t<svg role=\"presentation\" xmlns=\"http:\/\/www.w3.org\/2000\/svg\" width=\"61\" height=\"61\">\n\t\t\t\t\t\t\t\t\t\t\t\t\t\t\t<use href=\"#default-icon-content\"><\/use>\n\t\t\t\t\t\t\t\t\t\t\t\t\t\t<\/svg>\n\t\t\t\t\t\t\t\t\t\t\t\t\t\n\t\t\t\t\t\t\t\t\t\t\t\t<\/div>\n\t\t\t\t\t\t\t\t\t\t\t\t<div class=\"heading-wrapper\">\n\t\t\t\t\t\t\t\t\t\t\t\t\t\t\t\t\t\t\t\t\t\t\t\t\t\t<div class=\"description\"><p>Succ\u00e8s av\u00e9r\u00e9 dans le soutien des r\u00e9seaux nationaux de distribution pour le commerce de d\u00e9tail et les CPG<\/p>\n<\/div>\n\t\t\t\t\t\t\t\t\t\t\t\t<\/div>\n\t\t\t\t\t\t\t\t\t\t\t<\/div>\n\n\t\t\t\t\t\t\t\t\t\t\t\t\t\t\t\t\t\t\t\t\t<div class=\"item \">\n\t\t\t\t\t\t\t\t\t\t\t\t<div class=\"icon\">\n\t\t\t\t\t\t\t\t\t\t\t\t\t\t\t\t\t\t\t\t\t\t\t\t\t\t\t<svg role=\"presentation\" xmlns=\"http:\/\/www.w3.org\/2000\/svg\" width=\"61\" height=\"61\">\n\t\t\t\t\t\t\t\t\t\t\t\t\t\t\t<use href=\"#default-icon-content\"><\/use>\n\t\t\t\t\t\t\t\t\t\t\t\t\t\t<\/svg>\n\t\t\t\t\t\t\t\t\t\t\t\t\t\n\t\t\t\t\t\t\t\t\t\t\t\t<\/div>\n\t\t\t\t\t\t\t\t\t\t\t\t<div class=\"heading-wrapper\">\n\t\t\t\t\t\t\t\t\t\t\t\t\t\t\t\t\t\t\t\t\t\t\t\t\t\t<div class=\"description\"><p>Livraison \u00e0 temps et compl\u00e8te pour respecter les engagements envers les magasins, les centres de distribution (CD) et le commerce \u00e9lectronique<\/p>\n<\/div>\n\t\t\t\t\t\t\t\t\t\t\t\t<\/div>\n\t\t\t\t\t\t\t\t\t\t\t<\/div>\n\n\t\t\t\t\t\t\t\t\t\t\t\t\t\t\t\t\t\t\t<\/div>\n\t\t\t\t\t\t\t\t\t\t\t\t\t\t\t\t\t<div class=\"items columns-2\">\n\t\t\t\t\t\t\t\t\t\t\t\t\t\t\t\t\t\t\t\t\t<div class=\"item \">\n\t\t\t\t\t\t\t\t\t\t\t\t<div class=\"icon\">\n\t\t\t\t\t\t\t\t\t\t\t\t\t\t\t\t\t\t\t\t\t\t\t\t\t\t\t<svg role=\"presentation\" xmlns=\"http:\/\/www.w3.org\/2000\/svg\" width=\"61\" height=\"61\">\n\t\t\t\t\t\t\t\t\t\t\t\t\t\t\t<use href=\"#default-icon-content\"><\/use>\n\t\t\t\t\t\t\t\t\t\t\t\t\t\t<\/svg>\n\t\t\t\t\t\t\t\t\t\t\t\t\t\n\t\t\t\t\t\t\t\t\t\t\t\t<\/div>\n\t\t\t\t\t\t\t\t\t\t\t\t<div class=\"heading-wrapper\">\n\t\t\t\t\t\t\t\t\t\t\t\t\t\t\t\t\t\t\t\t\t\t\t\t\t\t<div class=\"description\"><p>Capacit\u00e9 flexible pour s\u2019adapter aux pics saisonniers et aux promotions<\/p>\n<\/div>\n\t\t\t\t\t\t\t\t\t\t\t\t<\/div>\n\t\t\t\t\t\t\t\t\t\t\t<\/div>\n\n\t\t\t\t\t\t\t\t\t\t\t\t\t\t\t\t\t\t\t\t\t<div class=\"item \">\n\t\t\t\t\t\t\t\t\t\t\t\t<div class=\"icon\">\n\t\t\t\t\t\t\t\t\t\t\t\t\t\t\t\t\t\t\t\t\t\t\t\t\t\t\t<svg role=\"presentation\" xmlns=\"http:\/\/www.w3.org\/2000\/svg\" width=\"61\" height=\"61\">\n\t\t\t\t\t\t\t\t\t\t\t\t\t\t\t<use href=\"#default-icon-content\"><\/use>\n\t\t\t\t\t\t\t\t\t\t\t\t\t\t<\/svg>\n\t\t\t\t\t\t\t\t\t\t\t\t\t\n\t\t\t\t\t\t\t\t\t\t\t\t<\/div>\n\t\t\t\t\t\t\t\t\t\t\t\t<div class=\"heading-wrapper\">\n\t\t\t\t\t\t\t\t\t\t\t\t\t\t\t\t\t\t\t\t\t\t\t\t\t\t<div class=\"description\"><p>Conformit\u00e9 aux restrictions de parc de remorques et aux exigences de rendez-vous<\/p>\n<\/div>\n\t\t\t\t\t\t\t\t\t\t\t\t<\/div>\n\t\t\t\t\t\t\t\t\t\t\t<\/div>\n\n\t\t\t\t\t\t\t\t\t\t\t\t\t\t\t\t\t\t\t<\/div>\n\t\t\t\t\t\t\t\t\t\t\t\t\t\t\t<\/div>\n\t\t\t\t\t\t<\/div>\n\n\t\t\t\t\t<\/div>\n\t\t\t\t\t\t\t\t\t\t\t<div class=\"row mt-3 mt-lg-4\">\n\t\t\t\t\t\t\t<div class=\"col-12 pt-0 pt-lg-2\">\n\t\t\t\t\t\t\t\t\n                           \n  <div class=\"c-button text-center\"  >\n    <a href=\"https:\/\/kbx.com\/contact-us\/\" class=\"btn  btn-fill btn-dk-blue\" >\n        <span>Parlez \u00e0 un sp\u00e9cialiste de la logistique CPG <\/span>\n\n                    <span class=\"icon\">\n                <svg>\n                    <use href=\"#icon-arrow\"><\/use>\n                <\/svg>\n            <\/span>\n            <\/a>\n  <\/div>\n\n\n\n\t\t\t\t\t\t\t<\/div>\n\t\t\t\t\t\t<\/div>\n\t\t\t\t\t\n\t\t\t\t<\/div>\n\t\t\t<\/div>\n\t\t<\/div>\n\t<\/div>\n<\/section>\n\n\n\n\n<section class=\"component c-content-media\" role=\"region\" aria-roledescription=\"Content and Media\" aria-label=\"Content and Media\" >\n    <div class=\"spacing-outside-default\">\n        <div class=\"spacing-inside-wide\">\n            <div class=\"container\">\n                <div class=\"row justify-content-center\">\n                                                                    \n                        <div class=\"col-12 col-md-5 order-md-1\">\n                            <div class=\"content-container\">\n                                <div class=\"row \">\n\t<div class=\"col-12  block-heading\">\n\t<h2 class=\"text-start\">\n\t\t\t        <span>En stock, \u00e0 temps<\/span>\n    \n  \t<\/h2>\n  <\/div>\n<\/div>\n<div class=\"row  block-heading-content\">\n\t<div class=\"col-12\"><p>Le fret CPG transite selon des calendriers serr\u00e9s et interd\u00e9pendants, des fournisseurs aux centres de distribution, jusqu\u2019aux rayons des magasins et aux plateformes de commerce \u00e9lectronique. Nous concevons des flux de transport qui harmonisent chaque \u00e9tape du parcours, afin que chaque exp\u00e9dition soit positionn\u00e9e pour une livraison \u00e0 temps et compl\u00e8te. <\/p>\n<ul>\n<li>Capacit\u00e9 multimodale pour le transport par camion (lots complets et partiels), le rail, l\u2019intermodal et le drayage portuaire<\/li>\n<li>Planification des rendez-vous et conformit\u00e9 de l\u2019\u00e9tiquetage<\/li>\n<li>Programmes de distribution en pool et de consolidation pour r\u00e9duire les co\u00fbts unitaires<\/li>\n<li>Conception de r\u00e9seau pr\u00eate pour les pics de demande, soutenue par des solutions de capacit\u00e9 flexible<\/li>\n<\/ul>\n<\/div>\n<\/div>\n\n                                \n      \n  <div class=\"c-button text-center text-md-start\"  >\n    <a href=\"https:\/\/kbx.com\/fr\/toutes-les-solutions\/chargement-complet\/\" class=\"btn  btn-fill btn-dk-blue\" >\n        <span>D\u00e9couvrez les services de lots complets et partiels<\/span>\n\n                    <span class=\"icon\">\n                <svg>\n                    <use href=\"#icon-arrow\"><\/use>\n                <\/svg>\n            <\/span>\n            <\/a>\n  <\/div>\n\n\n\n                            <\/div>\n                        <\/div>\n                    \n                    <div class=\"col-12 col-md-5\">\n                                                    <div class=\"media-container img-container text-lg-start single-img\">\n                                                                \n                                <img decoding=\"async\" src=\"https:\/\/kbx.com\/wp-content\/uploads\/2025\/09\/2025_KBX-Industries_Retail_In-Stock-On-Time.jpg\" srcset=\"https:\/\/kbx.com\/wp-content\/uploads\/2025\/09\/2025_KBX-Industries_Retail_In-Stock-On-Time.jpg 511w, https:\/\/kbx.com\/wp-content\/uploads\/2025\/09\/2025_KBX-Industries_Retail_In-Stock-On-Time-280x300.jpg 280w\"\n                                     sizes=\"auto, (max-width: 511px) 100vw, 511px\" width=\"511\"\n                                     height=\"548\" class=\"primary-img no-scale\"\n                                     alt=\"Retail team\" loading=\"lazy\"  role=\"presentation\">\n                            <\/div>\n                                            <\/div>\n                <\/div>\n            <\/div>\n        <\/div>\n    <\/div>\n\n            \n                                        \n        <img decoding=\"async\" src=\"https:\/\/kbx.com\/wp-content\/themes\/zionandzion\/assets\/production\/images\/global-globe-1-left.png\" alt=\"\" role=\"presentation\" class=\"d-none d-md-block  globe left\" loading=\"lazy\" width=\"460\" height=\"547\"\/>\n    \n<\/section>\n\n\n\n<section class=\"component c-large-cta\" role=\"region\" aria-roledescription=\"Large CTA\" aria-label=\"Large CTA\" >\n\t<div\n\t\tclass=\"spacing-outside-default\">\n\t\t\t\t<div\n\t\t\tclass=\"spacing-inside-default \">\n\t\t\t\t\t\t<div class=\"custom-wrapper\">\n\t\t\t\t<div class=\"container\">\n\t\t\t\t\t<div class=\"row justify-content-center\">\n\t\t\t\t\t\t<div class=\"col-12 col-lg-10\">\n\t\t\t\t\t\t\t<div class=\"row\">\n\t\t\t\t\t\t\t\t<div class=\"col-12 col-lg-8\">\n\t\t\t\t\t\t\t\t\t<h2>La fiabilit\u00e9 derri\u00e8re<br \/>\r\nchaque \u00e9tag\u00e8re<\/h2>\n\t\t\t\t\t\t\t\t\t<div class=\"description\">\n\t\t\t\t\t\t\t\t\t\t<p>Nous assurons la pr\u00e9visibilit\u00e9 des cha\u00eenes d\u2019approvisionnement du commerce de d\u00e9tail dans un march\u00e9 impr\u00e9visible, afin que les produits arrivent l\u00e0 o\u00f9 ils doivent \u00eatre, quand ils doivent l\u2019\u00eatre, quelle que soit la saison ou le canal.<\/p>\n\n\t\t\t\t\t\t\t\t\t<\/div>\n\t\t\t\t\t\t\t\t\t\t\t\t\t\t\t\t\t<\/div>\n\t\t\t\t\t\t\t<\/div>\n\t\t\t\t\t\t<\/div>\n\t\t\t\t\t<\/div>\n\t\t\t\t<\/div>\n\t\t\t<\/div>\n\t\t\t<div class=\"image-wrapper d-flex justify-content-end\">\n\t\t\t\t\t\t\t\t\t\t\t\t<img decoding=\"async\" src=\"https:\/\/kbx.com\/wp-content\/themes\/zionandzion\/assets\/production\/images\/large-cta-glob.png\" class=\"d-none d-lg-block large-cta-globe\" alt=\"\" role=\"presentation\" loading=\"lazy\" width=\"612\" height=\"416\"\/>\n\t\t\t\t<img decoding=\"async\" src=\"https:\/\/kbx.com\/wp-content\/themes\/zionandzion\/assets\/production\/images\/large-cta-glob-mobile.png\" class=\"d-block d-lg-none large-cta-globe\" alt=\"\" role=\"presentation\" loading=\"lazy\" width=\"269\" height=\"116\"\/>\n\t\t\t<\/div>\n\t\t<\/div>\n\t<\/div>\n<\/section>\n\n\n\n<section class=\"component c-counter\" role=\"region\" aria-roledescription=\"Counter\" aria-label=\"Counter\" >\n\t<div class=\"spacing-outside-default\">\n\t\t<div class=\"spacing-inside-default\">\n\t\t\t<div class=\"container\">\n\t\t\t\t<div class=\"row\">\n\t\t\t\t\t\t\t\t\t\t<div class=\"col-12\">\n\t\t\t\t\t\t<div class=\"counter-container row justify-content-md-center\">\n\t\t\t\t\t\t\t\t\t\t\t\t\t\t\t<div class=\"col-12 col-md-6 col-lg text-start text-md-center\">\n\t\t\t\t\t\t\t\t\t<div class=\"counter-wrapper\">\n\t\t\t\t\t\t\t\t\t\t<p class=\"counter-content\"><span class=\"counter\" data-number=\"8000\">0<\/span>+<\/p>\n\t\t\t\t\t\t\t\t\t\t<p class=\"counter-subcontent\">Chargements nationaux d\u00e9plac\u00e9s chaque jour<\/p>\n\t\t\t\t\t\t\t\t\t<\/div>\n\t\t\t\t\t\t\t\t<\/div>\n\t\t\t\t\t\t\t\t\t\t\t\t\t\t\t<div class=\"col-12 col-md-6 col-lg text-start text-md-center\">\n\t\t\t\t\t\t\t\t\t<div class=\"counter-wrapper\">\n\t\t\t\t\t\t\t\t\t\t<p class=\"counter-content\"><span class=\"counter\" data-number=\"80\">0<\/span>+<\/p>\n\t\t\t\t\t\t\t\t\t\t<p class=\"counter-subcontent\">Pays desservis<\/p>\n\t\t\t\t\t\t\t\t\t<\/div>\n\t\t\t\t\t\t\t\t<\/div>\n\t\t\t\t\t\t\t\t\t\t\t\t\t\t\t<div class=\"col-12 col-md-6 col-lg text-start text-md-center\">\n\t\t\t\t\t\t\t\t\t<div class=\"counter-wrapper\">\n\t\t\t\t\t\t\t\t\t\t<p class=\"counter-content\"><span class=\"counter\" data-number=\"4000\">0<\/span>+<\/p>\n\t\t\t\t\t\t\t\t\t\t<p class=\"counter-subcontent\">Transporteurs <br class=\"d-none d-lg-block\"> actifs<\/p>\n\t\t\t\t\t\t\t\t\t<\/div>\n\t\t\t\t\t\t\t\t<\/div>\n\t\t\t\t\t\t\t\t\t\t\t\t\t\t\t<div class=\"col-12 col-md-6 col-lg text-start text-md-center\">\n\t\t\t\t\t\t\t\t\t<div class=\"counter-wrapper\">\n\t\t\t\t\t\t\t\t\t\t<p class=\"counter-content\"><span class=\"counter\" data-number=\"2000\">0<\/span>+<\/p>\n\t\t\t\t\t\t\t\t\t\t<p class=\"counter-subcontent\">Corridors commerciaux exploit\u00e9s<\/p>\n\t\t\t\t\t\t\t\t\t<\/div>\n\t\t\t\t\t\t\t\t<\/div>\n\t\t\t\t\t\t\t\t\t\t\t\t\t<\/div>\n\t\t\t\t\t<\/div>\n\t\t\t\t<\/div>\n\t\t\t<\/div>\n\t\t<\/div>\n\t<\/div>\n<\/section>\n","protected":false},"excerpt":{"rendered":"","protected":false},"author":3,"featured_media":0,"parent":0,"menu_order":0,"comment_status":"closed","ping_status":"closed","template":"","meta":{"_acf_changed":false,"footnotes":""},"class_list":["post-2179","page","type-page","status-publish","hentry"],"acf":[],"yoast_head":"<!-- This site is optimized with the Yoast SEO plugin v27.6 - https:\/\/yoast.com\/product\/yoast-seo-wordpress\/ -->\n<title>Solutions logistiques pour les produits de grande consommation | KBX<\/title>\n<meta name=\"description\" content=\"Une logistique CPG experte avec une capacit\u00e9 multimodale, une conformit\u00e9 et des r\u00e9seaux flexibles pour maintenir les rayons approvisionn\u00e9s et des livraisons \u00e0 temps et compl\u00e8tes.\" \/>\n<meta name=\"robots\" content=\"index, follow, max-snippet:-1, max-image-preview:large, max-video-preview:-1\" \/>\n<link rel=\"canonical\" href=\"https:\/\/kbx.com\/fr\/produits-de-grande-consommation\/\" \/>\n<meta property=\"og:locale\" content=\"fr_FR\" \/>\n<meta property=\"og:type\" content=\"article\" \/>\n<meta property=\"og:title\" content=\"Solutions logistiques pour les produits de grande consommation | KBX\" \/>\n<meta property=\"og:description\" content=\"Une logistique CPG experte avec une capacit\u00e9 multimodale, une conformit\u00e9 et des r\u00e9seaux flexibles pour maintenir les rayons approvisionn\u00e9s et des livraisons \u00e0 temps et compl\u00e8tes.\" \/>\n<meta property=\"og:url\" content=\"https:\/\/kbx.com\/fr\/produits-de-grande-consommation\/\" \/>\n<meta property=\"og:site_name\" content=\"KBX\" \/>\n<meta property=\"article:modified_time\" content=\"2026-05-14T18:52:37+00:00\" \/>\n<meta name=\"twitter:card\" content=\"summary_large_image\" \/>\n<script type=\"application\/ld+json\" class=\"yoast-schema-graph\">{\"@context\":\"https:\\\/\\\/schema.org\",\"@graph\":[{\"@type\":\"WebPage\",\"@id\":\"https:\\\/\\\/kbx.com\\\/fr\\\/produits-de-grande-consommation\\\/\",\"url\":\"https:\\\/\\\/kbx.com\\\/fr\\\/produits-de-grande-consommation\\\/\",\"name\":\"Solutions logistiques pour les produits de grande consommation | KBX\",\"isPartOf\":{\"@id\":\"https:\\\/\\\/kbx.com\\\/fr\\\/#website\"},\"datePublished\":\"2025-08-26T05:21:06+00:00\",\"dateModified\":\"2026-05-14T18:52:37+00:00\",\"description\":\"Une logistique CPG experte avec une capacit\u00e9 multimodale, une conformit\u00e9 et des r\u00e9seaux flexibles pour maintenir les rayons approvisionn\u00e9s et des livraisons \u00e0 temps et compl\u00e8tes.\",\"breadcrumb\":{\"@id\":\"https:\\\/\\\/kbx.com\\\/fr\\\/produits-de-grande-consommation\\\/#breadcrumb\"},\"inLanguage\":\"fr-FR\",\"potentialAction\":[{\"@type\":\"ReadAction\",\"target\":[\"https:\\\/\\\/kbx.com\\\/fr\\\/produits-de-grande-consommation\\\/\"]}]},{\"@type\":\"BreadcrumbList\",\"@id\":\"https:\\\/\\\/kbx.com\\\/fr\\\/produits-de-grande-consommation\\\/#breadcrumb\",\"itemListElement\":[{\"@type\":\"ListItem\",\"position\":1,\"name\":\"Home\",\"item\":\"https:\\\/\\\/kbx.com\\\/fr\\\/accueil\\\/\"},{\"@type\":\"ListItem\",\"position\":2,\"name\":\"Produits de grande consommation\"}]},{\"@type\":\"WebSite\",\"@id\":\"https:\\\/\\\/kbx.com\\\/fr\\\/#website\",\"url\":\"https:\\\/\\\/kbx.com\\\/fr\\\/\",\"name\":\"KBX\",\"description\":\"\",\"potentialAction\":[{\"@type\":\"SearchAction\",\"target\":{\"@type\":\"EntryPoint\",\"urlTemplate\":\"https:\\\/\\\/kbx.com\\\/fr\\\/?s={search_term_string}\"},\"query-input\":{\"@type\":\"PropertyValueSpecification\",\"valueRequired\":true,\"valueName\":\"search_term_string\"}}],\"inLanguage\":\"fr-FR\"}]}<\/script>\n<!-- \/ Yoast SEO plugin. -->","yoast_head_json":{"title":"Solutions logistiques pour les produits de grande consommation | KBX","description":"Une logistique CPG experte avec une capacit\u00e9 multimodale, une conformit\u00e9 et des r\u00e9seaux flexibles pour maintenir les rayons approvisionn\u00e9s et des livraisons \u00e0 temps et compl\u00e8tes.","robots":{"index":"index","follow":"follow","max-snippet":"max-snippet:-1","max-image-preview":"max-image-preview:large","max-video-preview":"max-video-preview:-1"},"canonical":"https:\/\/kbx.com\/fr\/produits-de-grande-consommation\/","og_locale":"fr_FR","og_type":"article","og_title":"Solutions logistiques pour les produits de grande consommation | KBX","og_description":"Une logistique CPG experte avec une capacit\u00e9 multimodale, une conformit\u00e9 et des r\u00e9seaux flexibles pour maintenir les rayons approvisionn\u00e9s et des livraisons \u00e0 temps et compl\u00e8tes.","og_url":"https:\/\/kbx.com\/fr\/produits-de-grande-consommation\/","og_site_name":"KBX","article_modified_time":"2026-05-14T18:52:37+00:00","twitter_card":"summary_large_image","schema":{"@context":"https:\/\/schema.org","@graph":[{"@type":"WebPage","@id":"https:\/\/kbx.com\/fr\/produits-de-grande-consommation\/","url":"https:\/\/kbx.com\/fr\/produits-de-grande-consommation\/","name":"Solutions logistiques pour les produits de grande consommation | KBX","isPartOf":{"@id":"https:\/\/kbx.com\/fr\/#website"},"datePublished":"2025-08-26T05:21:06+00:00","dateModified":"2026-05-14T18:52:37+00:00","description":"Une logistique CPG experte avec une capacit\u00e9 multimodale, une conformit\u00e9 et des r\u00e9seaux flexibles pour maintenir les rayons approvisionn\u00e9s et des livraisons \u00e0 temps et compl\u00e8tes.","breadcrumb":{"@id":"https:\/\/kbx.com\/fr\/produits-de-grande-consommation\/#breadcrumb"},"inLanguage":"fr-FR","potentialAction":[{"@type":"ReadAction","target":["https:\/\/kbx.com\/fr\/produits-de-grande-consommation\/"]}]},{"@type":"BreadcrumbList","@id":"https:\/\/kbx.com\/fr\/produits-de-grande-consommation\/#breadcrumb","itemListElement":[{"@type":"ListItem","position":1,"name":"Home","item":"https:\/\/kbx.com\/fr\/accueil\/"},{"@type":"ListItem","position":2,"name":"Produits de grande consommation"}]},{"@type":"WebSite","@id":"https:\/\/kbx.com\/fr\/#website","url":"https:\/\/kbx.com\/fr\/","name":"KBX","description":"","potentialAction":[{"@type":"SearchAction","target":{"@type":"EntryPoint","urlTemplate":"https:\/\/kbx.com\/fr\/?s={search_term_string}"},"query-input":{"@type":"PropertyValueSpecification","valueRequired":true,"valueName":"search_term_string"}}],"inLanguage":"fr-FR"}]}},"_links":{"self":[{"href":"https:\/\/kbx.com\/fr\/wp-json\/wp\/v2\/pages\/2179","targetHints":{"allow":["GET"]}}],"collection":[{"href":"https:\/\/kbx.com\/fr\/wp-json\/wp\/v2\/pages"}],"about":[{"href":"https:\/\/kbx.com\/fr\/wp-json\/wp\/v2\/types\/page"}],"author":[{"embeddable":true,"href":"https:\/\/kbx.com\/fr\/wp-json\/wp\/v2\/users\/3"}],"replies":[{"embeddable":true,"href":"https:\/\/kbx.com\/fr\/wp-json\/wp\/v2\/comments?post=2179"}],"version-history":[{"count":3,"href":"https:\/\/kbx.com\/fr\/wp-json\/wp\/v2\/pages\/2179\/revisions"}],"predecessor-version":[{"id":2340,"href":"https:\/\/kbx.com\/fr\/wp-json\/wp\/v2\/pages\/2179\/revisions\/2340"}],"wp:attachment":[{"href":"https:\/\/kbx.com\/fr\/wp-json\/wp\/v2\/media?parent=2179"}],"curies":[{"name":"wp","href":"https:\/\/api.w.org\/{rel}","templated":true}]}}