{"id":2172,"date":"2025-08-25T23:20:20","date_gmt":"2025-08-26T05:20:20","guid":{"rendered":"https:\/\/kbx.com\/produits-chimiques\/"},"modified":"2026-05-14T12:51:38","modified_gmt":"2026-05-14T18:51:38","slug":"produits-chimiques","status":"publish","type":"page","link":"https:\/\/kbx.com\/fr\/produits-chimiques\/","title":{"rendered":"Produits chimiques"},"content":{"rendered":"\n\n<section class=\"component c-icon-content\" role=\"region\" aria-roledescription=\"Icon + Content\" aria-label=\"Icon + Content\" >\n\t<div\n\t\tclass=\"spacing-outside-default\">\n\t\t\t\t<div\n\t\t\tclass=\"spacing-inside-default \">\n\t\t\t\t\t\t<div class=\"custom-wrapper\">\n\t\t\t\t<div class=\"container\">\n\t\t\t\t\t\t\t\t\t\t<div class=\"row justify-content-center\">\n\t\t\t\t\t\t\t\t\t\t\t\t\t\t\t\t\t\t\t\t\t\t\t\t\t\t\t\t\t\t\t\t\t\t\t\t\t\t\t\t\t\t\t\t\t\t\t\t\t\t\t\t\t\t\t\t\t\t\t\t\t\t\t\t\t\t\t\t\t\t\t\t\t\n\t\t\t\t\t\t<div class=\"col-12  col-xl-10 \">\n\t\t\t\t\t\t\t\t\t\t\t\t\t\t\t\t\t\t\t\t\t\t<div class=\"items-wrapper w-100\"> \t\t\t\t\t\t\t\t\t<div class=\"items columns-2\">\n\t\t\t\t\t\t\t\t\t\t\t\t\t\t\t\t\t\t\t\t\t<div class=\"item \">\n\t\t\t\t\t\t\t\t\t\t\t\t<div class=\"icon\">\n\t\t\t\t\t\t\t\t\t\t\t\t\t\t\t\t\t\t\t\t\t\t\t\t\t\t\t<svg role=\"presentation\" xmlns=\"http:\/\/www.w3.org\/2000\/svg\" width=\"61\" height=\"61\">\n\t\t\t\t\t\t\t\t\t\t\t\t\t\t\t<use href=\"#default-icon-content\"><\/use>\n\t\t\t\t\t\t\t\t\t\t\t\t\t\t<\/svg>\n\t\t\t\t\t\t\t\t\t\t\t\t\t\n\t\t\t\t\t\t\t\t\t\t\t\t<\/div>\n\t\t\t\t\t\t\t\t\t\t\t\t<div class=\"heading-wrapper\">\n\t\t\t\t\t\t\t\t\t\t\t\t\t\t\t\t\t\t\t\t\t\t\t\t\t\t<div class=\"description\"><p>Une planification rigoureuse avec des partenaires transporteurs qualifi\u00e9s<\/p>\n<\/div>\n\t\t\t\t\t\t\t\t\t\t\t\t<\/div>\n\t\t\t\t\t\t\t\t\t\t\t<\/div>\n\n\t\t\t\t\t\t\t\t\t\t\t\t\t\t\t\t\t\t\t\t\t<div class=\"item \">\n\t\t\t\t\t\t\t\t\t\t\t\t<div class=\"icon\">\n\t\t\t\t\t\t\t\t\t\t\t\t\t\t\t\t\t\t\t\t\t\t\t\t\t\t\t<svg role=\"presentation\" xmlns=\"http:\/\/www.w3.org\/2000\/svg\" width=\"61\" height=\"61\">\n\t\t\t\t\t\t\t\t\t\t\t\t\t\t\t<use href=\"#default-icon-content\"><\/use>\n\t\t\t\t\t\t\t\t\t\t\t\t\t\t<\/svg>\n\t\t\t\t\t\t\t\t\t\t\t\t\t\n\t\t\t\t\t\t\t\t\t\t\t\t<\/div>\n\t\t\t\t\t\t\t\t\t\t\t\t<div class=\"heading-wrapper\">\n\t\t\t\t\t\t\t\t\t\t\t\t\t\t\t\t\t\t\t\t\t\t\t\t\t\t<div class=\"description\"><p>Des solutions vrac sp\u00e9cialis\u00e9es pour les produits liquides et secs<\/p>\n<\/div>\n\t\t\t\t\t\t\t\t\t\t\t\t<\/div>\n\t\t\t\t\t\t\t\t\t\t\t<\/div>\n\n\t\t\t\t\t\t\t\t\t\t\t\t\t\t\t\t\t\t\t<\/div>\n\t\t\t\t\t\t\t\t\t\t\t\t\t\t\t\t\t<div class=\"items columns-2\">\n\t\t\t\t\t\t\t\t\t\t\t\t\t\t\t\t\t\t\t\t\t<div class=\"item \">\n\t\t\t\t\t\t\t\t\t\t\t\t<div class=\"icon\">\n\t\t\t\t\t\t\t\t\t\t\t\t\t\t\t\t\t\t\t\t\t\t\t\t\t\t\t<svg role=\"presentation\" xmlns=\"http:\/\/www.w3.org\/2000\/svg\" width=\"61\" height=\"61\">\n\t\t\t\t\t\t\t\t\t\t\t\t\t\t\t<use href=\"#default-icon-content\"><\/use>\n\t\t\t\t\t\t\t\t\t\t\t\t\t\t<\/svg>\n\t\t\t\t\t\t\t\t\t\t\t\t\t\n\t\t\t\t\t\t\t\t\t\t\t\t<\/div>\n\t\t\t\t\t\t\t\t\t\t\t\t<div class=\"heading-wrapper\">\n\t\t\t\t\t\t\t\t\t\t\t\t\t\t\t\t\t\t\t\t\t\t\t\t\t\t<div class=\"description\"><p>Un acheminement multimodal pour \u00e9quilibrer co\u00fbts, d\u00e9lais et risques<\/p>\n<\/div>\n\t\t\t\t\t\t\t\t\t\t\t\t<\/div>\n\t\t\t\t\t\t\t\t\t\t\t<\/div>\n\n\t\t\t\t\t\t\t\t\t\t\t\t\t\t\t\t\t\t\t\t\t<div class=\"item \">\n\t\t\t\t\t\t\t\t\t\t\t\t<div class=\"icon\">\n\t\t\t\t\t\t\t\t\t\t\t\t\t\t\t\t\t\t\t\t\t\t\t\t\t\t\t<svg role=\"presentation\" xmlns=\"http:\/\/www.w3.org\/2000\/svg\" width=\"61\" height=\"61\">\n\t\t\t\t\t\t\t\t\t\t\t\t\t\t\t<use href=\"#default-icon-content\"><\/use>\n\t\t\t\t\t\t\t\t\t\t\t\t\t\t<\/svg>\n\t\t\t\t\t\t\t\t\t\t\t\t\t\n\t\t\t\t\t\t\t\t\t\t\t\t<\/div>\n\t\t\t\t\t\t\t\t\t\t\t\t<div class=\"heading-wrapper\">\n\t\t\t\t\t\t\t\t\t\t\t\t\t\t\t\t\t\t\t\t\t\t\t\t\t\t<div class=\"description\"><p>Des documents conformes et des partenaires \u00e9quip\u00e9s pour assurer la continuit\u00e9 des exp\u00e9ditions<\/p>\n<\/div>\n\t\t\t\t\t\t\t\t\t\t\t\t<\/div>\n\t\t\t\t\t\t\t\t\t\t\t<\/div>\n\n\t\t\t\t\t\t\t\t\t\t\t\t\t\t\t\t\t\t\t<\/div>\n\t\t\t\t\t\t\t\t\t\t\t\t\t\t\t<\/div>\n\t\t\t\t\t\t<\/div>\n\n\t\t\t\t\t<\/div>\n\t\t\t\t\t\t\t\t\t\t\t<div class=\"row mt-3 mt-lg-4\">\n\t\t\t\t\t\t\t<div class=\"col-12 pt-0 pt-lg-2\">\n\t\t\t\t\t\t\t\t\n                           \n  <div class=\"c-button text-center\"  >\n    <a href=\"https:\/\/kbx.com\/contact-us\/\" class=\"btn  btn-fill btn-dk-blue\" >\n        <span>Parlez \u00e0 un sp\u00e9cialiste de la logistique des produits chimiques <\/span>\n\n                    <span class=\"icon\">\n                <svg>\n                    <use href=\"#icon-arrow\"><\/use>\n                <\/svg>\n            <\/span>\n            <\/a>\n  <\/div>\n\n\n\n\t\t\t\t\t\t\t<\/div>\n\t\t\t\t\t\t<\/div>\n\t\t\t\t\t\n\t\t\t\t<\/div>\n\t\t\t<\/div>\n\t\t<\/div>\n\t<\/div>\n<\/section>\n\n\n\n\n<section class=\"component c-content-media\" role=\"region\" aria-roledescription=\"Content and Media\" aria-label=\"Content and Media\" >\n    <div class=\"spacing-outside-default\">\n        <div class=\"spacing-inside-wide\">\n            <div class=\"container\">\n                <div class=\"row justify-content-center\">\n                                                                    \n                        <div class=\"col-12 col-md-5 order-md-1\">\n                            <div class=\"content-container\">\n                                <div class=\"row \">\n\t<div class=\"col-12  block-heading\">\n\t<h2 class=\"text-start\">\n\t\t\t        <span>Fret sp\u00e9cialis\u00e9, expertise sp\u00e9cialis\u00e9e<\/span>\n    \n  \t<\/h2>\n  <\/div>\n<\/div>\n<div class=\"row  block-heading-content\">\n\t<div class=\"col-12\"><p>Le fret chimique exige une attention aux d\u00e9tails \u00e0 chaque \u00e9tape. Nous acheminons vos exp\u00e9ditions via les bons canaux, avec les \u00e9quipements adapt\u00e9s. Chaque op\u00e9ration respecte vos proc\u00e9dures d\u2019exploitation et les exigences r\u00e9glementaires, avec une coordination des sites effectu\u00e9e en amont afin d\u2019\u00e9viter les retards.<\/p>\n<ul>\n<li>Exp\u00e9ditions de mati\u00e8res dangereuses et non dangereuses trait\u00e9es avec soin et en conformit\u00e9<\/li>\n<li>Options d\u2019\u00e9quipement flexibles \u2013 remorques vrac liquides, citernes ISO, GRV et f\u00fbts<\/li>\n<li>Int\u00e9gration ferroviaire et intermodale pour r\u00e9duire les co\u00fbts et les risques<\/li>\n<li>Protocoles de site et exigences de s\u00e9curit\u00e9 coordonn\u00e9s pour des transferts fluides<\/li>\n<\/ul>\n<\/div>\n<\/div>\n\n                                \n      \n  <div class=\"c-button text-center text-md-start\"  >\n    <a href=\"https:\/\/kbx.com\/fr\/toutes-les-solutions\/vrac-et-specialise\/\" class=\"btn  btn-fill btn-dk-blue\" >\n        <span>D\u00e9couvrir les services d\u2019exp\u00e9dition sp\u00e9cialis\u00e9s<\/span>\n\n                    <span class=\"icon\">\n                <svg>\n                    <use href=\"#icon-arrow\"><\/use>\n                <\/svg>\n            <\/span>\n            <\/a>\n  <\/div>\n\n\n\n                            <\/div>\n                        <\/div>\n                    \n                    <div class=\"col-12 col-md-5\">\n                                                    <div class=\"media-container img-container text-lg-start single-img\">\n                                                                \n                                <img decoding=\"async\" src=\"https:\/\/kbx.com\/wp-content\/uploads\/2025\/10\/2025_KBX-Chemical.jpg\" srcset=\"https:\/\/kbx.com\/wp-content\/uploads\/2025\/10\/2025_KBX-Chemical.jpg 511w, https:\/\/kbx.com\/wp-content\/uploads\/2025\/10\/2025_KBX-Chemical-280x300.jpg 280w\"\n                                     sizes=\"auto, (max-width: 511px) 100vw, 511px\" width=\"511\"\n                                     height=\"548\" class=\"primary-img no-scale\"\n                                     alt=\"Logistics managers\" loading=\"lazy\"  role=\"presentation\">\n                            <\/div>\n                                            <\/div>\n                <\/div>\n            <\/div>\n        <\/div>\n    <\/div>\n\n            \n                                        \n        <img decoding=\"async\" src=\"https:\/\/kbx.com\/wp-content\/themes\/zionandzion\/assets\/production\/images\/global-globe-1-left.png\" alt=\"\" role=\"presentation\" class=\"d-none d-md-block  globe left\" loading=\"lazy\" width=\"460\" height=\"547\"\/>\n    \n<\/section>\n\n\n\n<section class=\"component c-large-cta\" role=\"region\" aria-roledescription=\"Large CTA\" aria-label=\"Large CTA\" >\n\t<div\n\t\tclass=\"spacing-outside-default\">\n\t\t\t\t<div\n\t\t\tclass=\"spacing-inside-default \">\n\t\t\t\t\t\t<div class=\"custom-wrapper\">\n\t\t\t\t<div class=\"container\">\n\t\t\t\t\t<div class=\"row justify-content-center\">\n\t\t\t\t\t\t<div class=\"col-12 col-lg-10\">\n\t\t\t\t\t\t\t<div class=\"row\">\n\t\t\t\t\t\t\t\t<div class=\"col-12 col-lg-8\">\n\t\t\t\t\t\t\t\t\t<h2>Conformit\u00e9<br \/>\r\nau sein de la Fondation<\/h2>\n\t\t\t\t\t\t\t\t\t<div class=\"description\">\n\t\t\t\t\t\t\t\t\t\t<p>De la qualification des transporteurs \u00e0 la pr\u00e9paration des sites, chaque d\u00e9tail est g\u00e9r\u00e9 pour r\u00e9pondre \u00e0 vos standards, avec une visibilit\u00e9 compl\u00e8te du d\u00e9but \u00e0 la fin.<\/p>\n\n\t\t\t\t\t\t\t\t\t<\/div>\n\t\t\t\t\t\t\t\t\t\t\t\t\t\t\t\t\t<\/div>\n\t\t\t\t\t\t\t<\/div>\n\t\t\t\t\t\t<\/div>\n\t\t\t\t\t<\/div>\n\t\t\t\t<\/div>\n\t\t\t<\/div>\n\t\t\t<div class=\"image-wrapper d-flex justify-content-end\">\n\t\t\t\t\t\t\t\t\t\t\t\t<img decoding=\"async\" src=\"https:\/\/kbx.com\/wp-content\/themes\/zionandzion\/assets\/production\/images\/large-cta-glob.png\" class=\"d-none d-lg-block large-cta-globe\" alt=\"\" role=\"presentation\" loading=\"lazy\" width=\"612\" height=\"416\"\/>\n\t\t\t\t<img decoding=\"async\" src=\"https:\/\/kbx.com\/wp-content\/themes\/zionandzion\/assets\/production\/images\/large-cta-glob-mobile.png\" class=\"d-block d-lg-none large-cta-globe\" alt=\"\" role=\"presentation\" loading=\"lazy\" width=\"269\" height=\"116\"\/>\n\t\t\t<\/div>\n\t\t<\/div>\n\t<\/div>\n<\/section>\n\n\n\n<section class=\"component c-counter\" role=\"region\" aria-roledescription=\"Counter\" aria-label=\"Counter\" >\n\t<div class=\"spacing-outside-default\">\n\t\t<div class=\"spacing-inside-default\">\n\t\t\t<div class=\"container\">\n\t\t\t\t<div class=\"row\">\n\t\t\t\t\t\t\t\t\t\t<div class=\"col-12\">\n\t\t\t\t\t\t<div class=\"counter-container row justify-content-md-center\">\n\t\t\t\t\t\t\t\t\t\t\t\t\t\t\t<div class=\"col-12 col-md-6 col-lg text-start text-md-center\">\n\t\t\t\t\t\t\t\t\t<div class=\"counter-wrapper\">\n\t\t\t\t\t\t\t\t\t\t<p class=\"counter-content\"><span class=\"counter\" data-number=\"8000\">0<\/span>+<\/p>\n\t\t\t\t\t\t\t\t\t\t<p class=\"counter-subcontent\">Chargements nationaux d\u00e9plac\u00e9s chaque jour<\/p>\n\t\t\t\t\t\t\t\t\t<\/div>\n\t\t\t\t\t\t\t\t<\/div>\n\t\t\t\t\t\t\t\t\t\t\t\t\t\t\t<div class=\"col-12 col-md-6 col-lg text-start text-md-center\">\n\t\t\t\t\t\t\t\t\t<div class=\"counter-wrapper\">\n\t\t\t\t\t\t\t\t\t\t<p class=\"counter-content\"><span class=\"counter\" data-number=\"80\">0<\/span>+<\/p>\n\t\t\t\t\t\t\t\t\t\t<p class=\"counter-subcontent\">Pays desservis<\/p>\n\t\t\t\t\t\t\t\t\t<\/div>\n\t\t\t\t\t\t\t\t<\/div>\n\t\t\t\t\t\t\t\t\t\t\t\t\t\t\t<div class=\"col-12 col-md-6 col-lg text-start text-md-center\">\n\t\t\t\t\t\t\t\t\t<div class=\"counter-wrapper\">\n\t\t\t\t\t\t\t\t\t\t<p class=\"counter-content\"><span class=\"counter\" data-number=\"4000\">0<\/span>+<\/p>\n\t\t\t\t\t\t\t\t\t\t<p class=\"counter-subcontent\">Transporteurs <br class=\"d-none d-lg-block\"> actifs<\/p>\n\t\t\t\t\t\t\t\t\t<\/div>\n\t\t\t\t\t\t\t\t<\/div>\n\t\t\t\t\t\t\t\t\t\t\t\t\t\t\t<div class=\"col-12 col-md-6 col-lg text-start text-md-center\">\n\t\t\t\t\t\t\t\t\t<div class=\"counter-wrapper\">\n\t\t\t\t\t\t\t\t\t\t<p class=\"counter-content\"><span class=\"counter\" data-number=\"2000\">0<\/span>+<\/p>\n\t\t\t\t\t\t\t\t\t\t<p class=\"counter-subcontent\">Corridors commerciaux exploit\u00e9s<\/p>\n\t\t\t\t\t\t\t\t\t<\/div>\n\t\t\t\t\t\t\t\t<\/div>\n\t\t\t\t\t\t\t\t\t\t\t\t\t<\/div>\n\t\t\t\t\t<\/div>\n\t\t\t\t<\/div>\n\t\t\t<\/div>\n\t\t<\/div>\n\t<\/div>\n<\/section>\n","protected":false},"excerpt":{"rendered":"","protected":false},"author":3,"featured_media":0,"parent":0,"menu_order":0,"comment_status":"closed","ping_status":"closed","template":"","meta":{"_acf_changed":false,"footnotes":""},"class_list":["post-2172","page","type-page","status-publish","hentry"],"acf":[],"yoast_head":"<!-- This site is optimized with the Yoast SEO plugin v27.6 - https:\/\/yoast.com\/product\/yoast-seo-wordpress\/ -->\n<title>Solutions logistiques pour les produits chimiques | KBX<\/title>\n<meta name=\"description\" content=\"Exp\u00e9diez des produits chimiques en toute s\u00e9curit\u00e9 et en conformit\u00e9 avec KBX. Une expertise fret sp\u00e9cialis\u00e9e pour g\u00e9rer les mati\u00e8res dangereuses et sensibles.\" \/>\n<meta name=\"robots\" content=\"index, follow, max-snippet:-1, max-image-preview:large, max-video-preview:-1\" \/>\n<link rel=\"canonical\" href=\"https:\/\/kbx.com\/fr\/produits-chimiques\/\" \/>\n<meta property=\"og:locale\" content=\"fr_FR\" \/>\n<meta property=\"og:type\" content=\"article\" \/>\n<meta property=\"og:title\" content=\"Solutions logistiques pour les produits chimiques | KBX\" \/>\n<meta property=\"og:description\" content=\"Exp\u00e9diez des produits chimiques en toute s\u00e9curit\u00e9 et en conformit\u00e9 avec KBX. Une expertise fret sp\u00e9cialis\u00e9e pour g\u00e9rer les mati\u00e8res dangereuses et sensibles.\" \/>\n<meta property=\"og:url\" content=\"https:\/\/kbx.com\/fr\/produits-chimiques\/\" \/>\n<meta property=\"og:site_name\" content=\"KBX\" \/>\n<meta property=\"article:modified_time\" content=\"2026-05-14T18:51:38+00:00\" \/>\n<meta name=\"twitter:card\" content=\"summary_large_image\" \/>\n<script type=\"application\/ld+json\" class=\"yoast-schema-graph\">{\"@context\":\"https:\\\/\\\/schema.org\",\"@graph\":[{\"@type\":\"WebPage\",\"@id\":\"https:\\\/\\\/kbx.com\\\/fr\\\/produits-chimiques\\\/\",\"url\":\"https:\\\/\\\/kbx.com\\\/fr\\\/produits-chimiques\\\/\",\"name\":\"Solutions logistiques pour les produits chimiques | KBX\",\"isPartOf\":{\"@id\":\"https:\\\/\\\/kbx.com\\\/fr\\\/#website\"},\"datePublished\":\"2025-08-26T05:20:20+00:00\",\"dateModified\":\"2026-05-14T18:51:38+00:00\",\"description\":\"Exp\u00e9diez des produits chimiques en toute s\u00e9curit\u00e9 et en conformit\u00e9 avec KBX. Une expertise fret sp\u00e9cialis\u00e9e pour g\u00e9rer les mati\u00e8res dangereuses et sensibles.\",\"breadcrumb\":{\"@id\":\"https:\\\/\\\/kbx.com\\\/fr\\\/produits-chimiques\\\/#breadcrumb\"},\"inLanguage\":\"fr-FR\",\"potentialAction\":[{\"@type\":\"ReadAction\",\"target\":[\"https:\\\/\\\/kbx.com\\\/fr\\\/produits-chimiques\\\/\"]}]},{\"@type\":\"BreadcrumbList\",\"@id\":\"https:\\\/\\\/kbx.com\\\/fr\\\/produits-chimiques\\\/#breadcrumb\",\"itemListElement\":[{\"@type\":\"ListItem\",\"position\":1,\"name\":\"Home\",\"item\":\"https:\\\/\\\/kbx.com\\\/fr\\\/accueil\\\/\"},{\"@type\":\"ListItem\",\"position\":2,\"name\":\"Produits chimiques\"}]},{\"@type\":\"WebSite\",\"@id\":\"https:\\\/\\\/kbx.com\\\/fr\\\/#website\",\"url\":\"https:\\\/\\\/kbx.com\\\/fr\\\/\",\"name\":\"KBX\",\"description\":\"\",\"potentialAction\":[{\"@type\":\"SearchAction\",\"target\":{\"@type\":\"EntryPoint\",\"urlTemplate\":\"https:\\\/\\\/kbx.com\\\/fr\\\/?s={search_term_string}\"},\"query-input\":{\"@type\":\"PropertyValueSpecification\",\"valueRequired\":true,\"valueName\":\"search_term_string\"}}],\"inLanguage\":\"fr-FR\"}]}<\/script>\n<!-- \/ Yoast SEO plugin. -->","yoast_head_json":{"title":"Solutions logistiques pour les produits chimiques | KBX","description":"Exp\u00e9diez des produits chimiques en toute s\u00e9curit\u00e9 et en conformit\u00e9 avec KBX. Une expertise fret sp\u00e9cialis\u00e9e pour g\u00e9rer les mati\u00e8res dangereuses et sensibles.","robots":{"index":"index","follow":"follow","max-snippet":"max-snippet:-1","max-image-preview":"max-image-preview:large","max-video-preview":"max-video-preview:-1"},"canonical":"https:\/\/kbx.com\/fr\/produits-chimiques\/","og_locale":"fr_FR","og_type":"article","og_title":"Solutions logistiques pour les produits chimiques | KBX","og_description":"Exp\u00e9diez des produits chimiques en toute s\u00e9curit\u00e9 et en conformit\u00e9 avec KBX. Une expertise fret sp\u00e9cialis\u00e9e pour g\u00e9rer les mati\u00e8res dangereuses et sensibles.","og_url":"https:\/\/kbx.com\/fr\/produits-chimiques\/","og_site_name":"KBX","article_modified_time":"2026-05-14T18:51:38+00:00","twitter_card":"summary_large_image","schema":{"@context":"https:\/\/schema.org","@graph":[{"@type":"WebPage","@id":"https:\/\/kbx.com\/fr\/produits-chimiques\/","url":"https:\/\/kbx.com\/fr\/produits-chimiques\/","name":"Solutions logistiques pour les produits chimiques | KBX","isPartOf":{"@id":"https:\/\/kbx.com\/fr\/#website"},"datePublished":"2025-08-26T05:20:20+00:00","dateModified":"2026-05-14T18:51:38+00:00","description":"Exp\u00e9diez des produits chimiques en toute s\u00e9curit\u00e9 et en conformit\u00e9 avec KBX. Une expertise fret sp\u00e9cialis\u00e9e pour g\u00e9rer les mati\u00e8res dangereuses et sensibles.","breadcrumb":{"@id":"https:\/\/kbx.com\/fr\/produits-chimiques\/#breadcrumb"},"inLanguage":"fr-FR","potentialAction":[{"@type":"ReadAction","target":["https:\/\/kbx.com\/fr\/produits-chimiques\/"]}]},{"@type":"BreadcrumbList","@id":"https:\/\/kbx.com\/fr\/produits-chimiques\/#breadcrumb","itemListElement":[{"@type":"ListItem","position":1,"name":"Home","item":"https:\/\/kbx.com\/fr\/accueil\/"},{"@type":"ListItem","position":2,"name":"Produits chimiques"}]},{"@type":"WebSite","@id":"https:\/\/kbx.com\/fr\/#website","url":"https:\/\/kbx.com\/fr\/","name":"KBX","description":"","potentialAction":[{"@type":"SearchAction","target":{"@type":"EntryPoint","urlTemplate":"https:\/\/kbx.com\/fr\/?s={search_term_string}"},"query-input":{"@type":"PropertyValueSpecification","valueRequired":true,"valueName":"search_term_string"}}],"inLanguage":"fr-FR"}]}},"_links":{"self":[{"href":"https:\/\/kbx.com\/fr\/wp-json\/wp\/v2\/pages\/2172","targetHints":{"allow":["GET"]}}],"collection":[{"href":"https:\/\/kbx.com\/fr\/wp-json\/wp\/v2\/pages"}],"about":[{"href":"https:\/\/kbx.com\/fr\/wp-json\/wp\/v2\/types\/page"}],"author":[{"embeddable":true,"href":"https:\/\/kbx.com\/fr\/wp-json\/wp\/v2\/users\/3"}],"replies":[{"embeddable":true,"href":"https:\/\/kbx.com\/fr\/wp-json\/wp\/v2\/comments?post=2172"}],"version-history":[{"count":3,"href":"https:\/\/kbx.com\/fr\/wp-json\/wp\/v2\/pages\/2172\/revisions"}],"predecessor-version":[{"id":2339,"href":"https:\/\/kbx.com\/fr\/wp-json\/wp\/v2\/pages\/2172\/revisions\/2339"}],"wp:attachment":[{"href":"https:\/\/kbx.com\/fr\/wp-json\/wp\/v2\/media?parent=2172"}],"curies":[{"name":"wp","href":"https:\/\/api.w.org\/{rel}","templated":true}]}}