{"id":2165,"date":"2025-08-25T23:20:02","date_gmt":"2025-08-26T05:20:02","guid":{"rendered":"https:\/\/kbx.com\/services-dactifs\/"},"modified":"2026-05-14T12:02:07","modified_gmt":"2026-05-14T18:02:07","slug":"services-dactifs","status":"publish","type":"page","link":"https:\/\/kbx.com\/fr\/services-dactifs\/","title":{"rendered":"Services d&rsquo;actifs"},"content":{"rendered":"\n\n\n<section class=\"component c-content-grid\" role=\"region\" aria-roledescription=\"Content Grid\" aria-label=\"Content Grid\" >\n\t<div\n\t\tclass=\"spacing-outside-default\">\n\t\t\t\t<div\n\t\t\tclass=\"spacing-inside-default \">\n\t\t\t\t\t\t<div class=\"custom-wrapper\">\n\t\t\t\t<div class=\"container\">\n\t\t\t\t\t<div class=\"row\">\n\t\t\t\t\t\t<div class=\"col-12\">\n\t\t\t\t\t\t\t\t\t\t\t\t\t\t\t<h2>\n\t\t\t\t\t\t\t\t\t<span>Gestion compl\u00e8te du cycle de vie des actifs<\/span>\n\t\t\t\t\t\t\t\t<\/h2>\n\t\t\t\t\t\t\t\t\t\t\t\t\t<\/div>\n\t\t\t\t\t<\/div>\n\t\t\t\t\t<div class=\"row justify-content-center\">\n\t\t\t\t\t\t<div class=\"col-12\">\n\t\t\t\t\t\t\t\t\t\t\t\t\t\t\t\t\t\t\t\t\t\t\t\t\t\t\t\t\t\t\t\t\t\t\t\t\t\t\t\t\t\t\t\t\t\t\t\t\t\t\t\t\t\t\t\t\t\t\t\t\t\t\t\t\t\t\t<div class=\"cards-container\">\n\t\t\t\t\t\t\t\t\t\t\t\t\t\t\t\t\t<div class=\"card-row column-3\">\n\t\t\t\t\t\t\t\t\t\t\t\t\t\t\t\t\t\n\t\t\t\t\t\t\t\t\t\t\t\t\t\t\t\t\t\t\t\t\t\t\n\n\t\t\t\t\t\t\t\t\t\t\t\n\t\t\t\t\t\t\t\t\t\t\t\n\t\t\t\t\t\t\t\t\t\t\t\n\t\t\t\t\t\t\t\t\t\t\t<div class=\"card-item\" >\n\t\t\t\t\t\t\t\t\t\t\t\t<div class=\"heading-container\">\n\t\t\t\t\t\t\t\t\t\t\t\t\t<p class=\"heading\">Approvisionnement<\/p>\n\t\t\t\t\t\t\t\t\t\t\t\t\t\t\t\t\t\t\t\t\t\t\t\t\t<\/div>\n\t\t\t\t\t\t\t\t\t\t\t\t<div class=\"content\"><p>Procurez-vous des actifs de transport par l&rsquo;achat, la location ou la cession, soutenu par notre pouvoir d&rsquo;achat et notre r\u00e9seau de fournisseurs.<\/p>\n<\/div>\n\t\t\t\t\t\t\t\t\t\t\t<\/div>\n\t\t\t\t\t\t\t\t\t\t\t\t\t\t\t\t\t\n\t\t\t\t\t\t\t\t\t\t\t\t\t\t\t\t\t\t\t\t\t\t\n\n\t\t\t\t\t\t\t\t\t\t\t\n\t\t\t\t\t\t\t\t\t\t\t\n\t\t\t\t\t\t\t\t\t\t\t\n\t\t\t\t\t\t\t\t\t\t\t<div class=\"card-item\" >\n\t\t\t\t\t\t\t\t\t\t\t\t<div class=\"heading-container\">\n\t\t\t\t\t\t\t\t\t\t\t\t\t<p class=\"heading\">Maintenance<\/p>\n\t\t\t\t\t\t\t\t\t\t\t\t\t\t\t\t\t\t\t\t\t\t\t\t\t<\/div>\n\t\t\t\t\t\t\t\t\t\t\t\t<div class=\"content\"><p>Programmes de maintenance proactifs et bas\u00e9s sur les donn\u00e9es, avec des fournisseurs nationaux et des services de r\u00e9paration mobiles pour r\u00e9duire les temps d&rsquo;arr\u00eat et les co\u00fbts.<\/p>\n<\/div>\n\t\t\t\t\t\t\t\t\t\t\t<\/div>\n\t\t\t\t\t\t\t\t\t\t\t\t\t\t\t\t\t\n\t\t\t\t\t\t\t\t\t\t\t\t\t\t\t\t\t\t\t\t\t\t\n\n\t\t\t\t\t\t\t\t\t\t\t\n\t\t\t\t\t\t\t\t\t\t\t\n\t\t\t\t\t\t\t\t\t\t\t\n\t\t\t\t\t\t\t\t\t\t\t<div class=\"card-item\" >\n\t\t\t\t\t\t\t\t\t\t\t\t<div class=\"heading-container\">\n\t\t\t\t\t\t\t\t\t\t\t\t\t<p class=\"heading\">Gestion de portefeuilleGestion de portefeuille<\/p>\n\t\t\t\t\t\t\t\t\t\t\t\t\t\t\t\t\t\t\t\t\t\t\t\t\t<\/div>\n\t\t\t\t\t\t\t\t\t\t\t\t<div class=\"content\"><p>Contrats, locations, facturations et suivi des actifs centralis\u00e9s avec des informations en temps r\u00e9el depuis notre plateforme de gestion des actifs de transport (TAM).<\/p>\n<\/div>\n\t\t\t\t\t\t\t\t\t\t\t<\/div>\n\t\t\t\t\t\t\t\t\t\t\t\t\t\t\t\t\t\t\t<\/div>\n\t\t\t\t\t\t\t\t\t\t\t\t\t\t\t\t\t<div class=\"card-row column-3\">\n\t\t\t\t\t\t\t\t\t\t\t\t\t\t\t\t\t\n\t\t\t\t\t\t\t\t\t\t\t\t\t\t\t\t\t\t\t\t\t\t\n\n\t\t\t\t\t\t\t\t\t\t\t\n\t\t\t\t\t\t\t\t\t\t\t\n\t\t\t\t\t\t\t\t\t\t\t\n\t\t\t\t\t\t\t\t\t\t\t<div class=\"card-item\" >\n\t\t\t\t\t\t\t\t\t\t\t\t<div class=\"heading-container\">\n\t\t\t\t\t\t\t\t\t\t\t\t\t<p class=\"heading\">Services sur site<\/p>\n\t\t\t\t\t\t\t\t\t\t\t\t\t\t\t\t\t\t\t\t\t\t\t\t\t<\/div>\n\t\t\t\t\t\t\t\t\t\t\t\t<div class=\"content\"><p>Inspections sur site coordonn\u00e9es avec les usines, les ateliers et les d\u00e9p\u00f4ts, avec des techniciens experts garantissant la s\u00e9curit\u00e9 de la flotte et des performances fiables.<\/p>\n<\/div>\n\t\t\t\t\t\t\t\t\t\t\t<\/div>\n\t\t\t\t\t\t\t\t\t\t\t\t\t\t\t\t\t\n\t\t\t\t\t\t\t\t\t\t\t\t\t\t\t\t\t\t\t\t\t\t\n\n\t\t\t\t\t\t\t\t\t\t\t\n\t\t\t\t\t\t\t\t\t\t\t\n\t\t\t\t\t\t\t\t\t\t\t\n\t\t\t\t\t\t\t\t\t\t\t<div class=\"card-item\" >\n\t\t\t\t\t\t\t\t\t\t\t\t<div class=\"heading-container\">\n\t\t\t\t\t\t\t\t\t\t\t\t\t<p class=\"heading\">Conformit\u00e9<\/p>\n\t\t\t\t\t\t\t\t\t\t\t\t\t\t\t\t\t\t\t\t\t\t\t\t\t<\/div>\n\t\t\t\t\t\t\t\t\t\t\t\t<div class=\"content\"><p>Formation, surveillance et gestion des dossiers qui maintiennent votre flotte conforme et pr\u00eate pour les audits.<\/p>\n<\/div>\n\t\t\t\t\t\t\t\t\t\t\t<\/div>\n\t\t\t\t\t\t\t\t\t\t\t\t\t\t\t\t\t\t\t<\/div>\n\t\t\t\t\t\t\t\t\t\t\t\t\t\t\t<\/div>\n\t\t\t\t\t\t<\/div>\n\t\t\t\t\t<\/div>\n\t\t\t\t\t\n\t\t\t\t<\/div>\n\t\t\t<\/div>\n\t\t<\/div>\n\t<\/div>\n<\/section>\n\n\n\n<section class=\"component c-counter\" role=\"region\" aria-roledescription=\"Counter\" aria-label=\"Counter\" >\n\t<div class=\"spacing-outside-default\">\n\t\t<div class=\"spacing-inside-default\">\n\t\t\t<div class=\"container\">\n\t\t\t\t<div class=\"row\">\n\t\t\t\t\t\t\t\t\t\t<div class=\"col-12\">\n\t\t\t\t\t\t<div class=\"counter-container row justify-content-md-center\">\n\t\t\t\t\t\t\t\t\t\t\t\t\t\t\t<div class=\"col-12 col-md-6 col-lg text-start text-md-center\">\n\t\t\t\t\t\t\t\t\t<div class=\"counter-wrapper\">\n\t\t\t\t\t\t\t\t\t\t<p class=\"counter-content\"><span class=\"counter\" data-number=\"17000\">0<\/span>+<\/p>\n\t\t\t\t\t\t\t\t\t\t<p class=\"counter-subcontent\">Wagons<\/p>\n\t\t\t\t\t\t\t\t\t<\/div>\n\t\t\t\t\t\t\t\t<\/div>\n\t\t\t\t\t\t\t\t\t\t\t\t\t\t\t<div class=\"col-12 col-md-6 col-lg text-start text-md-center\">\n\t\t\t\t\t\t\t\t\t<div class=\"counter-wrapper\">\n\t\t\t\t\t\t\t\t\t\t<p class=\"counter-content\"><span class=\"counter\" data-number=\"1500\">0<\/span>+<\/p>\n\t\t\t\t\t\t\t\t\t\t<p class=\"counter-subcontent\">Remorques de camion<\/p>\n\t\t\t\t\t\t\t\t\t<\/div>\n\t\t\t\t\t\t\t\t<\/div>\n\t\t\t\t\t\t\t\t\t\t\t\t\t\t\t<div class=\"col-12 col-md-6 col-lg text-start text-md-center\">\n\t\t\t\t\t\t\t\t\t<div class=\"counter-wrapper\">\n\t\t\t\t\t\t\t\t\t\t<p class=\"counter-content\"><span class=\"counter\" data-number=\"1600\">0<\/span>+<\/p>\n\t\t\t\t\t\t\t\t\t\t<p class=\"counter-subcontent\">Ch\u00e2ssis<\/p>\n\t\t\t\t\t\t\t\t\t<\/div>\n\t\t\t\t\t\t\t\t<\/div>\n\t\t\t\t\t\t\t\t\t\t\t\t\t<\/div>\n\t\t\t\t\t<\/div>\n\t\t\t\t<\/div>\n\t\t\t<\/div>\n\t\t<\/div>\n\t<\/div>\n<\/section>\n\n\n\n\n<section class=\"component c-content-media\" role=\"region\" aria-roledescription=\"Content and Media\" aria-label=\"Content and Media\" >\n    <div class=\"spacing-outside-wide\">\n        <div class=\"spacing-inside-none\">\n            <div class=\"container\">\n                <div class=\"row justify-content-center\">\n                                                                    \n                        <div class=\"col-12 col-md-5 order-md-1\">\n                            <div class=\"content-container\">\n                                <div class=\"row \">\n\t<div class=\"col-12  block-heading\">\n\t<h2 class=\"text-start\">\n\t\t\t        <span>Approvisionnement en \u00e9quipements sp\u00e9cialis\u00e9s<\/span>\n    \n  \t<\/h2>\n  <\/div>\n<\/div>\n<div class=\"row  block-heading-content\">\n\t<div class=\"col-12\"><p>Obtenez l&rsquo;\u00e9quipement sp\u00e9cialis\u00e9 dont votre exploitation a besoin, ainsi qu&rsquo;un soutien \u00e0 l&rsquo;approvisionnement, des conseils sur l&rsquo;achat ou la location, et l&rsquo;influence n\u00e9cessaire pour s\u00e9curiser des actifs difficiles \u00e0 trouver.<\/p>\n<ul>\n<li>Locomotives<\/li>\n<li>Remorques de transport lourd<\/li>\n<li>Shuttlewagons<\/li>\n<li>Wagons sp\u00e9cialis\u00e9s (wagons-citernes, wagons plats, tr\u00e9mies, wagons couverts, gondoles)<\/li>\n<li>Remorques multi-essieux (surbaiss\u00e9es, coulissantes\/extensibles)<\/li>\n<li>\u00c9quipements configur\u00e9s sur mesure pour des besoins uniques<\/li>\n<\/ul>\n<\/div>\n<\/div>\n\n                                \n      \n  <div class=\"c-button text-center text-md-start\"  >\n    <a href=\"https:\/\/kbx.com\/fr\/contactez-nous\/\" class=\"btn  btn-fill btn-dk-blue\" >\n        <span>Nous contacter<\/span>\n\n                    <span class=\"icon\">\n                <svg>\n                    <use href=\"#icon-arrow\"><\/use>\n                <\/svg>\n            <\/span>\n            <\/a>\n  <\/div>\n\n\n\n                            <\/div>\n                        <\/div>\n                    \n                    <div class=\"col-12 col-md-5\">\n                                                    <div class=\"media-container img-container text-lg-start single-img\">\n                                                                \n                                <img decoding=\"async\" src=\"https:\/\/kbx.com\/wp-content\/uploads\/2025\/10\/2025_KBX-Asset-Services.jpg\" srcset=\"https:\/\/kbx.com\/wp-content\/uploads\/2025\/10\/2025_KBX-Asset-Services.jpg 511w, https:\/\/kbx.com\/wp-content\/uploads\/2025\/10\/2025_KBX-Asset-Services-280x300.jpg 280w\"\n                                     sizes=\"auto, (max-width: 511px) 100vw, 511px\" width=\"511\"\n                                     height=\"548\" class=\"primary-img no-scale\"\n                                     alt=\"Asset Services truck with specialty equipment\" loading=\"lazy\"  role=\"presentation\">\n                            <\/div>\n                                            <\/div>\n                <\/div>\n            <\/div>\n        <\/div>\n    <\/div>\n\n            \n                                        \n        <img decoding=\"async\" src=\"https:\/\/kbx.com\/wp-content\/themes\/zionandzion\/assets\/production\/images\/global-globe-2-left.png\" alt=\"\" role=\"presentation\" class=\"d-none d-md-block  globe left\" loading=\"lazy\" width=\"460\" height=\"547\"\/>\n    \n<\/section>\n","protected":false},"excerpt":{"rendered":"","protected":false},"author":3,"featured_media":0,"parent":0,"menu_order":0,"comment_status":"closed","ping_status":"closed","template":"","meta":{"_acf_changed":false,"footnotes":""},"class_list":["post-2165","page","type-page","status-publish","hentry"],"acf":[],"yoast_head":"<!-- This site is optimized with the Yoast SEO plugin v27.6 - https:\/\/yoast.com\/product\/yoast-seo-wordpress\/ -->\n<title>Services d&#039;actifs | KBX<\/title>\n<meta name=\"description\" content=\"Optimisez la fiabilit\u00e9 gr\u00e2ce aux services d&#039;actifs de KBX : approvisionnement, maintenance, conformit\u00e9 et gestion du cycle de vie qui r\u00e9duisent les temps d&#039;arr\u00eat et les co\u00fbts.\" \/>\n<meta name=\"robots\" content=\"index, follow, max-snippet:-1, max-image-preview:large, max-video-preview:-1\" \/>\n<link rel=\"canonical\" href=\"https:\/\/kbx.com\/fr\/services-dactifs\/\" \/>\n<meta property=\"og:locale\" content=\"fr_FR\" \/>\n<meta property=\"og:type\" content=\"article\" \/>\n<meta property=\"og:title\" content=\"Services d&#039;actifs | KBX\" \/>\n<meta property=\"og:description\" content=\"Optimisez la fiabilit\u00e9 gr\u00e2ce aux services d&#039;actifs de KBX : approvisionnement, maintenance, conformit\u00e9 et gestion du cycle de vie qui r\u00e9duisent les temps d&#039;arr\u00eat et les co\u00fbts.\" \/>\n<meta property=\"og:url\" content=\"https:\/\/kbx.com\/fr\/services-dactifs\/\" \/>\n<meta property=\"og:site_name\" content=\"KBX\" \/>\n<meta property=\"article:modified_time\" content=\"2026-05-14T18:02:07+00:00\" \/>\n<meta name=\"twitter:card\" content=\"summary_large_image\" \/>\n<script type=\"application\/ld+json\" class=\"yoast-schema-graph\">{\"@context\":\"https:\\\/\\\/schema.org\",\"@graph\":[{\"@type\":\"WebPage\",\"@id\":\"https:\\\/\\\/kbx.com\\\/fr\\\/services-dactifs\\\/\",\"url\":\"https:\\\/\\\/kbx.com\\\/fr\\\/services-dactifs\\\/\",\"name\":\"Services d'actifs | KBX\",\"isPartOf\":{\"@id\":\"https:\\\/\\\/kbx.com\\\/fr\\\/#website\"},\"datePublished\":\"2025-08-26T05:20:02+00:00\",\"dateModified\":\"2026-05-14T18:02:07+00:00\",\"description\":\"Optimisez la fiabilit\u00e9 gr\u00e2ce aux services d'actifs de KBX : approvisionnement, maintenance, conformit\u00e9 et gestion du cycle de vie qui r\u00e9duisent les temps d'arr\u00eat et les co\u00fbts.\",\"breadcrumb\":{\"@id\":\"https:\\\/\\\/kbx.com\\\/fr\\\/services-dactifs\\\/#breadcrumb\"},\"inLanguage\":\"fr-FR\",\"potentialAction\":[{\"@type\":\"ReadAction\",\"target\":[\"https:\\\/\\\/kbx.com\\\/fr\\\/services-dactifs\\\/\"]}]},{\"@type\":\"BreadcrumbList\",\"@id\":\"https:\\\/\\\/kbx.com\\\/fr\\\/services-dactifs\\\/#breadcrumb\",\"itemListElement\":[{\"@type\":\"ListItem\",\"position\":1,\"name\":\"Home\",\"item\":\"https:\\\/\\\/kbx.com\\\/fr\\\/accueil\\\/\"},{\"@type\":\"ListItem\",\"position\":2,\"name\":\"Services d&#8217;actifs\"}]},{\"@type\":\"WebSite\",\"@id\":\"https:\\\/\\\/kbx.com\\\/fr\\\/#website\",\"url\":\"https:\\\/\\\/kbx.com\\\/fr\\\/\",\"name\":\"KBX\",\"description\":\"\",\"potentialAction\":[{\"@type\":\"SearchAction\",\"target\":{\"@type\":\"EntryPoint\",\"urlTemplate\":\"https:\\\/\\\/kbx.com\\\/fr\\\/?s={search_term_string}\"},\"query-input\":{\"@type\":\"PropertyValueSpecification\",\"valueRequired\":true,\"valueName\":\"search_term_string\"}}],\"inLanguage\":\"fr-FR\"}]}<\/script>\n<!-- \/ Yoast SEO plugin. -->","yoast_head_json":{"title":"Services d'actifs | KBX","description":"Optimisez la fiabilit\u00e9 gr\u00e2ce aux services d'actifs de KBX : approvisionnement, maintenance, conformit\u00e9 et gestion du cycle de vie qui r\u00e9duisent les temps d'arr\u00eat et les co\u00fbts.","robots":{"index":"index","follow":"follow","max-snippet":"max-snippet:-1","max-image-preview":"max-image-preview:large","max-video-preview":"max-video-preview:-1"},"canonical":"https:\/\/kbx.com\/fr\/services-dactifs\/","og_locale":"fr_FR","og_type":"article","og_title":"Services d'actifs | KBX","og_description":"Optimisez la fiabilit\u00e9 gr\u00e2ce aux services d'actifs de KBX : approvisionnement, maintenance, conformit\u00e9 et gestion du cycle de vie qui r\u00e9duisent les temps d'arr\u00eat et les co\u00fbts.","og_url":"https:\/\/kbx.com\/fr\/services-dactifs\/","og_site_name":"KBX","article_modified_time":"2026-05-14T18:02:07+00:00","twitter_card":"summary_large_image","schema":{"@context":"https:\/\/schema.org","@graph":[{"@type":"WebPage","@id":"https:\/\/kbx.com\/fr\/services-dactifs\/","url":"https:\/\/kbx.com\/fr\/services-dactifs\/","name":"Services d'actifs | KBX","isPartOf":{"@id":"https:\/\/kbx.com\/fr\/#website"},"datePublished":"2025-08-26T05:20:02+00:00","dateModified":"2026-05-14T18:02:07+00:00","description":"Optimisez la fiabilit\u00e9 gr\u00e2ce aux services d'actifs de KBX : approvisionnement, maintenance, conformit\u00e9 et gestion du cycle de vie qui r\u00e9duisent les temps d'arr\u00eat et les co\u00fbts.","breadcrumb":{"@id":"https:\/\/kbx.com\/fr\/services-dactifs\/#breadcrumb"},"inLanguage":"fr-FR","potentialAction":[{"@type":"ReadAction","target":["https:\/\/kbx.com\/fr\/services-dactifs\/"]}]},{"@type":"BreadcrumbList","@id":"https:\/\/kbx.com\/fr\/services-dactifs\/#breadcrumb","itemListElement":[{"@type":"ListItem","position":1,"name":"Home","item":"https:\/\/kbx.com\/fr\/accueil\/"},{"@type":"ListItem","position":2,"name":"Services d&#8217;actifs"}]},{"@type":"WebSite","@id":"https:\/\/kbx.com\/fr\/#website","url":"https:\/\/kbx.com\/fr\/","name":"KBX","description":"","potentialAction":[{"@type":"SearchAction","target":{"@type":"EntryPoint","urlTemplate":"https:\/\/kbx.com\/fr\/?s={search_term_string}"},"query-input":{"@type":"PropertyValueSpecification","valueRequired":true,"valueName":"search_term_string"}}],"inLanguage":"fr-FR"}]}},"_links":{"self":[{"href":"https:\/\/kbx.com\/fr\/wp-json\/wp\/v2\/pages\/2165","targetHints":{"allow":["GET"]}}],"collection":[{"href":"https:\/\/kbx.com\/fr\/wp-json\/wp\/v2\/pages"}],"about":[{"href":"https:\/\/kbx.com\/fr\/wp-json\/wp\/v2\/types\/page"}],"author":[{"embeddable":true,"href":"https:\/\/kbx.com\/fr\/wp-json\/wp\/v2\/users\/3"}],"replies":[{"embeddable":true,"href":"https:\/\/kbx.com\/fr\/wp-json\/wp\/v2\/comments?post=2165"}],"version-history":[{"count":3,"href":"https:\/\/kbx.com\/fr\/wp-json\/wp\/v2\/pages\/2165\/revisions"}],"predecessor-version":[{"id":2329,"href":"https:\/\/kbx.com\/fr\/wp-json\/wp\/v2\/pages\/2165\/revisions\/2329"}],"wp:attachment":[{"href":"https:\/\/kbx.com\/fr\/wp-json\/wp\/v2\/media?parent=2165"}],"curies":[{"name":"wp","href":"https:\/\/api.w.org\/{rel}","templated":true}]}}