{"id":2142,"date":"2025-08-25T20:01:21","date_gmt":"2025-08-26T02:01:21","guid":{"rendered":"https:\/\/kbx.com\/politique-de-confidentialite\/"},"modified":"2026-05-13T06:20:18","modified_gmt":"2026-05-13T12:20:18","slug":"politique-de-confidentialite","status":"publish","type":"page","link":"https:\/\/kbx.com\/fr\/politique-de-confidentialite\/","title":{"rendered":"Politique de confidentialit\u00e9"},"content":{"rendered":"\n<h2 class=\"wp-block-heading\">Qui sommes-nous<\/h2>\n\n<p><strong class=\"privacy-policy-tutorial\">Texte sugg\u00e9r\u00e9 : <\/strong>L\u2019adresse de notre site web est : https:\/\/kbx.com.<\/p>\n\n<h2 class=\"wp-block-heading\">Commentaires<\/h2>\n\n<p><strong class=\"privacy-policy-tutorial\">Texte sugg\u00e9r\u00e9 : <\/strong>Lorsque les visiteurs laissent des commentaires sur le site, nous collectons les donn\u00e9es indiqu\u00e9es dans le formulaire de commentaire, ainsi que l\u2019adresse IP du visiteur et la cha\u00eene de l\u2019agent utilisateur du navigateur afin d\u2019aider \u00e0 la d\u00e9tection des ind\u00e9sirables.<\/p>\n\n<p>Une cha\u00eene anonymis\u00e9e cr\u00e9\u00e9e \u00e0 partir de votre adresse e-mail (\u00e9galement appel\u00e9e hachage) peut \u00eatre fournie au service Gravatar afin de v\u00e9rifier si vous l\u2019utilisez. La politique de confidentialit\u00e9 du service Gravatar est disponible ici : https:\/\/automattic.com\/privacy\/. Apr\u00e8s approbation de votre commentaire, votre photo de profil est visible du public dans le contexte de votre commentaire.<\/p>\n\n<h2 class=\"wp-block-heading\">M\u00e9dias<\/h2>\n\n<p><strong class=\"privacy-policy-tutorial\">Texte sugg\u00e9r\u00e9 : <\/strong>Si vous t\u00e9l\u00e9versez des images sur le site web, vous devriez \u00e9viter de t\u00e9l\u00e9verser des images contenant des donn\u00e9es de localisation int\u00e9gr\u00e9es (EXIF GPS). Les visiteurs du site web peuvent t\u00e9l\u00e9charger et extraire toutes les donn\u00e9es de localisation des images pr\u00e9sentes sur le site web.<\/p>\n\n<h2 class=\"wp-block-heading\">Cookies<\/h2>\n\n<p><strong class=\"privacy-policy-tutorial\">Texte sugg\u00e9r\u00e9 : <\/strong>Si vous laissez un commentaire sur notre site, vous pouvez choisir d\u2019enregistrer votre nom, votre adresse e-mail et votre site web dans des cookies. Ceci est pour votre confort afin que vous n\u2019ayez pas \u00e0 ressaisir vos informations lorsque vous laissez un autre commentaire. Ces cookies expirent au bout d\u2019un an.<\/p>\n\n<p>Si vous visitez notre page de connexion, nous d\u00e9finirons un cookie temporaire afin de d\u00e9terminer si votre navigateur accepte les cookies. Ce cookie ne contient aucune donn\u00e9e personnelle et est supprim\u00e9 lorsque vous fermez votre navigateur.<\/p>\n\n<p>Lorsque vous vous connectez, nous mettons \u00e9galement en place plusieurs cookies pour enregistrer vos informations de connexion et vos pr\u00e9f\u00e9rences d\u2019affichage \u00e0 l\u2019\u00e9cran. Les cookies de connexion expirent au bout de deux jours, et les cookies des options d\u2019\u00e9cran au bout d\u2019un an. Si vous s\u00e9lectionnez \u00ab Se souvenir de moi \u00bb, votre connexion restera active pendant deux semaines. Si vous vous d\u00e9connectez de votre compte, les cookies de connexion seront supprim\u00e9s.<\/p>\n\n<p>Si vous modifiez ou publiez un article, un cookie suppl\u00e9mentaire sera enregistr\u00e9 dans votre navigateur. Ce cookie ne contient aucune donn\u00e9e personnelle et indique simplement l\u2019ID de l\u2019article que vous venez de modifier. Il expire au bout d\u2019un jour.<\/p>\n\n<h2 class=\"wp-block-heading\">Contenu int\u00e9gr\u00e9 provenant d\u2019autres sites web<\/h2>\n\n<p><strong class=\"privacy-policy-tutorial\">Texte sugg\u00e9r\u00e9 : <\/strong>Les articles de ce site peuvent inclure du contenu int\u00e9gr\u00e9 (p. ex. des vid\u00e9os, des images, des articles, etc.). Le contenu int\u00e9gr\u00e9 provenant d\u2019autres sites web se comporte exactement de la m\u00eame mani\u00e8re que si le visiteur avait visit\u00e9 cet autre site web.<\/p>\n\n<p>Ces sites web peuvent collecter des donn\u00e9es vous concernant, utiliser des cookies, int\u00e9grer un suivi tiers suppl\u00e9mentaire et surveiller votre interaction avec ce contenu int\u00e9gr\u00e9, y compris le suivi de votre interaction avec le contenu int\u00e9gr\u00e9 si vous disposez d\u2019un compte et \u00eates connect\u00e9 \u00e0 ce site web.<\/p>\n\n<h2 class=\"wp-block-heading\">Avec qui nous partageons vos donn\u00e9es<\/h2>\n\n<p><strong class=\"privacy-policy-tutorial\">Texte sugg\u00e9r\u00e9 : <\/strong>Si vous demandez une r\u00e9initialisation de mot de passe, votre adresse IP sera incluse dans l\u2019e-mail de r\u00e9initialisation.<\/p>\n\n<h2 class=\"wp-block-heading\">Dur\u00e9e de conservation de vos donn\u00e9es<\/h2>\n\n<p><strong class=\"privacy-policy-tutorial\">Texte sugg\u00e9r\u00e9 : <\/strong>Si vous laissez un commentaire, le commentaire et ses m\u00e9tadonn\u00e9es sont conserv\u00e9s ind\u00e9finiment. Cela nous permet de reconna\u00eetre et d\u2019approuver automatiquement les commentaires de suivi au lieu de les conserver dans une file d\u2019attente de mod\u00e9ration.<\/p>\n\n<p>Pour les utilisateurs qui s\u2019inscrivent sur notre site web (le cas \u00e9ch\u00e9ant), nous stockons \u00e9galement les informations personnelles qu\u2019ils fournissent dans leur profil utilisateur. Tous les utilisateurs peuvent voir, modifier ou supprimer leurs informations personnelles \u00e0 tout moment (sauf qu\u2019ils ne peuvent pas changer leur nom d\u2019utilisateur). Les administrateurs du site web peuvent \u00e9galement voir et modifier ces informations.<\/p>\n\n<h2 class=\"wp-block-heading\">Quels droits vous avez sur vos donn\u00e9es<\/h2>\n\n<p><strong class=\"privacy-policy-tutorial\">Texte sugg\u00e9r\u00e9 : <\/strong>Si vous avez un compte sur ce site, ou si vous avez laiss\u00e9 des commentaires, vous pouvez demander \u00e0 recevoir un fichier export\u00e9 des donn\u00e9es personnelles que nous d\u00e9tenons \u00e0 votre sujet, y compris toutes les donn\u00e9es que vous nous avez fournies. Vous pouvez \u00e9galement demander que nous effacions toutes les donn\u00e9es personnelles que nous d\u00e9tenons \u00e0 votre sujet. Cela n\u2019inclut pas les donn\u00e9es que nous sommes tenus de conserver \u00e0 des fins administratives, l\u00e9gales ou de s\u00e9curit\u00e9.<\/p>\n\n<h2 class=\"wp-block-heading\">O\u00f9 vos donn\u00e9es sont envoy\u00e9es<\/h2>\n\n<p><strong class=\"privacy-policy-tutorial\">Texte sugg\u00e9r\u00e9 : <\/strong>Les commentaires des visiteurs peuvent \u00eatre v\u00e9rifi\u00e9s au moyen d\u2019un service automatis\u00e9 de d\u00e9tection des ind\u00e9sirables.<\/p>\n","protected":false},"excerpt":{"rendered":"<p>Qui sommes-nous Texte sugg\u00e9r\u00e9 : L\u2019adresse de notre site web est : https:\/\/kbx.com. Commentaires Texte sugg\u00e9r\u00e9 : Lorsque les visiteurs laissent des commentaires sur le site, nous collectons les donn\u00e9es indiqu\u00e9es dans le formulaire de commentaire, ainsi que l\u2019adresse IP du visiteur et la cha\u00eene de l\u2019agent utilisateur du navigateur afin d\u2019aider \u00e0 la d\u00e9tection [&hellip;]<\/p>\n","protected":false},"author":2,"featured_media":0,"parent":0,"menu_order":0,"comment_status":"closed","ping_status":"open","template":"","meta":{"_acf_changed":false,"footnotes":""},"class_list":["post-2142","page","type-page","status-publish","hentry"],"acf":[],"yoast_head":"<!-- This site is optimized with the Yoast SEO plugin v27.6 - https:\/\/yoast.com\/product\/yoast-seo-wordpress\/ -->\n<title>Politique de confidentialit\u00e9 - KBX<\/title>\n<meta name=\"robots\" content=\"index, follow, max-snippet:-1, max-image-preview:large, max-video-preview:-1\" \/>\n<link rel=\"canonical\" href=\"https:\/\/kbx.com\/fr\/politique-de-confidentialite\/\" \/>\n<meta property=\"og:locale\" content=\"fr_FR\" \/>\n<meta property=\"og:type\" content=\"article\" \/>\n<meta property=\"og:title\" content=\"Politique de confidentialit\u00e9 - KBX\" \/>\n<meta property=\"og:description\" content=\"Qui sommes-nous Texte sugg\u00e9r\u00e9 : L\u2019adresse de notre site web est : https:\/\/kbx.com. Commentaires Texte sugg\u00e9r\u00e9 : Lorsque les visiteurs laissent des commentaires sur le site, nous collectons les donn\u00e9es indiqu\u00e9es dans le formulaire de commentaire, ainsi que l\u2019adresse IP du visiteur et la cha\u00eene de l\u2019agent utilisateur du navigateur afin d\u2019aider \u00e0 la d\u00e9tection [&hellip;]\" \/>\n<meta property=\"og:url\" content=\"https:\/\/kbx.com\/fr\/politique-de-confidentialite\/\" \/>\n<meta property=\"og:site_name\" content=\"KBX\" \/>\n<meta property=\"article:modified_time\" content=\"2026-05-13T12:20:18+00:00\" \/>\n<meta name=\"twitter:card\" content=\"summary_large_image\" \/>\n<meta name=\"twitter:label1\" content=\"Dur\u00e9e de lecture estim\u00e9e\" \/>\n\t<meta name=\"twitter:data1\" content=\"4 minutes\" \/>\n<script type=\"application\/ld+json\" class=\"yoast-schema-graph\">{\"@context\":\"https:\\\/\\\/schema.org\",\"@graph\":[{\"@type\":\"WebPage\",\"@id\":\"https:\\\/\\\/kbx.com\\\/fr\\\/politique-de-confidentialite\\\/\",\"url\":\"https:\\\/\\\/kbx.com\\\/fr\\\/politique-de-confidentialite\\\/\",\"name\":\"Politique de confidentialit\u00e9 - KBX\",\"isPartOf\":{\"@id\":\"https:\\\/\\\/kbx.com\\\/fr\\\/#website\"},\"datePublished\":\"2025-08-26T02:01:21+00:00\",\"dateModified\":\"2026-05-13T12:20:18+00:00\",\"breadcrumb\":{\"@id\":\"https:\\\/\\\/kbx.com\\\/fr\\\/politique-de-confidentialite\\\/#breadcrumb\"},\"inLanguage\":\"fr-FR\",\"potentialAction\":[{\"@type\":\"ReadAction\",\"target\":[\"https:\\\/\\\/kbx.com\\\/fr\\\/politique-de-confidentialite\\\/\"]}]},{\"@type\":\"BreadcrumbList\",\"@id\":\"https:\\\/\\\/kbx.com\\\/fr\\\/politique-de-confidentialite\\\/#breadcrumb\",\"itemListElement\":[{\"@type\":\"ListItem\",\"position\":1,\"name\":\"Home\",\"item\":\"https:\\\/\\\/kbx.com\\\/fr\\\/accueil\\\/\"},{\"@type\":\"ListItem\",\"position\":2,\"name\":\"Politique de confidentialit\u00e9\"}]},{\"@type\":\"WebSite\",\"@id\":\"https:\\\/\\\/kbx.com\\\/fr\\\/#website\",\"url\":\"https:\\\/\\\/kbx.com\\\/fr\\\/\",\"name\":\"KBX\",\"description\":\"\",\"potentialAction\":[{\"@type\":\"SearchAction\",\"target\":{\"@type\":\"EntryPoint\",\"urlTemplate\":\"https:\\\/\\\/kbx.com\\\/fr\\\/?s={search_term_string}\"},\"query-input\":{\"@type\":\"PropertyValueSpecification\",\"valueRequired\":true,\"valueName\":\"search_term_string\"}}],\"inLanguage\":\"fr-FR\"}]}<\/script>\n<!-- \/ Yoast SEO plugin. -->","yoast_head_json":{"title":"Politique de confidentialit\u00e9 - KBX","robots":{"index":"index","follow":"follow","max-snippet":"max-snippet:-1","max-image-preview":"max-image-preview:large","max-video-preview":"max-video-preview:-1"},"canonical":"https:\/\/kbx.com\/fr\/politique-de-confidentialite\/","og_locale":"fr_FR","og_type":"article","og_title":"Politique de confidentialit\u00e9 - KBX","og_description":"Qui sommes-nous Texte sugg\u00e9r\u00e9 : L\u2019adresse de notre site web est : https:\/\/kbx.com. Commentaires Texte sugg\u00e9r\u00e9 : Lorsque les visiteurs laissent des commentaires sur le site, nous collectons les donn\u00e9es indiqu\u00e9es dans le formulaire de commentaire, ainsi que l\u2019adresse IP du visiteur et la cha\u00eene de l\u2019agent utilisateur du navigateur afin d\u2019aider \u00e0 la d\u00e9tection [&hellip;]","og_url":"https:\/\/kbx.com\/fr\/politique-de-confidentialite\/","og_site_name":"KBX","article_modified_time":"2026-05-13T12:20:18+00:00","twitter_card":"summary_large_image","twitter_misc":{"Dur\u00e9e de lecture estim\u00e9e":"4 minutes"},"schema":{"@context":"https:\/\/schema.org","@graph":[{"@type":"WebPage","@id":"https:\/\/kbx.com\/fr\/politique-de-confidentialite\/","url":"https:\/\/kbx.com\/fr\/politique-de-confidentialite\/","name":"Politique de confidentialit\u00e9 - KBX","isPartOf":{"@id":"https:\/\/kbx.com\/fr\/#website"},"datePublished":"2025-08-26T02:01:21+00:00","dateModified":"2026-05-13T12:20:18+00:00","breadcrumb":{"@id":"https:\/\/kbx.com\/fr\/politique-de-confidentialite\/#breadcrumb"},"inLanguage":"fr-FR","potentialAction":[{"@type":"ReadAction","target":["https:\/\/kbx.com\/fr\/politique-de-confidentialite\/"]}]},{"@type":"BreadcrumbList","@id":"https:\/\/kbx.com\/fr\/politique-de-confidentialite\/#breadcrumb","itemListElement":[{"@type":"ListItem","position":1,"name":"Home","item":"https:\/\/kbx.com\/fr\/accueil\/"},{"@type":"ListItem","position":2,"name":"Politique de confidentialit\u00e9"}]},{"@type":"WebSite","@id":"https:\/\/kbx.com\/fr\/#website","url":"https:\/\/kbx.com\/fr\/","name":"KBX","description":"","potentialAction":[{"@type":"SearchAction","target":{"@type":"EntryPoint","urlTemplate":"https:\/\/kbx.com\/fr\/?s={search_term_string}"},"query-input":{"@type":"PropertyValueSpecification","valueRequired":true,"valueName":"search_term_string"}}],"inLanguage":"fr-FR"}]}},"_links":{"self":[{"href":"https:\/\/kbx.com\/fr\/wp-json\/wp\/v2\/pages\/2142","targetHints":{"allow":["GET"]}}],"collection":[{"href":"https:\/\/kbx.com\/fr\/wp-json\/wp\/v2\/pages"}],"about":[{"href":"https:\/\/kbx.com\/fr\/wp-json\/wp\/v2\/types\/page"}],"author":[{"embeddable":true,"href":"https:\/\/kbx.com\/fr\/wp-json\/wp\/v2\/users\/2"}],"replies":[{"embeddable":true,"href":"https:\/\/kbx.com\/fr\/wp-json\/wp\/v2\/comments?post=2142"}],"version-history":[{"count":2,"href":"https:\/\/kbx.com\/fr\/wp-json\/wp\/v2\/pages\/2142\/revisions"}],"predecessor-version":[{"id":2144,"href":"https:\/\/kbx.com\/fr\/wp-json\/wp\/v2\/pages\/2142\/revisions\/2144"}],"wp:attachment":[{"href":"https:\/\/kbx.com\/fr\/wp-json\/wp\/v2\/media?parent=2142"}],"curies":[{"name":"wp","href":"https:\/\/api.w.org\/{rel}","templated":true}]}}