{"id":2114,"date":"2025-08-25T23:19:37","date_gmt":"2025-08-26T05:19:37","guid":{"rendered":"https:\/\/kbx.com\/technologie-logistique\/"},"modified":"2026-05-13T06:19:38","modified_gmt":"2026-05-13T12:19:38","slug":"technologie-logistique","status":"publish","type":"page","link":"https:\/\/kbx.com\/fr\/technologie-logistique\/","title":{"rendered":"Technologie logistique"},"content":{"rendered":"\n\n\n<section class=\"component c-large-cta\" role=\"region\" aria-roledescription=\"Large CTA\" aria-label=\"Large CTA\" >\n\t<div\n\t\tclass=\"spacing-outside-default\">\n\t\t\t\t<div\n\t\t\tclass=\"spacing-inside-default \">\n\t\t\t\t\t\t<div class=\"custom-wrapper\">\n\t\t\t\t<div class=\"container\">\n\t\t\t\t\t<div class=\"row justify-content-center\">\n\t\t\t\t\t\t<div class=\"col-12 col-lg-10\">\n\t\t\t\t\t\t\t<div class=\"row\">\n\t\t\t\t\t\t\t\t<div class=\"col-12 col-lg-8\">\n\t\t\t\t\t\t\t\t\t<h2>Shipper Designed, <br \/>\r\nProprietary TMS<\/h2>\n\t\t\t\t\t\t\t\t\t<div class=\"description\">\n\t\t\t\t\t\t\t\t\t\t<p>Notre syst\u00e8me de gestion des transports va au-del\u00e0 du suivi des exp\u00e9ditions. Il a \u00e9t\u00e9 con\u00e7u par des exp\u00e9diteurs, pour des exp\u00e9diteurs, afin de vous offrir une plateforme unique qui connecte chaque mode, g\u00e9ographie et point de d\u00e9cision en temps r\u00e9el.<\/p>\n\n\t\t\t\t\t\t\t\t\t<\/div>\n\t\t\t\t\t\t\t\t\t\t\t\t\t\t\t\t\t<\/div>\n\t\t\t\t\t\t\t<\/div>\n\t\t\t\t\t\t<\/div>\n\t\t\t\t\t<\/div>\n\t\t\t\t<\/div>\n\t\t\t<\/div>\n\t\t\t<div class=\"image-wrapper d-flex justify-content-end\">\n\t\t\t\t\t\t\t\t\t\t\t\t<img decoding=\"async\" src=\"https:\/\/kbx.com\/wp-content\/themes\/zionandzion\/assets\/production\/images\/large-cta-glob.png\" class=\"d-none d-lg-block large-cta-globe\" alt=\"\" role=\"presentation\" loading=\"lazy\" width=\"612\" height=\"416\"\/>\n\t\t\t\t<img decoding=\"async\" src=\"https:\/\/kbx.com\/wp-content\/themes\/zionandzion\/assets\/production\/images\/large-cta-glob-mobile.png\" class=\"d-block d-lg-none large-cta-globe\" alt=\"\" role=\"presentation\" loading=\"lazy\" width=\"269\" height=\"116\"\/>\n\t\t\t<\/div>\n\t\t<\/div>\n\t<\/div>\n<\/section>\n\n\n\n\n<section class=\"component c-animated-accordion\" role=\"region\" aria-roledescription=\"Animated Accordion\" aria-label=\"Animated Accordion\" >\n\t<div class=\"spacing-outside-default\">\n\t\t<div class=\"spacing-inside-default\">\n\t\t\t<div class=\"container\">\n\t\t\t\t<div class=\"row\">\n\t\t\t\t\t<div class=\"col-12\">\n\t\t\t\t\t\t<h2 class=\"title\">Fonctionnalit\u00e9s innovantes<\/h2>\n\t\t\t\t\t<\/div>\n\t\t\t\t<\/div>\n\t\t\t\t<div class=\"row align-items-md-center\">\n\t\t\t\t\t<div class=\"col-12 col-md-6\">\n\t\t\t\t\t\t<div class=\"accordions\">\n\t\t\t\t\t\t\t\t\t\t\t\t\t\t\t<div id=\"content-1\" class=\"accordion\">\n\t\t\t\t\t\t\t\t\t<button id=\"tab-title-1\" class=\"accordion-toggler\" aria-controls=\"accordion-content-1\"  aria-expanded=\"true\">\n\t\t\t\t\t\t\t\t\t\t<div class=\"accordion-title\">KBX Track\u2122<\/div>\n\t\t\t\t\t\t\t\t\t\t<div class=\"accordion-toggler-icon\" aria-hidden=\"true\">\n\t\t\t\t\t\t\t\t\t\t\t<span><\/span>\n\t\t\t\t\t\t\t\t\t\t\t<span><\/span>\n\t\t\t\t\t\t\t\t\t\t<\/div>\n\t\t\t\t\t\t\t\t\t<\/button>\n\t\t\t\t\t\t\t\t\t<div id=\"accordion-content-1\" class=\"accordion-content clearfix\" tabindex=\"-1\" role=\"tabpanel\" aria-labelledby=\"tab-title-1\" aria-hidden=\"false\">\n\t\t\t\t\t\t\t\t\t\t<div class=\"pt-2 pt-lg-3\">\n\t\t\t\t\t\t\t\t\t\t\t<p>Tableaux de bord de visibilit\u00e9 centralis\u00e9s avec alertes en temps r\u00e9el pour tenir votre \u00e9quipe inform\u00e9e.<\/p>\n\n\t\t\t\t\t\t\t\t\t\t<\/div>\n\t\t\t\t\t\t\t\t\t\t\t\t\t\t\t\t\t\t\t\t<img data-src=\"https:\/\/kbx.com\/wp-content\/uploads\/2025\/09\/2025_KBX-Transportation_Truckload_Accordion_Real-Time-Visibility.jpg\" data-srcset=\"https:\/\/kbx.com\/wp-content\/uploads\/2025\/09\/2025_KBX-Transportation_Truckload_Accordion_Real-Time-Visibility.jpg 660w, https:\/\/kbx.com\/wp-content\/uploads\/2025\/09\/2025_KBX-Transportation_Truckload_Accordion_Real-Time-Visibility-300x164.jpg 300w\" data-sizes=\"(max-width: 660px) 100vw, 660px\" height=\"360\" width=\"660\" class=\"lazy img-fluid d-md-none\" alt=\"Real Time Visibility Map\" role=\"presentation\"\/>\n\t\t\t\t\t\t\t\t\t<\/div>\n\t\t\t\t\t\t\t\t\t<span class=\"loader\"><\/span>\n\t\t\t\t\t\t\t\t<\/div>\n\t\t\t\t\t\t\t\t\t\t\t\t\t\t\t<div id=\"content-2\" class=\"accordion\">\n\t\t\t\t\t\t\t\t\t<button id=\"tab-title-2\" class=\"accordion-toggler\" aria-controls=\"accordion-content-2\"  aria-expanded=\"false\">\n\t\t\t\t\t\t\t\t\t\t<div class=\"accordion-title\">Planification automatis\u00e9e des rendez-vous<\/div>\n\t\t\t\t\t\t\t\t\t\t<div class=\"accordion-toggler-icon\" aria-hidden=\"true\">\n\t\t\t\t\t\t\t\t\t\t\t<span><\/span>\n\t\t\t\t\t\t\t\t\t\t\t<span><\/span>\n\t\t\t\t\t\t\t\t\t\t<\/div>\n\t\t\t\t\t\t\t\t\t<\/button>\n\t\t\t\t\t\t\t\t\t<div id=\"accordion-content-2\" class=\"accordion-content clearfix\" tabindex=\"-1\" role=\"tabpanel\" aria-labelledby=\"tab-title-2\" aria-hidden=\"true\">\n\t\t\t\t\t\t\t\t\t\t<div class=\"pt-2 pt-lg-3\">\n\t\t\t\t\t\t\t\t\t\t\t<p>Outils de planification intelligents qui alignent les transporteurs, les exp\u00e9diteurs et les installations pour \u00e9liminer les goulots d&rsquo;\u00e9tranglement.<\/p>\n\n\t\t\t\t\t\t\t\t\t\t<\/div>\n\t\t\t\t\t\t\t\t\t\t\t\t\t\t\t\t\t\t\t\t<img data-src=\"https:\/\/kbx.com\/wp-content\/uploads\/2025\/09\/KBX-Mobile-Phone-Frame-White_resize.png\" data-srcset=\"https:\/\/kbx.com\/wp-content\/uploads\/2025\/09\/KBX-Mobile-Phone-Frame-White_resize.png 660w, https:\/\/kbx.com\/wp-content\/uploads\/2025\/09\/KBX-Mobile-Phone-Frame-White_resize-300x169.png 300w\" data-sizes=\"(max-width: 660px) 100vw, 660px\" height=\"371\" width=\"660\" class=\"lazy img-fluid d-md-none\" alt=\"Automated scheduling\" role=\"presentation\"\/>\n\t\t\t\t\t\t\t\t\t<\/div>\n\t\t\t\t\t\t\t\t\t<span class=\"loader\"><\/span>\n\t\t\t\t\t\t\t\t<\/div>\n\t\t\t\t\t\t\t\t\t\t\t\t\t\t\t<div id=\"content-3\" class=\"accordion\">\n\t\t\t\t\t\t\t\t\t<button id=\"tab-title-3\" class=\"accordion-toggler\" aria-controls=\"accordion-content-3\"  aria-expanded=\"false\">\n\t\t\t\t\t\t\t\t\t\t<div class=\"accordion-title\">Analyses pr\u00e9dictives et rapports <\/div>\n\t\t\t\t\t\t\t\t\t\t<div class=\"accordion-toggler-icon\" aria-hidden=\"true\">\n\t\t\t\t\t\t\t\t\t\t\t<span><\/span>\n\t\t\t\t\t\t\t\t\t\t\t<span><\/span>\n\t\t\t\t\t\t\t\t\t\t<\/div>\n\t\t\t\t\t\t\t\t\t<\/button>\n\t\t\t\t\t\t\t\t\t<div id=\"accordion-content-3\" class=\"accordion-content clearfix\" tabindex=\"-1\" role=\"tabpanel\" aria-labelledby=\"tab-title-3\" aria-hidden=\"true\">\n\t\t\t\t\t\t\t\t\t\t<div class=\"pt-2 pt-lg-3\">\n\t\t\t\t\t\t\t\t\t\t\t<p>Pr\u00e9voyez les performances et les co\u00fbts tout en anticipant les perturbations avant qu&rsquo;elles n&rsquo;impactent vos r\u00e9sultats.<\/p>\n\n\t\t\t\t\t\t\t\t\t\t<\/div>\n\t\t\t\t\t\t\t\t\t\t\t\t\t\t\t\t\t\t\t\t<img data-src=\"https:\/\/kbx.com\/wp-content\/uploads\/2025\/09\/2025_KBX-Homepage_Accordion_Smarter-Freight-Planning.jpg\" data-srcset=\"https:\/\/kbx.com\/wp-content\/uploads\/2025\/09\/2025_KBX-Homepage_Accordion_Smarter-Freight-Planning.jpg 660w, https:\/\/kbx.com\/wp-content\/uploads\/2025\/09\/2025_KBX-Homepage_Accordion_Smarter-Freight-Planning-300x164.jpg 300w\" data-sizes=\"(max-width: 660px) 100vw, 660px\" height=\"360\" width=\"660\" class=\"lazy img-fluid d-md-none\" alt=\"Freight Planning\" role=\"presentation\"\/>\n\t\t\t\t\t\t\t\t\t<\/div>\n\t\t\t\t\t\t\t\t\t<span class=\"loader\"><\/span>\n\t\t\t\t\t\t\t\t<\/div>\n\t\t\t\t\t\t\t\t\t\t\t\t\t<\/div>\n\t\t\t\t\t<\/div>\n\t\t\t\t\t<div class=\"col-12 col-md-6 d-none d-md-block\">\n\t\t\t\t\t\t<div class=\"accordion-image-container\" aria-live=\"polite\">\n\t\t\t\t\t\t\t\t\t\t\t\t\t\t<img data-src=\"https:\/\/kbx.com\/wp-content\/uploads\/2025\/09\/2025_KBX-Transportation_Truckload_Accordion_Real-Time-Visibility.jpg\" data-srcset=\"https:\/\/kbx.com\/wp-content\/uploads\/2025\/09\/2025_KBX-Transportation_Truckload_Accordion_Real-Time-Visibility.jpg 660w, https:\/\/kbx.com\/wp-content\/uploads\/2025\/09\/2025_KBX-Transportation_Truckload_Accordion_Real-Time-Visibility-300x164.jpg 300w\" data-sizes=\"(max-width: 660px) 100vw, 660px\" class=\"lazy img-fluid d-md-block fade-in\" alt=\"\" role=\"presentation\"\/>\n\t\t\t\t\t\t<\/div>\n\t\t\t\t\t<\/div>\n\t\t\t\t<\/div>\n\t\t\t\t<div class=\"row my-3\">\n\t\t\t\t\t<div class=\"col-12\">\n\t\t\t\t\t\t\n\n\n\t\t\t\t\t<\/div>\n\t\t\t\t<\/div>\n\t\t\t<\/div>\n\t\t<\/div>\n\t<\/div>\n\n\t\n\t<img data-src=\"https:\/\/kbx.com\/wp-content\/themes\/zionandzion\/assets\/production\/images\/animated-accordion-glob.png\" alt=\"\" role=\"presentation\" class=\"globe lazy\" loading=\"lazy\" width=\"424\" height=\"481\"\/>\n<\/section>\n\n\n\n\n<section class=\"component c-content-media\" role=\"region\" aria-roledescription=\"Content and Media\" aria-label=\"Content and Media\" >\n    <div class=\"spacing-outside-default\">\n        <div class=\"spacing-inside-wide\">\n            <div class=\"container\">\n                <div class=\"row justify-content-center\">\n                                                                    \n                        <div class=\"col-12 col-lg-5 order-lg-1\">\n                            <div class=\"content-container\">\n                                <div class=\"row \">\n\t<div class=\"col-12  block-heading\">\n\t<h2 class=\"text-start\">\n\t\t\t        <span>Connectivit\u00e9 in\u00e9gal\u00e9e<\/span>\n    \n  \t<\/h2>\n  <\/div>\n<\/div>\n<div class=\"row  block-heading-content\">\n\t<div class=\"col-12\"><p>Gr\u00e2ce aux int\u00e9grations EDI et API \u00e0 connexion directe, nous vous offrons plus qu&rsquo;une plateforme : nous vous livrons un \u00e9cosyst\u00e8me fluide qui r\u00e9duit le travail manuel, am\u00e9liore la pr\u00e9cision des donn\u00e9es et lib\u00e8re l&rsquo;intelligence de la cha\u00eene d&rsquo;approvisionnement.<\/p>\n<\/div>\n<\/div>\n\n                                \n      \n  <div class=\"c-button text-center text-md-start\"  >\n    <a href=\"https:\/\/kbx.com\/fr\/contactez-nous\/\" class=\"btn  btn-fill btn-dk-blue\" >\n        <span>En savoir plus sur notre technologie<\/span>\n\n                    <span class=\"icon\">\n                <svg>\n                    <use href=\"#icon-arrow\"><\/use>\n                <\/svg>\n            <\/span>\n            <\/a>\n  <\/div>\n\n\n\n                            <\/div>\n                        <\/div>\n                    \n                    <div class=\"col-12 col-lg-7\">\n                                                    <div class=\" video-container\" role=\"group\" tabindex=\"0\"  aria-label=\"Play video\">\n    \n  \n\n                        \n                    <img decoding=\"async\" src=\"\" width=\"\" height=\"\" alt=\"\" class=\"video-thumbnail\" loading=\"lazy\">\n            \n    <div id=\"video-\" data--id=\"\"><\/div>\n\n    <div class=\"btn-container\">\n        <button class=\"btn btn-fill btn-dk-blue video-btn\"><span>Watch Video<\/span><span class=\"icon\"><svg><use href=\"#icon-video\"><\/use><\/svg><\/span><\/button>\n    <\/div>\n<\/div>                                            <\/div>\n                <\/div>\n            <\/div>\n        <\/div>\n    <\/div>\n\n    \n<\/section>\n","protected":false},"excerpt":{"rendered":"","protected":false},"author":3,"featured_media":0,"parent":0,"menu_order":0,"comment_status":"closed","ping_status":"closed","template":"","meta":{"_acf_changed":false,"footnotes":""},"class_list":["post-2114","page","type-page","status-publish","hentry"],"acf":[],"yoast_head":"<!-- This site is optimized with the Yoast SEO plugin v27.6 - https:\/\/yoast.com\/product\/yoast-seo-wordpress\/ -->\n<title>Solutions de technologie logistique | KBX<\/title>\n<meta name=\"description\" content=\"Transformez votre cha\u00eene d&#039;approvisionnement gr\u00e2ce \u00e0 la technologie logistique de KBX. B\u00e9n\u00e9ficiez d&#039;une visibilit\u00e9 en temps r\u00e9el, d&#039;analyses et d&#039;une automatisation pour optimiser le fret.\" \/>\n<meta name=\"robots\" content=\"index, follow, max-snippet:-1, max-image-preview:large, max-video-preview:-1\" \/>\n<link rel=\"canonical\" href=\"https:\/\/kbx.com\/fr\/technologie-logistique\/\" \/>\n<meta property=\"og:locale\" content=\"fr_FR\" \/>\n<meta property=\"og:type\" content=\"article\" \/>\n<meta property=\"og:title\" content=\"Solutions de technologie logistique | KBX\" \/>\n<meta property=\"og:description\" content=\"Transformez votre cha\u00eene d&#039;approvisionnement gr\u00e2ce \u00e0 la technologie logistique de KBX. B\u00e9n\u00e9ficiez d&#039;une visibilit\u00e9 en temps r\u00e9el, d&#039;analyses et d&#039;une automatisation pour optimiser le fret.\" \/>\n<meta property=\"og:url\" content=\"https:\/\/kbx.com\/fr\/technologie-logistique\/\" \/>\n<meta property=\"og:site_name\" content=\"KBX\" \/>\n<meta property=\"article:modified_time\" content=\"2026-05-13T12:19:38+00:00\" \/>\n<meta name=\"twitter:card\" content=\"summary_large_image\" \/>\n<script type=\"application\/ld+json\" class=\"yoast-schema-graph\">{\"@context\":\"https:\\\/\\\/schema.org\",\"@graph\":[{\"@type\":\"WebPage\",\"@id\":\"https:\\\/\\\/kbx.com\\\/fr\\\/technologie-logistique\\\/\",\"url\":\"https:\\\/\\\/kbx.com\\\/fr\\\/technologie-logistique\\\/\",\"name\":\"Solutions de technologie logistique | KBX\",\"isPartOf\":{\"@id\":\"https:\\\/\\\/kbx.com\\\/fr\\\/#website\"},\"datePublished\":\"2025-08-26T05:19:37+00:00\",\"dateModified\":\"2026-05-13T12:19:38+00:00\",\"description\":\"Transformez votre cha\u00eene d'approvisionnement gr\u00e2ce \u00e0 la technologie logistique de KBX. B\u00e9n\u00e9ficiez d'une visibilit\u00e9 en temps r\u00e9el, d'analyses et d'une automatisation pour optimiser le fret.\",\"breadcrumb\":{\"@id\":\"https:\\\/\\\/kbx.com\\\/fr\\\/technologie-logistique\\\/#breadcrumb\"},\"inLanguage\":\"fr-FR\",\"potentialAction\":[{\"@type\":\"ReadAction\",\"target\":[\"https:\\\/\\\/kbx.com\\\/fr\\\/technologie-logistique\\\/\"]}]},{\"@type\":\"BreadcrumbList\",\"@id\":\"https:\\\/\\\/kbx.com\\\/fr\\\/technologie-logistique\\\/#breadcrumb\",\"itemListElement\":[{\"@type\":\"ListItem\",\"position\":1,\"name\":\"Home\",\"item\":\"https:\\\/\\\/kbx.com\\\/fr\\\/accueil\\\/\"},{\"@type\":\"ListItem\",\"position\":2,\"name\":\"Technologie logistique\"}]},{\"@type\":\"WebSite\",\"@id\":\"https:\\\/\\\/kbx.com\\\/fr\\\/#website\",\"url\":\"https:\\\/\\\/kbx.com\\\/fr\\\/\",\"name\":\"KBX\",\"description\":\"\",\"potentialAction\":[{\"@type\":\"SearchAction\",\"target\":{\"@type\":\"EntryPoint\",\"urlTemplate\":\"https:\\\/\\\/kbx.com\\\/fr\\\/?s={search_term_string}\"},\"query-input\":{\"@type\":\"PropertyValueSpecification\",\"valueRequired\":true,\"valueName\":\"search_term_string\"}}],\"inLanguage\":\"fr-FR\"}]}<\/script>\n<!-- \/ Yoast SEO plugin. -->","yoast_head_json":{"title":"Solutions de technologie logistique | KBX","description":"Transformez votre cha\u00eene d'approvisionnement gr\u00e2ce \u00e0 la technologie logistique de KBX. B\u00e9n\u00e9ficiez d'une visibilit\u00e9 en temps r\u00e9el, d'analyses et d'une automatisation pour optimiser le fret.","robots":{"index":"index","follow":"follow","max-snippet":"max-snippet:-1","max-image-preview":"max-image-preview:large","max-video-preview":"max-video-preview:-1"},"canonical":"https:\/\/kbx.com\/fr\/technologie-logistique\/","og_locale":"fr_FR","og_type":"article","og_title":"Solutions de technologie logistique | KBX","og_description":"Transformez votre cha\u00eene d'approvisionnement gr\u00e2ce \u00e0 la technologie logistique de KBX. B\u00e9n\u00e9ficiez d'une visibilit\u00e9 en temps r\u00e9el, d'analyses et d'une automatisation pour optimiser le fret.","og_url":"https:\/\/kbx.com\/fr\/technologie-logistique\/","og_site_name":"KBX","article_modified_time":"2026-05-13T12:19:38+00:00","twitter_card":"summary_large_image","schema":{"@context":"https:\/\/schema.org","@graph":[{"@type":"WebPage","@id":"https:\/\/kbx.com\/fr\/technologie-logistique\/","url":"https:\/\/kbx.com\/fr\/technologie-logistique\/","name":"Solutions de technologie logistique | KBX","isPartOf":{"@id":"https:\/\/kbx.com\/fr\/#website"},"datePublished":"2025-08-26T05:19:37+00:00","dateModified":"2026-05-13T12:19:38+00:00","description":"Transformez votre cha\u00eene d'approvisionnement gr\u00e2ce \u00e0 la technologie logistique de KBX. B\u00e9n\u00e9ficiez d'une visibilit\u00e9 en temps r\u00e9el, d'analyses et d'une automatisation pour optimiser le fret.","breadcrumb":{"@id":"https:\/\/kbx.com\/fr\/technologie-logistique\/#breadcrumb"},"inLanguage":"fr-FR","potentialAction":[{"@type":"ReadAction","target":["https:\/\/kbx.com\/fr\/technologie-logistique\/"]}]},{"@type":"BreadcrumbList","@id":"https:\/\/kbx.com\/fr\/technologie-logistique\/#breadcrumb","itemListElement":[{"@type":"ListItem","position":1,"name":"Home","item":"https:\/\/kbx.com\/fr\/accueil\/"},{"@type":"ListItem","position":2,"name":"Technologie logistique"}]},{"@type":"WebSite","@id":"https:\/\/kbx.com\/fr\/#website","url":"https:\/\/kbx.com\/fr\/","name":"KBX","description":"","potentialAction":[{"@type":"SearchAction","target":{"@type":"EntryPoint","urlTemplate":"https:\/\/kbx.com\/fr\/?s={search_term_string}"},"query-input":{"@type":"PropertyValueSpecification","valueRequired":true,"valueName":"search_term_string"}}],"inLanguage":"fr-FR"}]}},"_links":{"self":[{"href":"https:\/\/kbx.com\/fr\/wp-json\/wp\/v2\/pages\/2114","targetHints":{"allow":["GET"]}}],"collection":[{"href":"https:\/\/kbx.com\/fr\/wp-json\/wp\/v2\/pages"}],"about":[{"href":"https:\/\/kbx.com\/fr\/wp-json\/wp\/v2\/types\/page"}],"author":[{"embeddable":true,"href":"https:\/\/kbx.com\/fr\/wp-json\/wp\/v2\/users\/3"}],"replies":[{"embeddable":true,"href":"https:\/\/kbx.com\/fr\/wp-json\/wp\/v2\/comments?post=2114"}],"version-history":[{"count":2,"href":"https:\/\/kbx.com\/fr\/wp-json\/wp\/v2\/pages\/2114\/revisions"}],"predecessor-version":[{"id":2118,"href":"https:\/\/kbx.com\/fr\/wp-json\/wp\/v2\/pages\/2114\/revisions\/2118"}],"wp:attachment":[{"href":"https:\/\/kbx.com\/fr\/wp-json\/wp\/v2\/media?parent=2114"}],"curies":[{"name":"wp","href":"https:\/\/api.w.org\/{rel}","templated":true}]}}