{"id":2076,"date":"2025-08-25T23:20:36","date_gmt":"2025-08-26T05:20:36","guid":{"rendered":"https:\/\/kbx.com\/automobile\/"},"modified":"2026-05-14T12:03:14","modified_gmt":"2026-05-14T18:03:14","slug":"automobile","status":"publish","type":"page","link":"https:\/\/kbx.com\/fr\/automobile\/","title":{"rendered":"Automobile"},"content":{"rendered":"\n\n<section class=\"component c-icon-content\" role=\"region\" aria-roledescription=\"Icon + Content\" aria-label=\"Icon + Content\" >\n\t<div\n\t\tclass=\"spacing-outside-default\">\n\t\t\t\t<div\n\t\t\tclass=\"spacing-inside-default \">\n\t\t\t\t\t\t<div class=\"custom-wrapper\">\n\t\t\t\t<div class=\"container\">\n\t\t\t\t\t\t\t\t\t\t<div class=\"row justify-content-center\">\n\t\t\t\t\t\t\t\t\t\t\t\t\t\t\t\t\t\t\t\t\t\t\t\t\t\t\t\t\t\t\t\t\t\t\t\t\t\t\t\t\t\t\t\t\t\t\t\t\t\t\t\t\t\t\t\t\t\t\t\t\t\t\t\t\t\t\t\t\t\t\t\t\t\n\t\t\t\t\t\t<div class=\"col-12  col-xl-12 \">\n\t\t\t\t\t\t\t\t\t\t\t\t\t\t\t\t\t\t\t\t\t\t<div class=\"items-wrapper w-100\"> \t\t\t\t\t\t\t\t\t<div class=\"items columns-3\">\n\t\t\t\t\t\t\t\t\t\t\t\t\t\t\t\t\t\t\t\t\t<div class=\"item \">\n\t\t\t\t\t\t\t\t\t\t\t\t<div class=\"icon\">\n\t\t\t\t\t\t\t\t\t\t\t\t\t\t\t\t\t\t\t\t\t\t\t\t\t\t\t<svg role=\"presentation\" xmlns=\"http:\/\/www.w3.org\/2000\/svg\" width=\"61\" height=\"61\">\n\t\t\t\t\t\t\t\t\t\t\t\t\t\t\t<use href=\"#default-icon-content\"><\/use>\n\t\t\t\t\t\t\t\t\t\t\t\t\t\t<\/svg>\n\t\t\t\t\t\t\t\t\t\t\t\t\t\n\t\t\t\t\t\t\t\t\t\t\t\t<\/div>\n\t\t\t\t\t\t\t\t\t\t\t\t<div class=\"heading-wrapper\">\n\t\t\t\t\t\t\t\t\t\t\t\t\t\t\t\t\t\t\t\t\t\t\t\t\t\t<div class=\"description\"><p>Acheminement juste-\u00e0-temps (JAT) et juste-en-s\u00e9quence (JES) et planification des quais pour s&rsquo;adapter au rythme de production<\/p>\n<\/div>\n\t\t\t\t\t\t\t\t\t\t\t\t<\/div>\n\t\t\t\t\t\t\t\t\t\t\t<\/div>\n\n\t\t\t\t\t\t\t\t\t\t\t\t\t\t\t\t\t\t\t\t\t<div class=\"item \">\n\t\t\t\t\t\t\t\t\t\t\t\t<div class=\"icon\">\n\t\t\t\t\t\t\t\t\t\t\t\t\t\t\t\t\t\t\t\t\t\t\t\t\t\t\t<svg role=\"presentation\" xmlns=\"http:\/\/www.w3.org\/2000\/svg\" width=\"61\" height=\"61\">\n\t\t\t\t\t\t\t\t\t\t\t\t\t\t\t<use href=\"#default-icon-content\"><\/use>\n\t\t\t\t\t\t\t\t\t\t\t\t\t\t<\/svg>\n\t\t\t\t\t\t\t\t\t\t\t\t\t\n\t\t\t\t\t\t\t\t\t\t\t\t<\/div>\n\t\t\t\t\t\t\t\t\t\t\t\t<div class=\"heading-wrapper\">\n\t\t\t\t\t\t\t\t\t\t\t\t\t\t\t\t\t\t\t\t\t\t\t\t\t\t<div class=\"description\"><p>Tourn\u00e9es de ramassage, navettes, plateformes de transbordement et services express flexibles pour ma\u00eetriser les co\u00fbts et la capacit\u00e9<\/p>\n<\/div>\n\t\t\t\t\t\t\t\t\t\t\t\t<\/div>\n\t\t\t\t\t\t\t\t\t\t\t<\/div>\n\n\t\t\t\t\t\t\t\t\t\t\t\t\t\t\t\t\t\t\t\t\t<div class=\"item \">\n\t\t\t\t\t\t\t\t\t\t\t\t<div class=\"icon\">\n\t\t\t\t\t\t\t\t\t\t\t\t\t\t\t\t\t\t\t\t\t\t\t\t\t\t\t<svg role=\"presentation\" xmlns=\"http:\/\/www.w3.org\/2000\/svg\" width=\"61\" height=\"61\">\n\t\t\t\t\t\t\t\t\t\t\t\t\t\t\t<use href=\"#default-icon-content\"><\/use>\n\t\t\t\t\t\t\t\t\t\t\t\t\t\t<\/svg>\n\t\t\t\t\t\t\t\t\t\t\t\t\t\n\t\t\t\t\t\t\t\t\t\t\t\t<\/div>\n\t\t\t\t\t\t\t\t\t\t\t\t<div class=\"heading-wrapper\">\n\t\t\t\t\t\t\t\t\t\t\t\t\t\t\t\t\t\t\t\t\t\t\t\t\t\t<div class=\"description\"><p>Assistance transfrontali\u00e8re \u00c9tats-Unis\u2013Mexique fluide avec conformit\u00e9 int\u00e9gr\u00e9e<\/p>\n<\/div>\n\t\t\t\t\t\t\t\t\t\t\t\t<\/div>\n\t\t\t\t\t\t\t\t\t\t\t<\/div>\n\n\t\t\t\t\t\t\t\t\t\t\t\t\t\t\t\t\t\t\t<\/div>\n\t\t\t\t\t\t\t\t\t\t\t\t\t\t\t\t\t<div class=\"items columns-3\">\n\t\t\t\t\t\t\t\t\t\t\t\t\t\t\t\t\t\t\t\t\t<div class=\"item \">\n\t\t\t\t\t\t\t\t\t\t\t\t<div class=\"icon\">\n\t\t\t\t\t\t\t\t\t\t\t\t\t\t\t\t\t\t\t\t\t\t\t\t\t\t\t<svg role=\"presentation\" xmlns=\"http:\/\/www.w3.org\/2000\/svg\" width=\"61\" height=\"61\">\n\t\t\t\t\t\t\t\t\t\t\t\t\t\t\t<use href=\"#default-icon-content\"><\/use>\n\t\t\t\t\t\t\t\t\t\t\t\t\t\t<\/svg>\n\t\t\t\t\t\t\t\t\t\t\t\t\t\n\t\t\t\t\t\t\t\t\t\t\t\t<\/div>\n\t\t\t\t\t\t\t\t\t\t\t\t<div class=\"heading-wrapper\">\n\t\t\t\t\t\t\t\t\t\t\t\t\t\t\t\t\t\t\t\t\t\t\t\t\t\t<div class=\"description\"><p>Visibilit\u00e9 en temps r\u00e9el et int\u00e9gration syst\u00e8me pour une prise de d\u00e9cision plus rapide<\/p>\n<\/div>\n\t\t\t\t\t\t\t\t\t\t\t\t<\/div>\n\t\t\t\t\t\t\t\t\t\t\t<\/div>\n\n\t\t\t\t\t\t\t\t\t\t\t\t\t\t\t\t\t\t\t\t\t<div class=\"item \">\n\t\t\t\t\t\t\t\t\t\t\t\t<div class=\"icon\">\n\t\t\t\t\t\t\t\t\t\t\t\t\t\t\t\t\t\t\t\t\t\t\t\t\t\t\t<svg role=\"presentation\" xmlns=\"http:\/\/www.w3.org\/2000\/svg\" width=\"61\" height=\"61\">\n\t\t\t\t\t\t\t\t\t\t\t\t\t\t\t<use href=\"#default-icon-content\"><\/use>\n\t\t\t\t\t\t\t\t\t\t\t\t\t\t<\/svg>\n\t\t\t\t\t\t\t\t\t\t\t\t\t\n\t\t\t\t\t\t\t\t\t\t\t\t<\/div>\n\t\t\t\t\t\t\t\t\t\t\t\t<div class=\"heading-wrapper\">\n\t\t\t\t\t\t\t\t\t\t\t\t\t\t\t\t\t\t\t\t\t\t\t\t\t\t<div class=\"description\"><p>Capacit\u00e9 adapt\u00e9e aux pics de demande pour maintenir le flux de marchandises lors de hausses impr\u00e9vues ou de changements de production<\/p>\n<\/div>\n\t\t\t\t\t\t\t\t\t\t\t\t<\/div>\n\t\t\t\t\t\t\t\t\t\t\t<\/div>\n\n\t\t\t\t\t\t\t\t\t\t\t\t\t\t\t\t\t\t\t<\/div>\n\t\t\t\t\t\t\t\t\t\t\t\t\t\t\t<\/div>\n\t\t\t\t\t\t<\/div>\n\n\t\t\t\t\t<\/div>\n\t\t\t\t\t\t\t\t\t\t\t<div class=\"row mt-3 mt-lg-4\">\n\t\t\t\t\t\t\t<div class=\"col-12 pt-0 pt-lg-2\">\n\t\t\t\t\t\t\t\t\n                           \n  <div class=\"c-button text-center\"  >\n    <a href=\"https:\/\/kbx.com\/contact-us\/\" class=\"btn  btn-fill btn-dk-blue\" >\n        <span>Contactez un sp\u00e9cialiste en logistique automobile <\/span>\n\n                    <span class=\"icon\">\n                <svg>\n                    <use href=\"#icon-arrow\"><\/use>\n                <\/svg>\n            <\/span>\n            <\/a>\n  <\/div>\n\n\n\n\t\t\t\t\t\t\t<\/div>\n\t\t\t\t\t\t<\/div>\n\t\t\t\t\t\n\t\t\t\t<\/div>\n\t\t\t<\/div>\n\t\t<\/div>\n\t<\/div>\n<\/section>\n\n\n\n\n<section class=\"component c-content-media\" role=\"region\" aria-roledescription=\"Content and Media\" aria-label=\"Content and Media\" >\n    <div class=\"spacing-outside-default\">\n        <div class=\"spacing-inside-wide\">\n            <div class=\"container\">\n                <div class=\"row justify-content-center\">\n                                                                    \n                        <div class=\"col-12 col-md-5 order-md-1\">\n                            <div class=\"content-container\">\n                                <div class=\"row \">\n\t<div class=\"col-12  block-heading\">\n\t<h2 class=\"text-start\">\n\t\t\t        <span>Une logistique con\u00e7ue pour la voie rapide<\/span>\n    \n  \t<\/h2>\n  <\/div>\n<\/div>\n<div class=\"row  block-heading-content\">\n\t<div class=\"col-12\"><p>Les cha\u00eenes d&rsquo;approvisionnement automobiles reposent sur la pr\u00e9cision. Nous synchronisons notre r\u00e9seau de transporteurs, notre technologie et nos processus avec vos exigences de production, du s\u00e9quen\u00e7age des pi\u00e8ces \u00e0 la coordination transfrontali\u00e8re. Gr\u00e2ce \u00e0 des transporteurs qualifi\u00e9s, un suivi des jalons et une gestion r\u00e9active des exceptions, nous maintenons le flux de marchandises et \u00e9vitons les temps d&rsquo;arr\u00eat sur votre site.<\/p>\n<\/div>\n<\/div>\n\n                                \n      \n  <div class=\"c-button text-center text-md-start\"  >\n    <a href=\"https:\/\/kbx.com\/fr\/toutes-les-solutions\/vrac-et-specialise\/\" class=\"btn  btn-fill btn-dk-blue\" >\n        <span>D\u00e9couvrir les services d\u2019exp\u00e9dition sp\u00e9cialis\u00e9s<\/span>\n\n                    <span class=\"icon\">\n                <svg>\n                    <use href=\"#icon-arrow\"><\/use>\n                <\/svg>\n            <\/span>\n            <\/a>\n  <\/div>\n\n\n\n                            <\/div>\n                        <\/div>\n                    \n                    <div class=\"col-12 col-md-5\">\n                                                    <div class=\"media-container img-container text-lg-start single-img\">\n                                                                \n                                <img decoding=\"async\" src=\"https:\/\/kbx.com\/wp-content\/uploads\/2025\/09\/2025_KBX-Industries_Automotive_Logistics-Built-For-The-Fast-Lane.jpg\" srcset=\"https:\/\/kbx.com\/wp-content\/uploads\/2025\/09\/2025_KBX-Industries_Automotive_Logistics-Built-For-The-Fast-Lane.jpg 511w, https:\/\/kbx.com\/wp-content\/uploads\/2025\/09\/2025_KBX-Industries_Automotive_Logistics-Built-For-The-Fast-Lane-280x300.jpg 280w\"\n                                     sizes=\"auto, (max-width: 511px) 100vw, 511px\" width=\"511\"\n                                     height=\"548\" class=\"primary-img no-scale\"\n                                     alt=\"Automotive logistics workline\" loading=\"lazy\"  role=\"presentation\">\n                            <\/div>\n                                            <\/div>\n                <\/div>\n            <\/div>\n        <\/div>\n    <\/div>\n\n            \n                                        \n        <img decoding=\"async\" src=\"https:\/\/kbx.com\/wp-content\/themes\/zionandzion\/assets\/production\/images\/global-globe-1-left.png\" alt=\"\" role=\"presentation\" class=\"d-none d-md-block  globe left\" loading=\"lazy\" width=\"460\" height=\"547\"\/>\n    \n<\/section>\n\n\n\n<section class=\"component c-large-cta\" role=\"region\" aria-roledescription=\"Large CTA\" aria-label=\"Large CTA\" >\n\t<div\n\t\tclass=\"spacing-outside-default\">\n\t\t\t\t<div\n\t\t\tclass=\"spacing-inside-default \">\n\t\t\t\t\t\t<div class=\"custom-wrapper\">\n\t\t\t\t<div class=\"container\">\n\t\t\t\t\t<div class=\"row justify-content-center\">\n\t\t\t\t\t\t<div class=\"col-12 col-lg-10\">\n\t\t\t\t\t\t\t<div class=\"row\">\n\t\t\t\t\t\t\t\t<div class=\"col-12 col-lg-8\">\n\t\t\t\t\t\t\t\t\t<h2>Visibilit\u00e9 au niveau de <br \/>\r\nl\u2019usine<\/h2>\n\t\t\t\t\t\t\t\t\t<div class=\"description\">\n\t\t\t\t\t\t\t\t\t\t<p>Les jalons et les avis d&rsquo;exp\u00e9dition avanc\u00e9s (ASN) s&rsquo;int\u00e8grent \u00e0 vos syst\u00e8mes de planification, offrant aux superviseurs d&rsquo;usine une visibilit\u00e9 en temps r\u00e9el sur les exp\u00e9ditions entrantes, avant leur arriv\u00e9e au portail.<\/p>\n\n\t\t\t\t\t\t\t\t\t<\/div>\n\t\t\t\t\t\t\t\t\t\t\t\t\t\t\t\t\t<\/div>\n\t\t\t\t\t\t\t<\/div>\n\t\t\t\t\t\t<\/div>\n\t\t\t\t\t<\/div>\n\t\t\t\t<\/div>\n\t\t\t<\/div>\n\t\t\t<div class=\"image-wrapper d-flex justify-content-end\">\n\t\t\t\t\t\t\t\t\t\t\t\t<img decoding=\"async\" src=\"https:\/\/kbx.com\/wp-content\/themes\/zionandzion\/assets\/production\/images\/large-cta-glob.png\" class=\"d-none d-lg-block large-cta-globe\" alt=\"\" role=\"presentation\" loading=\"lazy\" width=\"612\" height=\"416\"\/>\n\t\t\t\t<img decoding=\"async\" src=\"https:\/\/kbx.com\/wp-content\/themes\/zionandzion\/assets\/production\/images\/large-cta-glob-mobile.png\" class=\"d-block d-lg-none large-cta-globe\" alt=\"\" role=\"presentation\" loading=\"lazy\" width=\"269\" height=\"116\"\/>\n\t\t\t<\/div>\n\t\t<\/div>\n\t<\/div>\n<\/section>\n\n\n\n<section class=\"component c-counter\" role=\"region\" aria-roledescription=\"Counter\" aria-label=\"Counter\" >\n\t<div class=\"spacing-outside-default\">\n\t\t<div class=\"spacing-inside-default\">\n\t\t\t<div class=\"container\">\n\t\t\t\t<div class=\"row\">\n\t\t\t\t\t\t\t\t\t\t<div class=\"col-12\">\n\t\t\t\t\t\t<div class=\"counter-container row justify-content-md-center\">\n\t\t\t\t\t\t\t\t\t\t\t\t\t\t\t<div class=\"col-12 col-md-6 col-lg text-start text-md-center\">\n\t\t\t\t\t\t\t\t\t<div class=\"counter-wrapper\">\n\t\t\t\t\t\t\t\t\t\t<p class=\"counter-content\"><span class=\"counter\" data-number=\"8000\">0<\/span>+<\/p>\n\t\t\t\t\t\t\t\t\t\t<p class=\"counter-subcontent\">Chargements nationaux d\u00e9plac\u00e9s chaque jour<\/p>\n\t\t\t\t\t\t\t\t\t<\/div>\n\t\t\t\t\t\t\t\t<\/div>\n\t\t\t\t\t\t\t\t\t\t\t\t\t\t\t<div class=\"col-12 col-md-6 col-lg text-start text-md-center\">\n\t\t\t\t\t\t\t\t\t<div class=\"counter-wrapper\">\n\t\t\t\t\t\t\t\t\t\t<p class=\"counter-content\"><span class=\"counter\" data-number=\"80\">0<\/span>+<\/p>\n\t\t\t\t\t\t\t\t\t\t<p class=\"counter-subcontent\">Pays desservis <\/p>\n\t\t\t\t\t\t\t\t\t<\/div>\n\t\t\t\t\t\t\t\t<\/div>\n\t\t\t\t\t\t\t\t\t\t\t\t\t\t\t<div class=\"col-12 col-md-6 col-lg text-start text-md-center\">\n\t\t\t\t\t\t\t\t\t<div class=\"counter-wrapper\">\n\t\t\t\t\t\t\t\t\t\t<p class=\"counter-content\"><span class=\"counter\" data-number=\"4000\">0<\/span>+<\/p>\n\t\t\t\t\t\t\t\t\t\t<p class=\"counter-subcontent\">Transporteurs <br class=\"d-none d-lg-block\"> actifs<\/p>\n\t\t\t\t\t\t\t\t\t<\/div>\n\t\t\t\t\t\t\t\t<\/div>\n\t\t\t\t\t\t\t\t\t\t\t\t\t\t\t<div class=\"col-12 col-md-6 col-lg text-start text-md-center\">\n\t\t\t\t\t\t\t\t\t<div class=\"counter-wrapper\">\n\t\t\t\t\t\t\t\t\t\t<p class=\"counter-content\"><span class=\"counter\" data-number=\"2000\">0<\/span>+<\/p>\n\t\t\t\t\t\t\t\t\t\t<p class=\"counter-subcontent\">Voies commerciales exploit\u00e9es <\/p>\n\t\t\t\t\t\t\t\t\t<\/div>\n\t\t\t\t\t\t\t\t<\/div>\n\t\t\t\t\t\t\t\t\t\t\t\t\t<\/div>\n\t\t\t\t\t<\/div>\n\t\t\t\t<\/div>\n\t\t\t<\/div>\n\t\t<\/div>\n\t<\/div>\n<\/section>\n","protected":false},"excerpt":{"rendered":"","protected":false},"author":3,"featured_media":0,"parent":0,"menu_order":0,"comment_status":"closed","ping_status":"closed","template":"","meta":{"_acf_changed":false,"footnotes":""},"class_list":["post-2076","page","type-page","status-publish","hentry"],"acf":[],"yoast_head":"<!-- This site is optimized with the Yoast SEO plugin v27.6 - https:\/\/yoast.com\/product\/yoast-seo-wordpress\/ -->\n<title>Solutions logistiques automobiles | KBX<\/title>\n<meta name=\"description\" content=\"Optimisez l&#039;efficacit\u00e9 de vos cha\u00eenes d&#039;approvisionnement automobiles avec KBX. Exp\u00e9dition flexible pour pi\u00e8ces, composants et v\u00e9hicules finis.\" \/>\n<meta name=\"robots\" content=\"index, follow, max-snippet:-1, max-image-preview:large, max-video-preview:-1\" \/>\n<link rel=\"canonical\" href=\"https:\/\/kbx.com\/fr\/automobile\/\" \/>\n<meta property=\"og:locale\" content=\"fr_FR\" \/>\n<meta property=\"og:type\" content=\"article\" \/>\n<meta property=\"og:title\" content=\"Solutions logistiques automobiles | KBX\" \/>\n<meta property=\"og:description\" content=\"Optimisez l&#039;efficacit\u00e9 de vos cha\u00eenes d&#039;approvisionnement automobiles avec KBX. Exp\u00e9dition flexible pour pi\u00e8ces, composants et v\u00e9hicules finis.\" \/>\n<meta property=\"og:url\" content=\"https:\/\/kbx.com\/fr\/automobile\/\" \/>\n<meta property=\"og:site_name\" content=\"KBX\" \/>\n<meta property=\"article:modified_time\" content=\"2026-05-14T18:03:14+00:00\" \/>\n<meta name=\"twitter:card\" content=\"summary_large_image\" \/>\n<script type=\"application\/ld+json\" class=\"yoast-schema-graph\">{\"@context\":\"https:\\\/\\\/schema.org\",\"@graph\":[{\"@type\":\"WebPage\",\"@id\":\"https:\\\/\\\/kbx.com\\\/fr\\\/automobile\\\/\",\"url\":\"https:\\\/\\\/kbx.com\\\/fr\\\/automobile\\\/\",\"name\":\"Solutions logistiques automobiles | KBX\",\"isPartOf\":{\"@id\":\"https:\\\/\\\/kbx.com\\\/fr\\\/#website\"},\"datePublished\":\"2025-08-26T05:20:36+00:00\",\"dateModified\":\"2026-05-14T18:03:14+00:00\",\"description\":\"Optimisez l'efficacit\u00e9 de vos cha\u00eenes d'approvisionnement automobiles avec KBX. Exp\u00e9dition flexible pour pi\u00e8ces, composants et v\u00e9hicules finis.\",\"breadcrumb\":{\"@id\":\"https:\\\/\\\/kbx.com\\\/fr\\\/automobile\\\/#breadcrumb\"},\"inLanguage\":\"fr-FR\",\"potentialAction\":[{\"@type\":\"ReadAction\",\"target\":[\"https:\\\/\\\/kbx.com\\\/fr\\\/automobile\\\/\"]}]},{\"@type\":\"BreadcrumbList\",\"@id\":\"https:\\\/\\\/kbx.com\\\/fr\\\/automobile\\\/#breadcrumb\",\"itemListElement\":[{\"@type\":\"ListItem\",\"position\":1,\"name\":\"Home\",\"item\":\"https:\\\/\\\/kbx.com\\\/fr\\\/accueil\\\/\"},{\"@type\":\"ListItem\",\"position\":2,\"name\":\"Automobile\"}]},{\"@type\":\"WebSite\",\"@id\":\"https:\\\/\\\/kbx.com\\\/fr\\\/#website\",\"url\":\"https:\\\/\\\/kbx.com\\\/fr\\\/\",\"name\":\"KBX\",\"description\":\"\",\"potentialAction\":[{\"@type\":\"SearchAction\",\"target\":{\"@type\":\"EntryPoint\",\"urlTemplate\":\"https:\\\/\\\/kbx.com\\\/fr\\\/?s={search_term_string}\"},\"query-input\":{\"@type\":\"PropertyValueSpecification\",\"valueRequired\":true,\"valueName\":\"search_term_string\"}}],\"inLanguage\":\"fr-FR\"}]}<\/script>\n<!-- \/ Yoast SEO plugin. -->","yoast_head_json":{"title":"Solutions logistiques automobiles | KBX","description":"Optimisez l'efficacit\u00e9 de vos cha\u00eenes d'approvisionnement automobiles avec KBX. Exp\u00e9dition flexible pour pi\u00e8ces, composants et v\u00e9hicules finis.","robots":{"index":"index","follow":"follow","max-snippet":"max-snippet:-1","max-image-preview":"max-image-preview:large","max-video-preview":"max-video-preview:-1"},"canonical":"https:\/\/kbx.com\/fr\/automobile\/","og_locale":"fr_FR","og_type":"article","og_title":"Solutions logistiques automobiles | KBX","og_description":"Optimisez l'efficacit\u00e9 de vos cha\u00eenes d'approvisionnement automobiles avec KBX. Exp\u00e9dition flexible pour pi\u00e8ces, composants et v\u00e9hicules finis.","og_url":"https:\/\/kbx.com\/fr\/automobile\/","og_site_name":"KBX","article_modified_time":"2026-05-14T18:03:14+00:00","twitter_card":"summary_large_image","schema":{"@context":"https:\/\/schema.org","@graph":[{"@type":"WebPage","@id":"https:\/\/kbx.com\/fr\/automobile\/","url":"https:\/\/kbx.com\/fr\/automobile\/","name":"Solutions logistiques automobiles | KBX","isPartOf":{"@id":"https:\/\/kbx.com\/fr\/#website"},"datePublished":"2025-08-26T05:20:36+00:00","dateModified":"2026-05-14T18:03:14+00:00","description":"Optimisez l'efficacit\u00e9 de vos cha\u00eenes d'approvisionnement automobiles avec KBX. Exp\u00e9dition flexible pour pi\u00e8ces, composants et v\u00e9hicules finis.","breadcrumb":{"@id":"https:\/\/kbx.com\/fr\/automobile\/#breadcrumb"},"inLanguage":"fr-FR","potentialAction":[{"@type":"ReadAction","target":["https:\/\/kbx.com\/fr\/automobile\/"]}]},{"@type":"BreadcrumbList","@id":"https:\/\/kbx.com\/fr\/automobile\/#breadcrumb","itemListElement":[{"@type":"ListItem","position":1,"name":"Home","item":"https:\/\/kbx.com\/fr\/accueil\/"},{"@type":"ListItem","position":2,"name":"Automobile"}]},{"@type":"WebSite","@id":"https:\/\/kbx.com\/fr\/#website","url":"https:\/\/kbx.com\/fr\/","name":"KBX","description":"","potentialAction":[{"@type":"SearchAction","target":{"@type":"EntryPoint","urlTemplate":"https:\/\/kbx.com\/fr\/?s={search_term_string}"},"query-input":{"@type":"PropertyValueSpecification","valueRequired":true,"valueName":"search_term_string"}}],"inLanguage":"fr-FR"}]}},"_links":{"self":[{"href":"https:\/\/kbx.com\/fr\/wp-json\/wp\/v2\/pages\/2076","targetHints":{"allow":["GET"]}}],"collection":[{"href":"https:\/\/kbx.com\/fr\/wp-json\/wp\/v2\/pages"}],"about":[{"href":"https:\/\/kbx.com\/fr\/wp-json\/wp\/v2\/types\/page"}],"author":[{"embeddable":true,"href":"https:\/\/kbx.com\/fr\/wp-json\/wp\/v2\/users\/3"}],"replies":[{"embeddable":true,"href":"https:\/\/kbx.com\/fr\/wp-json\/wp\/v2\/comments?post=2076"}],"version-history":[{"count":3,"href":"https:\/\/kbx.com\/fr\/wp-json\/wp\/v2\/pages\/2076\/revisions"}],"predecessor-version":[{"id":2330,"href":"https:\/\/kbx.com\/fr\/wp-json\/wp\/v2\/pages\/2076\/revisions\/2330"}],"wp:attachment":[{"href":"https:\/\/kbx.com\/fr\/wp-json\/wp\/v2\/media?parent=2076"}],"curies":[{"name":"wp","href":"https:\/\/api.w.org\/{rel}","templated":true}]}}