{"id":2072,"date":"2025-08-25T23:25:03","date_gmt":"2025-08-26T05:25:03","guid":{"rendered":"https:\/\/kbx.com\/integrations-pour-les-transporteurs\/integrations-edi\/"},"modified":"2026-05-14T12:08:08","modified_gmt":"2026-05-14T18:08:08","slug":"integrations-edi","status":"publish","type":"page","link":"https:\/\/kbx.com\/fr\/integrations-pour-les-transporteurs\/integrations-edi\/","title":{"rendered":"Int\u00e9grations EDI"},"content":{"rendered":"\n\n\n\n<section class=\"component c-html\" role=\"region\" aria-roledescription=\"HTML\" aria-label=\"HTML\" >\n\t<div class=\"spacing-outside-default\">\n\t\t<div class=\"spacing-inside-default\">\n\t\t\t<div class=\"container\">\n\t\t\t\t<div class=\"row justify-content-center\">\n\t\t\t\t\t<div class=\"col-12   col-lg-10 \">\n\t\t\t\t\t\t<article>\n\t\t\t\t\t\t\t<h2>Ce que l\u2019int\u00e9gration EDI apporte<\/h2>\n<p>Dans le cadre d\u2019une configuration EDI compl\u00e8te, nous \u00e9changeons les transactions suivantes :<\/p>\n<ul>\n<li><strong>204<\/strong> Appel d\u2019offres de chargement<\/li>\n<li><strong>990<\/strong> R\u00e9ponse d\u2019acceptation\/refus \u00e0 l\u2019appel d\u2019offres de chargement<\/li>\n<li><strong>214<\/strong> Statut d\u2019exp\u00e9dition<\/li>\n<li><strong>110\/210\/310\/410<\/strong> Facture de transport<\/li>\n<li><strong>997<\/strong> Accus\u00e9 de r\u00e9ception fonctionnel<\/li>\n<\/ul>\n<p>Nous pouvons nous connecter via <strong>VAN, AS2, sFTP ou FTP<\/strong> \u2014 AS2 \u00e9tant notre m\u00e9thode privil\u00e9gi\u00e9e.<\/p>\n<p><strong>Recommand\u00e9 pour les transporteurs qui :<\/strong><\/p>\n<ul>\n<li>Sont compatibles EDI X12 et peuvent mapper selon nos directives 4010<\/li>\n<li>Peuvent fournir des mises \u00e0 jour de rendez-vous, d\u2019ETA, en transit, d\u2019arriv\u00e9e et de d\u00e9part<\/li>\n<li>Pr\u00e9f\u00e8rent l\u2019appel d\u2019offres\/la r\u00e9ponse EDI et la facturation plut\u00f4t que le traitement manuel<\/li>\n<li>Utilisent des courtiers ou des conducteurs exempt\u00e9s d\u2019ELD pour transporter des chargements KBX<\/li>\n<\/ul>\n<p><a href=\"https:\/\/kbx.com\/wp-content\/uploads\/2025\/09\/EDI-Grid.png\" target=\"_blank\" rel=\"noopener\">Voir les codes de rendez-vous et de statut EDI 214 AT7 pour Van \/ Truckload \/ LTL<\/a><\/p>\n\n\t\t\t\t\t\t<\/article>\n\n\t\t\t\t\t<\/div>\n\t\t\t\t<\/div>\n\t\t\t\t\t\t\t<\/div>\n\t\t<\/div>\n\t<\/div>\n<\/section>\n\n\n<section class=\"component c-accordion\" role=\"region\" aria-roledescription=\"FAQ and Content \/ Accordion\" aria-label=\"FAQ and Content \/ Accordion\" >\n\t<div\n\t\tclass=\"spacing-outside-default\">\n\t\t\t\t<div\n\t\t\tclass=\"spacing-inside-default \">\n\t\t\t\t\t\t<div class=\"container\">\n\t\t\t\t\t\t\t\t\t<div class=\"row mb-0 mb-lg-3\">\n\t\t\t\t\t\t<div class=\"col-12\">\n\t\t\t\t\t\t\t<h2>\n\t\t\t\t\t\t\t\tComment \u00e7a marche\n\t\t\t\t\t\t\t<\/h2>\n\n\t\t\t\t\t\t<\/div>\n\t\t\t\t\t<\/div>\n\t\t\t\t\t\t\t\t<div class=\"row gap-4 gap-lg-0\">\n\t\t\t\t\t<div class=\"col-12 \">\n\t\t\t\t\t\t<div class=\"accordions\">\n\t\t\t\t\t\t\t\t\t\t\t\t\t\t\t<div id=\"content-1\" class=\"accordion active\">\n\t\t\t\t\t\t\t\t\t<button id=\"tab-title-1\" class=\"accordion-toggler\" aria-controls=\"accordion-content-1\"  aria-expanded=\"true\">\n\t\t\t\t\t\t\t\t\t\t<div class=\"accordion-title\">Notre plan<\/div>\n\t\t\t\t\t\t\t\t\t\t<div class=\"accordion-toggler-icon\" aria-hidden=\"true\">\n\t\t\t\t\t\t\t\t\t\t\t<span><\/span>\n\t\t\t\t\t\t\t\t\t\t\t<span><\/span>\n\t\t\t\t\t\t\t\t\t\t<\/div>\n\t\t\t\t\t\t\t\t\t<\/button>\n\t\t\t\t\t\t\t\t\t<div id=\"accordion-content-1\" class=\"accordion-content clearfix\" tabindex=\"0\" role=\"tabpanel\" aria-labelledby=\"tab-title-1\" aria-hidden=\"false\"  style=\"display: block;\">\n\t\t\t\t\t\t\t\t\t\t<div class=\"pt-2 pt-lg-3\">\n\t\t\t\t\t\t\t\t\t\t\t<p>Nous \u00e9changeons des documents EDI en utilisant notre <strong>ID ISA\/GS ZZ\/KBXTECH<\/strong> via la plateforme EDI cloud d\u2019Orderful, en test comme en production.<\/p>\n<ul>\n<li>ISA_15 = P \u2192 Production<\/li>\n<li>ISA_15 = T \u2192 Test<\/li>\n<\/ul>\n<p><a href=\"https:\/\/orderful.com\/about-us\/\" target=\"_blank\" rel=\"noopener\">Orderful<\/a> offre de la visibilit\u00e9, des notifications d\u2019erreurs, des tests en libre-service et un temps d\u2019arr\u00eat minimal.<\/p>\n\n\t\t\t\t\t\t\t\t\t\t<\/div>\n\t\t\t\t\t\t\t\t\t<\/div>\n\t\t\t\t\t\t\t\t<\/div>\n\t\t\t\t\t\t\t\t\t\t\t\t\t\t\t<div id=\"content-2\" class=\"accordion\">\n\t\t\t\t\t\t\t\t\t<button id=\"tab-title-2\" class=\"accordion-toggler\" aria-controls=\"accordion-content-2\"  aria-expanded=\"false\">\n\t\t\t\t\t\t\t\t\t\t<div class=\"accordion-title\">Processus d\u2019int\u00e9gration<\/div>\n\t\t\t\t\t\t\t\t\t\t<div class=\"accordion-toggler-icon\" aria-hidden=\"true\">\n\t\t\t\t\t\t\t\t\t\t\t<span><\/span>\n\t\t\t\t\t\t\t\t\t\t\t<span><\/span>\n\t\t\t\t\t\t\t\t\t\t<\/div>\n\t\t\t\t\t\t\t\t\t<\/button>\n\t\t\t\t\t\t\t\t\t<div id=\"accordion-content-2\" class=\"accordion-content clearfix\" tabindex=\"0\" role=\"tabpanel\" aria-labelledby=\"tab-title-2\" aria-hidden=\"true\" >\n\t\t\t\t\t\t\t\t\t\t<div class=\"pt-2 pt-lg-3\">\n\t\t\t\t\t\t\t\t\t\t\t<ol>\n<li>KBX envoie une demande d\u2019\u00e9change via Orderful.<\/li>\n<li>Vous recevez les identifiants de connexion et configurez la connectivit\u00e9 (AS2 privil\u00e9gi\u00e9, sFTP ou VAN \u00e9galement pris en charge).<\/li>\n<li>Les transactions de test sont \u00e9chang\u00e9es et valid\u00e9es par rapport \u00e0 nos directives dans Orderful.<\/li>\n<li>La mise en production est planifi\u00e9e du lundi au jeudi, de 8 h \u00e0 14 h (CT), apr\u00e8s des tests r\u00e9ussis.<\/li>\n<\/ol>\n\n\t\t\t\t\t\t\t\t\t\t<\/div>\n\t\t\t\t\t\t\t\t\t<\/div>\n\t\t\t\t\t\t\t\t<\/div>\n\t\t\t\t\t\t\t\t\t\t\t\t\t\t\t<div id=\"content-3\" class=\"accordion\">\n\t\t\t\t\t\t\t\t\t<button id=\"tab-title-3\" class=\"accordion-toggler\" aria-controls=\"accordion-content-3\"  aria-expanded=\"false\">\n\t\t\t\t\t\t\t\t\t\t<div class=\"accordion-title\">Ce que vous devrez fournir<\/div>\n\t\t\t\t\t\t\t\t\t\t<div class=\"accordion-toggler-icon\" aria-hidden=\"true\">\n\t\t\t\t\t\t\t\t\t\t\t<span><\/span>\n\t\t\t\t\t\t\t\t\t\t\t<span><\/span>\n\t\t\t\t\t\t\t\t\t\t<\/div>\n\t\t\t\t\t\t\t\t\t<\/button>\n\t\t\t\t\t\t\t\t\t<div id=\"accordion-content-3\" class=\"accordion-content clearfix\" tabindex=\"0\" role=\"tabpanel\" aria-labelledby=\"tab-title-3\" aria-hidden=\"true\" >\n\t\t\t\t\t\t\t\t\t\t<div class=\"pt-2 pt-lg-3\">\n\t\t\t\t\t\t\t\t\t\t\t<ul>\n<li>Nom du transporteur et SCAC<\/li>\n<li>Qualifiant d\u2019\u00e9change et ID<\/li>\n<li>Coordonn\u00e9es du contact EDI principal<\/li>\n<li>M\u00e9thode de connexion EDI (AS2, sFTP, VAN)<\/li>\n<li>Transactions \u00e0 \u00e9changer<\/li>\n<li>Capacit\u00e9s d\u2019accus\u00e9 de r\u00e9ception fonctionnel 997<\/li>\n<li>Pour Truckload\/LTL : capacit\u00e9 d\u2019envoyer des mises \u00e0 jour en transit et des messages 214 en lot<\/li>\n<\/ul>\n<p><a href=\"https:\/\/forms.office.com\/Pages\/ResponsePage.aspx?id=feYcEPITekS7ZQmJuJ39tM8kdHMd-FpLtUf2nQF3S3BURFNHM1hBUUJPSVhPTTJYS1E5UFRHWlpPSi4u\" target=\"_blank\" rel=\"noopener\">Remplir le questionnaire EDI Truckload\/LTL<\/a><br \/>\n<a href=\"https:\/\/forms.office.com\/Pages\/ResponsePage.aspx?id=feYcEPITekS7ZQmJuJ39tM8kdHMd-FpLtUf2nQF3S3BUNkhBQTZTUjJMV0VETEdaVTdGN0U5UU5ENC4u\" target=\"_blank\" rel=\"noopener\">Remplir le questionnaire EDI Maritime\/A\u00e9rien<\/a><\/p>\n\n\t\t\t\t\t\t\t\t\t\t<\/div>\n\t\t\t\t\t\t\t\t\t<\/div>\n\t\t\t\t\t\t\t\t<\/div>\n\t\t\t\t\t\t\t\t\t\t\t\t\t\t\t<div id=\"content-4\" class=\"accordion\">\n\t\t\t\t\t\t\t\t\t<button id=\"tab-title-4\" class=\"accordion-toggler\" aria-controls=\"accordion-content-4\"  aria-expanded=\"false\">\n\t\t\t\t\t\t\t\t\t\t<div class=\"accordion-title\">Apr\u00e8s avoir rempli le questionnaire<\/div>\n\t\t\t\t\t\t\t\t\t\t<div class=\"accordion-toggler-icon\" aria-hidden=\"true\">\n\t\t\t\t\t\t\t\t\t\t\t<span><\/span>\n\t\t\t\t\t\t\t\t\t\t\t<span><\/span>\n\t\t\t\t\t\t\t\t\t\t<\/div>\n\t\t\t\t\t\t\t\t\t<\/button>\n\t\t\t\t\t\t\t\t\t<div id=\"accordion-content-4\" class=\"accordion-content clearfix\" tabindex=\"0\" role=\"tabpanel\" aria-labelledby=\"tab-title-4\" aria-hidden=\"true\" >\n\t\t\t\t\t\t\t\t\t\t<div class=\"pt-2 pt-lg-3\">\n\t\t\t\t\t\t\t\t\t\t\t<ul>\n<li><strong>Consultez les directives<\/strong> (lien en bas de page) et confirmez que vous effectuez le mapping afin d\u2019envoyer les bons \u00e9l\u00e9ments de donn\u00e9es X12, conform\u00e9ment \u00e0 nos normes. Les validations de test dans Orderful correspondent exactement \u00e0 ce qui sera utilis\u00e9 en production. <\/li>\n<li><strong>N\u2019envoyez que des fichiers de test pr\u00eats pour la production<\/strong> \u2014 tout fichier \u00ab simul\u00e9 \u00bb doit \u00eatre identique, en structure et en contenu, \u00e0 ce qui sera envoy\u00e9 en r\u00e9el apr\u00e8s la mise en production.<\/li>\n<li><strong>Contactez votre sp\u00e9cialiste de l\u2019int\u00e9gration EDI<\/strong> \u00e0 l\u2019adresse B2BOnboarding@kbx.global pour toute question ou clarification concernant les directives et les sc\u00e9narios de test.<\/li>\n<li><strong>Contactez l\u2019assistance Orderful<\/strong> \u00e0 l\u2019adresse support@orderful.com pour obtenir de l\u2019aide concernant l\u2019acc\u00e8s \u00e0 la plateforme ou les m\u00e9thodes de communication.<\/li>\n<\/ul>\n\n\t\t\t\t\t\t\t\t\t\t<\/div>\n\t\t\t\t\t\t\t\t\t<\/div>\n\t\t\t\t\t\t\t\t<\/div>\n\t\t\t\t\t\t\t\t\t\t\t\t\t\t\t<div id=\"content-5\" class=\"accordion\">\n\t\t\t\t\t\t\t\t\t<button id=\"tab-title-5\" class=\"accordion-toggler\" aria-controls=\"accordion-content-5\"  aria-expanded=\"false\">\n\t\t\t\t\t\t\t\t\t\t<div class=\"accordion-title\">Pr\u00e9-tester vos fichiers<\/div>\n\t\t\t\t\t\t\t\t\t\t<div class=\"accordion-toggler-icon\" aria-hidden=\"true\">\n\t\t\t\t\t\t\t\t\t\t\t<span><\/span>\n\t\t\t\t\t\t\t\t\t\t\t<span><\/span>\n\t\t\t\t\t\t\t\t\t\t<\/div>\n\t\t\t\t\t\t\t\t\t<\/button>\n\t\t\t\t\t\t\t\t\t<div id=\"accordion-content-5\" class=\"accordion-content clearfix\" tabindex=\"0\" role=\"tabpanel\" aria-labelledby=\"tab-title-5\" aria-hidden=\"true\" >\n\t\t\t\t\t\t\t\t\t\t<div class=\"pt-2 pt-lg-3\">\n\t\t\t\t\t\t\t\t\t\t\t<p>Vous pouvez valider les fichiers EDI avant de vous connecter :<\/p>\n<ol>\n<li>Acc\u00e9dez \u00e0 <a href=\"https:\/\/www.orderful.com\/validate-edi-in-real-time\" target=\"_blank\" rel=\"noopener\">https:\/\/www.orderful.com\/validate-edi-in-real-time <\/a> <\/li>\n<li>Collez votre fichier dans \u00ab TEST YOUR EDI \u00bb<\/li>\n<li>Cliquez sur <strong>Validate Payload<\/strong><\/li>\n<li>Examinez les erreurs \u00e9ventuelles et suivez les instructions de correction fournies<\/li>\n<\/ol>\n\n\t\t\t\t\t\t\t\t\t\t<\/div>\n\t\t\t\t\t\t\t\t\t<\/div>\n\t\t\t\t\t\t\t\t<\/div>\n\t\t\t\t\t\t\t\t\t\t\t\t\t<\/div>\n\t\t\t\t\t<\/div>\n\t\t\t\t\t\t\t\t\t<\/div>\n\t\t\t<\/div>\n\n\t\t<\/div>\n\t<\/div>\n\n\n<\/section>\n\n\n\n<section class=\"component c-cta\" role=\"region\" aria-roledescription=\"CTA\" aria-label=\"CTA\" >\n\t<div\n\t\tclass=\"spacing-outside-default\">\n\t\t\t\t<div\n\t\t\tclass=\"spacing-inside-default \">\n\t\t\t\t\t\t<div class=\"custom-wrapper\">\n\t\t\t\t<div class=\"container\">\n\t\t\t\t\t<div class=\"row justify-content-center\">\n\t\t\t\t\t\t<div class=\"col-12\">\n\t\t\t\t\t\t\t<div class=\"cta_wrapper\">\n\t\t\t\t\t\t\t\t<div class=\"background\">\n\t\t\t\t\t\t\t\t\t\t\t\t\t\t\t\t\t\t\t\t\t\t\t\t\t\t\t\t\t<img fetchpriority=\"high\" decoding=\"async\" src=\"https:\/\/kbx.com\/wp-content\/uploads\/2025\/09\/cta-background-desktop.jpg\" srcset=\"https:\/\/kbx.com\/wp-content\/uploads\/2025\/09\/cta-background-desktop.jpg 1920w, https:\/\/kbx.com\/wp-content\/uploads\/2025\/09\/cta-background-desktop-300x83.jpg 300w, https:\/\/kbx.com\/wp-content\/uploads\/2025\/09\/cta-background-desktop-1024x284.jpg 1024w, https:\/\/kbx.com\/wp-content\/uploads\/2025\/09\/cta-background-desktop-768x213.jpg 768w, https:\/\/kbx.com\/wp-content\/uploads\/2025\/09\/cta-background-desktop-1536x426.jpg 1536w\" sizes=\"(max-width: 1920px) 100vw, 1920px\" width=\"1920\" height=\"532\" class=\"img-fluid  d-none d-lg-block \" alt=\"Shipping containers\" loading=\"eager\" role=\"presentation\"\/>\n\t\t\t\t\t\t\t\t\t\t\t\t\t\t\t\t\t\t\t\t\t\t\t\t\t\t\t\t\t\t\t\t\t\t\t\t\t\t<img decoding=\"async\" src=\"https:\/\/kbx.com\/wp-content\/uploads\/2025\/09\/cta-background-mobile.jpg\" srcset=\"https:\/\/kbx.com\/wp-content\/uploads\/2025\/09\/cta-background-mobile.jpg 800w, https:\/\/kbx.com\/wp-content\/uploads\/2025\/09\/cta-background-mobile-300x188.jpg 300w, https:\/\/kbx.com\/wp-content\/uploads\/2025\/09\/cta-background-mobile-768x480.jpg 768w\" sizes=\"(max-width: 800px) 100vw, 800px\" width=\"800\" height=\"500\" class=\"img-fluid d-block d-lg-none\" alt=\"Shipping\" loading=\"eager\" role=\"presentation\"\/>\n\t\t\t\t\t\t\t\t\t\t\t\t\t\t\t\t\t<\/div>\n\t\t\t\t\t\t\t\t<div class=\"content-wrapper\">\n\t\t\t\t\t\t\t\t\t<h2>Besoin d&rsquo;aide pour votre int\u00e9gration EDI ?<\/h2>\n\t\t\t\t\t\t\t\t\t\t\t\t\t\t\t\t\t\t\t\n                           \n  <div class=\"c-button text-center\"  >\n    <a href=\"https:\/\/kbx.com\/contact-us\/\" class=\"btn  btn-fill btn-white\" >\n        <span>Contactez notre \u00e9quipe <\/span>\n\n                    <span class=\"icon\">\n                <svg>\n                    <use href=\"#icon-arrow\"><\/use>\n                <\/svg>\n            <\/span>\n            <\/a>\n  <\/div>\n\n\n\n\n\t\t\t\t\t\t\t\t\t\t\t\t\t\t\t\t\t<\/div>\n\t\t\t\t\t\t\t<\/div>\n\t\t\t\t\t\t<\/div>\n\t\t\t\t\t<\/div>\n\t\t\t\t<\/div>\n\t\t\t<\/div>\n\t\t<\/div>\n\t<\/div>\n<\/section>\n\n\n\n\n<section class=\"component c-html\" role=\"region\" aria-roledescription=\"HTML\" aria-label=\"HTML\" >\n\t<div class=\"spacing-outside-default\">\n\t\t<div class=\"spacing-inside-default\">\n\t\t\t<div class=\"container\">\n\t\t\t\t<div class=\"row justify-content-center\">\n\t\t\t\t\t<div class=\"col-12   col-lg-10 \">\n\t\t\t\t\t\t<article>\n\t\t\t\t\t\t\t<h2>Directives EDI prises en charge<\/h2>\n<p>&nbsp;<\/p>\n<p data-start=\"302\" data-end=\"336\"><strong data-start=\"302\" data-end=\"334\">Truckload \/ LTL \/ Intermodal<\/strong><\/p>\n<ul data-start=\"337\" data-end=\"444\">\n<li data-start=\"337\" data-end=\"373\">\n<p data-start=\"339\" data-end=\"373\"><strong data-start=\"339\" data-end=\"357\">KBX vers transporteur<\/strong> : <a href=\"https:\/\/kbx.com\/wp-content\/uploads\/2025\/09\/KBXTECH204-2.pdf\" target=\"_blank\" rel=\"noopener\">204 Appel d\u2019offres<\/a><\/p>\n<\/li>\n<li data-start=\"374\" data-end=\"444\">\n<p data-start=\"376\" data-end=\"444\"><strong data-start=\"376\" data-end=\"394\">Transporteur vers KBX<\/strong> : <a href=\"https:\/\/kbx.com\/wp-content\/uploads\/2025\/09\/KBXTECH990.pdf\" target=\"_blank\" rel=\"noopener\">990 Acceptation\/Rejet<\/a>, <a href=\"https:\/\/kbx.com\/wp-content\/uploads\/2025\/09\/KBXTECH214-1.pdf\" target=\"_blank\" rel=\"noopener\">214 Statut<\/a>, <a href=\"https:\/\/kbx.com\/wp-content\/uploads\/2025\/09\/KBXTECH210-1.pdf\" target=\"_blank\" rel=\"noopener\">210 Facture<\/a><\/p>\n<\/li>\n<\/ul>\n<p data-start=\"446\" data-end=\"458\"><strong data-start=\"446\" data-end=\"456\">Maritime<\/strong><\/p>\n<ul data-start=\"459\" data-end=\"551\">\n<li data-start=\"459\" data-end=\"501\">\n<p data-start=\"461\" data-end=\"501\"><strong data-start=\"461\" data-end=\"479\">KBX vers transporteur<\/strong> : <em data-start=\"481\" data-end=\"499\">(Non applicable)<\/em><\/p>\n<\/li>\n<li data-start=\"502\" data-end=\"551\">\n<p data-start=\"504\" data-end=\"551\"><strong data-start=\"504\" data-end=\"522\">Transporteur vers KBX<\/strong> : <a href=\"https:\/\/kbx.com\/wp-content\/uploads\/2025\/09\/315_4010-Marine-Shipment-Status.pdf\" target=\"_blank\" rel=\"noopener\">315 Statut<\/a>, <a href=\"https:\/\/kbx.com\/wp-content\/uploads\/2025\/09\/PPD-310req_4010-rev-10052020-3.pdf\" target=\"_blank\" rel=\"noopener\">310 Facture<\/a><\/p>\n<\/li>\n<\/ul>\n<p data-start=\"553\" data-end=\"563\"><strong data-start=\"553\" data-end=\"561\">Rail<\/strong><\/p>\n<ul data-start=\"564\" data-end=\"665\">\n<li data-start=\"564\" data-end=\"600\">\n<p data-start=\"566\" data-end=\"600\"><strong data-start=\"566\" data-end=\"584\">KBX vers transporteur<\/strong> : <a href=\"https:\/\/kbx.com\/wp-content\/uploads\/2025\/09\/KBXTECH404.pdf\" target=\"_blank\" rel=\"noopener\">404 Appel d\u2019offres<\/a><\/p>\n<\/li>\n<li data-start=\"601\" data-end=\"665\">\n<p data-start=\"603\" data-end=\"665\"><strong data-start=\"603\" data-end=\"621\">Transporteur vers KBX<\/strong> : <a href=\"https:\/\/kbx.com\/wp-content\/uploads\/2025\/09\/KBXTECH824-1.pdf\" target=\"_blank\" rel=\"noopener\">824 Avis<\/a>, <a href=\"https:\/\/kbx.com\/wp-content\/uploads\/2025\/09\/KBXTECH417.pdf\" target=\"_blank\" rel=\"noopener\">417 Lettre de voiture<\/a>, <a href=\"https:\/\/kbx.com\/wp-content\/uploads\/2026\/05\/PPD-410req_4010-rev-051126.pdf\">410 Facture<\/a><\/p>\n<\/li>\n<\/ul>\n<p><strong data-start=\"553\" data-end=\"561\">A\u00e9rien  <\/strong><\/p>\n<ul data-start=\"564\" data-end=\"665\">\n<li data-start=\"564\" data-end=\"600\">\n<p data-start=\"566\" data-end=\"600\"><strong data-start=\"566\" data-end=\"584\">KBX vers transporteur<\/strong> : <em data-start=\"481\" data-end=\"499\">(Non applicable)<\/em><\/p>\n<\/li>\n<li data-start=\"601\" data-end=\"665\">\n<p data-start=\"603\" data-end=\"665\"><strong data-start=\"603\" data-end=\"621\">Transporteur vers KBX<\/strong> : <a href=\"https:\/\/kbx.com\/wp-content\/uploads\/2025\/09\/PPD-110req_4010-rev-12042023-1.pdf\" target=\"_blank\" rel=\"noopener\">110 Facture<\/a><\/p>\n<\/li>\n<\/ul>\n<p>Voir les consignes pour les <a href=\"https:\/\/kbx.com\/wp-content\/uploads\/2025\/09\/Orderful-214210310-Rejection-Error-Messages-1-1.pdf\" target=\"_blank\" rel=\"noopener\">messages d\u2019erreur de rejet Orderful 214\/210\/310<\/a><\/p>\n\n\t\t\t\t\t\t<\/article>\n\n\t\t\t\t\t<\/div>\n\t\t\t\t<\/div>\n\t\t\t\t\t\t\t<\/div>\n\t\t<\/div>\n\t<\/div>\n<\/section>\n","protected":false},"excerpt":{"rendered":"","protected":false},"author":3,"featured_media":0,"parent":2045,"menu_order":0,"comment_status":"closed","ping_status":"closed","template":"","meta":{"_acf_changed":false,"footnotes":""},"class_list":["post-2072","page","type-page","status-publish","hentry"],"acf":[],"yoast_head":"<!-- This site is optimized with the Yoast SEO plugin v27.6 - https:\/\/yoast.com\/product\/yoast-seo-wordpress\/ -->\n<title>Int\u00e9gration EDI | KBX<\/title>\n<meta name=\"description\" content=\"Simplifiez l\u2019\u00e9change de donn\u00e9es gr\u00e2ce \u00e0 l\u2019int\u00e9gration EDI de KBX. Automatisez facilement les appels d\u2019offres de chargement, les factures et les mises \u00e0 jour d\u2019exp\u00e9dition.\" \/>\n<meta name=\"robots\" content=\"index, follow, max-snippet:-1, max-image-preview:large, max-video-preview:-1\" \/>\n<link rel=\"canonical\" href=\"https:\/\/kbx.com\/fr\/integrations-pour-les-transporteurs\/integrations-edi\/\" \/>\n<meta property=\"og:locale\" content=\"fr_FR\" \/>\n<meta property=\"og:type\" content=\"article\" \/>\n<meta property=\"og:title\" content=\"Int\u00e9gration EDI | KBX\" \/>\n<meta property=\"og:description\" content=\"Simplifiez l\u2019\u00e9change de donn\u00e9es gr\u00e2ce \u00e0 l\u2019int\u00e9gration EDI de KBX. Automatisez facilement les appels d\u2019offres de chargement, les factures et les mises \u00e0 jour d\u2019exp\u00e9dition.\" \/>\n<meta property=\"og:url\" content=\"https:\/\/kbx.com\/fr\/integrations-pour-les-transporteurs\/integrations-edi\/\" \/>\n<meta property=\"og:site_name\" content=\"KBX\" \/>\n<meta property=\"article:modified_time\" content=\"2026-05-14T18:08:08+00:00\" \/>\n<meta name=\"twitter:card\" content=\"summary_large_image\" \/>\n<script type=\"application\/ld+json\" class=\"yoast-schema-graph\">{\"@context\":\"https:\\\/\\\/schema.org\",\"@graph\":[{\"@type\":\"WebPage\",\"@id\":\"https:\\\/\\\/kbx.com\\\/fr\\\/integrations-pour-les-transporteurs\\\/integrations-edi\\\/\",\"url\":\"https:\\\/\\\/kbx.com\\\/fr\\\/integrations-pour-les-transporteurs\\\/integrations-edi\\\/\",\"name\":\"Int\u00e9gration EDI | KBX\",\"isPartOf\":{\"@id\":\"https:\\\/\\\/kbx.com\\\/fr\\\/#website\"},\"datePublished\":\"2025-08-26T05:25:03+00:00\",\"dateModified\":\"2026-05-14T18:08:08+00:00\",\"description\":\"Simplifiez l\u2019\u00e9change de donn\u00e9es gr\u00e2ce \u00e0 l\u2019int\u00e9gration EDI de KBX. Automatisez facilement les appels d\u2019offres de chargement, les factures et les mises \u00e0 jour d\u2019exp\u00e9dition.\",\"breadcrumb\":{\"@id\":\"https:\\\/\\\/kbx.com\\\/fr\\\/integrations-pour-les-transporteurs\\\/integrations-edi\\\/#breadcrumb\"},\"inLanguage\":\"fr-FR\",\"potentialAction\":[{\"@type\":\"ReadAction\",\"target\":[\"https:\\\/\\\/kbx.com\\\/fr\\\/integrations-pour-les-transporteurs\\\/integrations-edi\\\/\"]}]},{\"@type\":\"BreadcrumbList\",\"@id\":\"https:\\\/\\\/kbx.com\\\/fr\\\/integrations-pour-les-transporteurs\\\/integrations-edi\\\/#breadcrumb\",\"itemListElement\":[{\"@type\":\"ListItem\",\"position\":1,\"name\":\"Home\",\"item\":\"https:\\\/\\\/kbx.com\\\/fr\\\/accueil\\\/\"},{\"@type\":\"ListItem\",\"position\":2,\"name\":\"Int\u00e9grations pour les transporteurs\",\"item\":\"https:\\\/\\\/kbx.com\\\/fr\\\/integrations-pour-les-transporteurs\\\/\"},{\"@type\":\"ListItem\",\"position\":3,\"name\":\"Int\u00e9grations EDI\"}]},{\"@type\":\"WebSite\",\"@id\":\"https:\\\/\\\/kbx.com\\\/fr\\\/#website\",\"url\":\"https:\\\/\\\/kbx.com\\\/fr\\\/\",\"name\":\"KBX\",\"description\":\"\",\"potentialAction\":[{\"@type\":\"SearchAction\",\"target\":{\"@type\":\"EntryPoint\",\"urlTemplate\":\"https:\\\/\\\/kbx.com\\\/fr\\\/?s={search_term_string}\"},\"query-input\":{\"@type\":\"PropertyValueSpecification\",\"valueRequired\":true,\"valueName\":\"search_term_string\"}}],\"inLanguage\":\"fr-FR\"}]}<\/script>\n<!-- \/ Yoast SEO plugin. -->","yoast_head_json":{"title":"Int\u00e9gration EDI | KBX","description":"Simplifiez l\u2019\u00e9change de donn\u00e9es gr\u00e2ce \u00e0 l\u2019int\u00e9gration EDI de KBX. Automatisez facilement les appels d\u2019offres de chargement, les factures et les mises \u00e0 jour d\u2019exp\u00e9dition.","robots":{"index":"index","follow":"follow","max-snippet":"max-snippet:-1","max-image-preview":"max-image-preview:large","max-video-preview":"max-video-preview:-1"},"canonical":"https:\/\/kbx.com\/fr\/integrations-pour-les-transporteurs\/integrations-edi\/","og_locale":"fr_FR","og_type":"article","og_title":"Int\u00e9gration EDI | KBX","og_description":"Simplifiez l\u2019\u00e9change de donn\u00e9es gr\u00e2ce \u00e0 l\u2019int\u00e9gration EDI de KBX. Automatisez facilement les appels d\u2019offres de chargement, les factures et les mises \u00e0 jour d\u2019exp\u00e9dition.","og_url":"https:\/\/kbx.com\/fr\/integrations-pour-les-transporteurs\/integrations-edi\/","og_site_name":"KBX","article_modified_time":"2026-05-14T18:08:08+00:00","twitter_card":"summary_large_image","schema":{"@context":"https:\/\/schema.org","@graph":[{"@type":"WebPage","@id":"https:\/\/kbx.com\/fr\/integrations-pour-les-transporteurs\/integrations-edi\/","url":"https:\/\/kbx.com\/fr\/integrations-pour-les-transporteurs\/integrations-edi\/","name":"Int\u00e9gration EDI | KBX","isPartOf":{"@id":"https:\/\/kbx.com\/fr\/#website"},"datePublished":"2025-08-26T05:25:03+00:00","dateModified":"2026-05-14T18:08:08+00:00","description":"Simplifiez l\u2019\u00e9change de donn\u00e9es gr\u00e2ce \u00e0 l\u2019int\u00e9gration EDI de KBX. Automatisez facilement les appels d\u2019offres de chargement, les factures et les mises \u00e0 jour d\u2019exp\u00e9dition.","breadcrumb":{"@id":"https:\/\/kbx.com\/fr\/integrations-pour-les-transporteurs\/integrations-edi\/#breadcrumb"},"inLanguage":"fr-FR","potentialAction":[{"@type":"ReadAction","target":["https:\/\/kbx.com\/fr\/integrations-pour-les-transporteurs\/integrations-edi\/"]}]},{"@type":"BreadcrumbList","@id":"https:\/\/kbx.com\/fr\/integrations-pour-les-transporteurs\/integrations-edi\/#breadcrumb","itemListElement":[{"@type":"ListItem","position":1,"name":"Home","item":"https:\/\/kbx.com\/fr\/accueil\/"},{"@type":"ListItem","position":2,"name":"Int\u00e9grations pour les transporteurs","item":"https:\/\/kbx.com\/fr\/integrations-pour-les-transporteurs\/"},{"@type":"ListItem","position":3,"name":"Int\u00e9grations EDI"}]},{"@type":"WebSite","@id":"https:\/\/kbx.com\/fr\/#website","url":"https:\/\/kbx.com\/fr\/","name":"KBX","description":"","potentialAction":[{"@type":"SearchAction","target":{"@type":"EntryPoint","urlTemplate":"https:\/\/kbx.com\/fr\/?s={search_term_string}"},"query-input":{"@type":"PropertyValueSpecification","valueRequired":true,"valueName":"search_term_string"}}],"inLanguage":"fr-FR"}]}},"_links":{"self":[{"href":"https:\/\/kbx.com\/fr\/wp-json\/wp\/v2\/pages\/2072","targetHints":{"allow":["GET"]}}],"collection":[{"href":"https:\/\/kbx.com\/fr\/wp-json\/wp\/v2\/pages"}],"about":[{"href":"https:\/\/kbx.com\/fr\/wp-json\/wp\/v2\/types\/page"}],"author":[{"embeddable":true,"href":"https:\/\/kbx.com\/fr\/wp-json\/wp\/v2\/users\/3"}],"replies":[{"embeddable":true,"href":"https:\/\/kbx.com\/fr\/wp-json\/wp\/v2\/comments?post=2072"}],"version-history":[{"count":3,"href":"https:\/\/kbx.com\/fr\/wp-json\/wp\/v2\/pages\/2072\/revisions"}],"predecessor-version":[{"id":2334,"href":"https:\/\/kbx.com\/fr\/wp-json\/wp\/v2\/pages\/2072\/revisions\/2334"}],"up":[{"embeddable":true,"href":"https:\/\/kbx.com\/fr\/wp-json\/wp\/v2\/pages\/2045"}],"wp:attachment":[{"href":"https:\/\/kbx.com\/fr\/wp-json\/wp\/v2\/media?parent=2072"}],"curies":[{"name":"wp","href":"https:\/\/api.w.org\/{rel}","templated":true}]}}