{"id":2058,"date":"2025-08-25T23:21:55","date_gmt":"2025-08-26T05:21:55","guid":{"rendered":"https:\/\/kbx.com\/fabrication-industrielle\/"},"modified":"2026-05-14T12:56:59","modified_gmt":"2026-05-14T18:56:59","slug":"fabrication-industrielle","status":"publish","type":"page","link":"https:\/\/kbx.com\/fr\/fabrication-industrielle\/","title":{"rendered":"Fabrication Industrielle"},"content":{"rendered":"\n\n<section class=\"component c-icon-content\" role=\"region\" aria-roledescription=\"Icon + Content\" aria-label=\"Icon + Content\" >\n\t<div\n\t\tclass=\"spacing-outside-default\">\n\t\t\t\t<div\n\t\t\tclass=\"spacing-inside-default \">\n\t\t\t\t\t\t<div class=\"custom-wrapper\">\n\t\t\t\t<div class=\"container\">\n\t\t\t\t\t\t\t\t\t\t<div class=\"row justify-content-center\">\n\t\t\t\t\t\t\t\t\t\t\t\t\t\t\t\t\t\t\t\t\t\t\t\t\t\t\t\t\t\t\t\t\t\t\t\t\t\t\t\t\t\t\t\t\t\t\t\t\t\t\t\t\t\t\t\t\t\t\t\t\t\t\t\t\t\t\t\t\t\t\t\t\t\n\t\t\t\t\t\t<div class=\"col-12  col-xl-12 \">\n\t\t\t\t\t\t\t\t\t\t\t\t\t\t\t\t\t\t\t\t\t\t<div class=\"items-wrapper w-100\"> \t\t\t\t\t\t\t\t\t<div class=\"items columns-3\">\n\t\t\t\t\t\t\t\t\t\t\t\t\t\t\t\t\t\t\t\t\t<div class=\"item \">\n\t\t\t\t\t\t\t\t\t\t\t\t<div class=\"icon\">\n\t\t\t\t\t\t\t\t\t\t\t\t\t\t\t\t\t\t\t\t\t\t\t\t\t\t\t<svg role=\"presentation\" xmlns=\"http:\/\/www.w3.org\/2000\/svg\" width=\"61\" height=\"61\">\n\t\t\t\t\t\t\t\t\t\t\t\t\t\t\t<use href=\"#default-icon-content\"><\/use>\n\t\t\t\t\t\t\t\t\t\t\t\t\t\t<\/svg>\n\t\t\t\t\t\t\t\t\t\t\t\t\t\n\t\t\t\t\t\t\t\t\t\t\t\t<\/div>\n\t\t\t\t\t\t\t\t\t\t\t\t<div class=\"heading-wrapper\">\n\t\t\t\t\t\t\t\t\t\t\t\t\t\t\t\t\t\t\t\t\t\t\t\t\t\t<div class=\"description\"><p>Flux de production ininterrompu gr\u00e2ce \u00e0 des livraisons fournisseurs synchronis\u00e9es<\/p>\n<\/div>\n\t\t\t\t\t\t\t\t\t\t\t\t<\/div>\n\t\t\t\t\t\t\t\t\t\t\t<\/div>\n\n\t\t\t\t\t\t\t\t\t\t\t\t\t\t\t\t\t\t\t\t\t<div class=\"item \">\n\t\t\t\t\t\t\t\t\t\t\t\t<div class=\"icon\">\n\t\t\t\t\t\t\t\t\t\t\t\t\t\t\t\t\t\t\t\t\t\t\t\t\t\t\t<svg role=\"presentation\" xmlns=\"http:\/\/www.w3.org\/2000\/svg\" width=\"61\" height=\"61\">\n\t\t\t\t\t\t\t\t\t\t\t\t\t\t\t<use href=\"#default-icon-content\"><\/use>\n\t\t\t\t\t\t\t\t\t\t\t\t\t\t<\/svg>\n\t\t\t\t\t\t\t\t\t\t\t\t\t\n\t\t\t\t\t\t\t\t\t\t\t\t<\/div>\n\t\t\t\t\t\t\t\t\t\t\t\t<div class=\"heading-wrapper\">\n\t\t\t\t\t\t\t\t\t\t\t\t\t\t\t\t\t\t\t\t\t\t\t\t\t\t<div class=\"description\"><p>Gestion en toute confiance des frets complexes, surdimensionn\u00e9s, en surpoids ou de grande valeur<\/p>\n<\/div>\n\t\t\t\t\t\t\t\t\t\t\t\t<\/div>\n\t\t\t\t\t\t\t\t\t\t\t<\/div>\n\n\t\t\t\t\t\t\t\t\t\t\t\t\t\t\t\t\t\t\t\t\t<div class=\"item \">\n\t\t\t\t\t\t\t\t\t\t\t\t<div class=\"icon\">\n\t\t\t\t\t\t\t\t\t\t\t\t\t\t\t\t\t\t\t\t\t\t\t\t\t\t\t<svg role=\"presentation\" xmlns=\"http:\/\/www.w3.org\/2000\/svg\" width=\"61\" height=\"61\">\n\t\t\t\t\t\t\t\t\t\t\t\t\t\t\t<use href=\"#default-icon-content\"><\/use>\n\t\t\t\t\t\t\t\t\t\t\t\t\t\t<\/svg>\n\t\t\t\t\t\t\t\t\t\t\t\t\t\n\t\t\t\t\t\t\t\t\t\t\t\t<\/div>\n\t\t\t\t\t\t\t\t\t\t\t\t<div class=\"heading-wrapper\">\n\t\t\t\t\t\t\t\t\t\t\t\t\t\t\t\t\t\t\t\t\t\t\t\t\t\t<div class=\"description\"><p>Moins d&rsquo;heures d&rsquo;inactivit\u00e9 gr\u00e2ce \u00e0 une communication coordonn\u00e9e entre fournisseurs, usines et transporteurs<\/p>\n<\/div>\n\t\t\t\t\t\t\t\t\t\t\t\t<\/div>\n\t\t\t\t\t\t\t\t\t\t\t<\/div>\n\n\t\t\t\t\t\t\t\t\t\t\t\t\t\t\t\t\t\t\t<\/div>\n\t\t\t\t\t\t\t\t\t\t\t\t\t\t\t\t\t<div class=\"items columns-3\">\n\t\t\t\t\t\t\t\t\t\t\t\t\t\t\t\t\t\t\t\t\t<div class=\"item \">\n\t\t\t\t\t\t\t\t\t\t\t\t<div class=\"icon\">\n\t\t\t\t\t\t\t\t\t\t\t\t\t\t\t\t\t\t\t\t\t\t\t\t\t\t\t<svg role=\"presentation\" xmlns=\"http:\/\/www.w3.org\/2000\/svg\" width=\"61\" height=\"61\">\n\t\t\t\t\t\t\t\t\t\t\t\t\t\t\t<use href=\"#default-icon-content\"><\/use>\n\t\t\t\t\t\t\t\t\t\t\t\t\t\t<\/svg>\n\t\t\t\t\t\t\t\t\t\t\t\t\t\n\t\t\t\t\t\t\t\t\t\t\t\t<\/div>\n\t\t\t\t\t\t\t\t\t\t\t\t<div class=\"heading-wrapper\">\n\t\t\t\t\t\t\t\t\t\t\t\t\t\t\t\t\t\t\t\t\t\t\t\t\t\t<div class=\"description\"><p>Cha\u00eenes d&rsquo;approvisionnement r\u00e9silientes avec des plans d&rsquo;urgence pour les perturbations inattendues<\/p>\n<\/div>\n\t\t\t\t\t\t\t\t\t\t\t\t<\/div>\n\t\t\t\t\t\t\t\t\t\t\t<\/div>\n\n\t\t\t\t\t\t\t\t\t\t\t\t\t\t\t\t\t\t\t\t\t<div class=\"item \">\n\t\t\t\t\t\t\t\t\t\t\t\t<div class=\"icon\">\n\t\t\t\t\t\t\t\t\t\t\t\t\t\t\t\t\t\t\t\t\t\t\t\t\t\t\t<svg role=\"presentation\" xmlns=\"http:\/\/www.w3.org\/2000\/svg\" width=\"61\" height=\"61\">\n\t\t\t\t\t\t\t\t\t\t\t\t\t\t\t<use href=\"#default-icon-content\"><\/use>\n\t\t\t\t\t\t\t\t\t\t\t\t\t\t<\/svg>\n\t\t\t\t\t\t\t\t\t\t\t\t\t\n\t\t\t\t\t\t\t\t\t\t\t\t<\/div>\n\t\t\t\t\t\t\t\t\t\t\t\t<div class=\"heading-wrapper\">\n\t\t\t\t\t\t\t\t\t\t\t\t\t\t\t\t\t\t\t\t\t\t\t\t\t\t<div class=\"description\"><p>Exp\u00e9rience dans la gestion de fret critique gr\u00e2ce \u00e0 l&rsquo;expertise de Hero Logistics<\/p>\n<\/div>\n\t\t\t\t\t\t\t\t\t\t\t\t<\/div>\n\t\t\t\t\t\t\t\t\t\t\t<\/div>\n\n\t\t\t\t\t\t\t\t\t\t\t\t\t\t\t\t\t\t\t<\/div>\n\t\t\t\t\t\t\t\t\t\t\t\t\t\t\t<\/div>\n\t\t\t\t\t\t<\/div>\n\n\t\t\t\t\t<\/div>\n\t\t\t\t\t\t\t\t\t\t\t<div class=\"row mt-3 mt-lg-4\">\n\t\t\t\t\t\t\t<div class=\"col-12 pt-0 pt-lg-2\">\n\t\t\t\t\t\t\t\t\n                           \n  <div class=\"c-button text-center\"  >\n    <a href=\"https:\/\/kbx.com\/contact-us\/\" class=\"btn  btn-fill btn-dk-blue\" >\n        <span>Parlez \u00e0 un sp\u00e9cialiste de la logistique de fabrication industrielle <\/span>\n\n                    <span class=\"icon\">\n                <svg>\n                    <use href=\"#icon-arrow\"><\/use>\n                <\/svg>\n            <\/span>\n            <\/a>\n  <\/div>\n\n\n\n\t\t\t\t\t\t\t<\/div>\n\t\t\t\t\t\t<\/div>\n\t\t\t\t\t\n\t\t\t\t<\/div>\n\t\t\t<\/div>\n\t\t<\/div>\n\t<\/div>\n<\/section>\n\n\n\n\n<section class=\"component c-content-media\" role=\"region\" aria-roledescription=\"Content and Media\" aria-label=\"Content and Media\" >\n    <div class=\"spacing-outside-default\">\n        <div class=\"spacing-inside-wide\">\n            <div class=\"container\">\n                <div class=\"row justify-content-center\">\n                                                                    \n                        <div class=\"col-12 col-md-5 order-md-1\">\n                            <div class=\"content-container\">\n                                <div class=\"row \">\n\t<div class=\"col-12  block-heading\">\n\t<h2 class=\"text-start\">\n\t\t\t        <span>Logistique pr\u00e9cise pour une production complexe<\/span>\n    \n  \t<\/h2>\n  <\/div>\n<\/div>\n<div class=\"row  block-heading-content\">\n\t<div class=\"col-12\"><p>Les calendriers de production ne laissent aucune place \u00e0 l&rsquo;erreur. Nous planifions chaque mouvement en fonction de votre temps de cycle et de vos besoins de s\u00e9quen\u00e7age, en nous coordonnant avec les fournisseurs et les quais d&rsquo;usine pour assurer la circulation des mat\u00e9riaux sans goulots d&rsquo;\u00e9tranglement.<\/p>\n<ul>\n<li>Routage, s\u00e9quen\u00e7age et planification des quais con\u00e7us pour les exigences du juste-\u00e0-temps (JIT) et du juste-en-s\u00e9quence (JIS)<\/li>\n<li>Options de remorques sp\u00e9cialis\u00e9es : plateaux, semi-remorques surbaiss\u00e9es, double-drop pour les frets surdimensionn\u00e9s et de grande valeur<\/li>\n<li>Tourn\u00e9es de ramassage multi-arr\u00eats et services de navette entre usines, fournisseurs ou plateformes de transbordement<\/li>\n<li>Coordination transfrontali\u00e8re et douani\u00e8re pour assurer la circulation des pi\u00e8ces internationales<\/li>\n<\/ul>\n<\/div>\n<\/div>\n\n                                \n      \n  <div class=\"c-button text-center text-md-start\"  >\n    <a href=\"https:\/\/kbx.com\/fr\/toutes-les-solutions\/fret-de-projet\/\" class=\"btn  btn-fill btn-dk-blue\" >\n        <span>D\u00e9couvrez les services de fret de projet<\/span>\n\n                    <span class=\"icon\">\n                <svg>\n                    <use href=\"#icon-arrow\"><\/use>\n                <\/svg>\n            <\/span>\n            <\/a>\n  <\/div>\n\n\n\n                            <\/div>\n                        <\/div>\n                    \n                    <div class=\"col-12 col-md-5\">\n                                                    <div class=\"media-container img-container text-lg-start single-img\">\n                                                                \n                                <img decoding=\"async\" src=\"https:\/\/kbx.com\/wp-content\/uploads\/2025\/09\/2025_KBX-Industries_Industrial-Manufacturing_Precise-Logistics-For-Complex-Production.jpg\" srcset=\"https:\/\/kbx.com\/wp-content\/uploads\/2025\/09\/2025_KBX-Industries_Industrial-Manufacturing_Precise-Logistics-For-Complex-Production.jpg 511w, https:\/\/kbx.com\/wp-content\/uploads\/2025\/09\/2025_KBX-Industries_Industrial-Manufacturing_Precise-Logistics-For-Complex-Production-280x300.jpg 280w\"\n                                     sizes=\"auto, (max-width: 511px) 100vw, 511px\" width=\"511\"\n                                     height=\"548\" class=\"primary-img no-scale\"\n                                     alt=\"Manufacturing Logistics\" loading=\"lazy\"  role=\"presentation\">\n                            <\/div>\n                                            <\/div>\n                <\/div>\n            <\/div>\n        <\/div>\n    <\/div>\n\n            \n                                        \n        <img decoding=\"async\" src=\"https:\/\/kbx.com\/wp-content\/themes\/zionandzion\/assets\/production\/images\/global-globe-1-left.png\" alt=\"\" role=\"presentation\" class=\"d-none d-md-block  globe left\" loading=\"lazy\" width=\"460\" height=\"547\"\/>\n    \n<\/section>\n\n\n\n<section class=\"component c-large-cta\" role=\"region\" aria-roledescription=\"Large CTA\" aria-label=\"Large CTA\" >\n\t<div\n\t\tclass=\"spacing-outside-default\">\n\t\t\t\t<div\n\t\t\tclass=\"spacing-inside-default \">\n\t\t\t\t\t\t<div class=\"custom-wrapper\">\n\t\t\t\t<div class=\"container\">\n\t\t\t\t\t<div class=\"row justify-content-center\">\n\t\t\t\t\t\t<div class=\"col-12 col-lg-10\">\n\t\t\t\t\t\t\t<div class=\"row\">\n\t\t\t\t\t\t\t\t<div class=\"col-12 col-lg-8\">\n\t\t\t\t\t\t\t\t\t<h2>Maintenir votre production<br \/>\r\ndans les d\u00e9lais<\/h2>\n\t\t\t\t\t\t\t\t\t<div class=\"description\">\n\t\t\t\t\t\t\t\t\t\t<p>Nous concevons des flux logistiques qui s&rsquo;alignent sur votre processus de fabrication, anticipant la demande, s\u00e9quen\u00e7ant les livraisons et s&rsquo;adaptant rapidement pour maintenir vos op\u00e9rations en mouvement.<\/p>\n\n\t\t\t\t\t\t\t\t\t<\/div>\n\t\t\t\t\t\t\t\t\t\t\t\t\t\t\t\t\t<\/div>\n\t\t\t\t\t\t\t<\/div>\n\t\t\t\t\t\t<\/div>\n\t\t\t\t\t<\/div>\n\t\t\t\t<\/div>\n\t\t\t<\/div>\n\t\t\t<div class=\"image-wrapper d-flex justify-content-end\">\n\t\t\t\t\t\t\t\t\t\t\t\t<img decoding=\"async\" src=\"https:\/\/kbx.com\/wp-content\/themes\/zionandzion\/assets\/production\/images\/large-cta-glob.png\" class=\"d-none d-lg-block large-cta-globe\" alt=\"\" role=\"presentation\" loading=\"lazy\" width=\"612\" height=\"416\"\/>\n\t\t\t\t<img decoding=\"async\" src=\"https:\/\/kbx.com\/wp-content\/themes\/zionandzion\/assets\/production\/images\/large-cta-glob-mobile.png\" class=\"d-block d-lg-none large-cta-globe\" alt=\"\" role=\"presentation\" loading=\"lazy\" width=\"269\" height=\"116\"\/>\n\t\t\t<\/div>\n\t\t<\/div>\n\t<\/div>\n<\/section>\n\n\n\n<section class=\"component c-counter\" role=\"region\" aria-roledescription=\"Counter\" aria-label=\"Counter\" >\n\t<div class=\"spacing-outside-default\">\n\t\t<div class=\"spacing-inside-default\">\n\t\t\t<div class=\"container\">\n\t\t\t\t<div class=\"row\">\n\t\t\t\t\t\t\t\t\t\t<div class=\"col-12\">\n\t\t\t\t\t\t<div class=\"counter-container row justify-content-md-center\">\n\t\t\t\t\t\t\t\t\t\t\t\t\t\t\t<div class=\"col-12 col-md-6 col-lg text-start text-md-center\">\n\t\t\t\t\t\t\t\t\t<div class=\"counter-wrapper\">\n\t\t\t\t\t\t\t\t\t\t<p class=\"counter-content\"><span class=\"counter\" data-number=\"8000\">0<\/span>+<\/p>\n\t\t\t\t\t\t\t\t\t\t<p class=\"counter-subcontent\">Chargements nationaux d\u00e9plac\u00e9s chaque jour<\/p>\n\t\t\t\t\t\t\t\t\t<\/div>\n\t\t\t\t\t\t\t\t<\/div>\n\t\t\t\t\t\t\t\t\t\t\t\t\t\t\t<div class=\"col-12 col-md-6 col-lg text-start text-md-center\">\n\t\t\t\t\t\t\t\t\t<div class=\"counter-wrapper\">\n\t\t\t\t\t\t\t\t\t\t<p class=\"counter-content\"><span class=\"counter\" data-number=\"80\">0<\/span>+<\/p>\n\t\t\t\t\t\t\t\t\t\t<p class=\"counter-subcontent\">Pays desservis <\/p>\n\t\t\t\t\t\t\t\t\t<\/div>\n\t\t\t\t\t\t\t\t<\/div>\n\t\t\t\t\t\t\t\t\t\t\t\t\t\t\t<div class=\"col-12 col-md-6 col-lg text-start text-md-center\">\n\t\t\t\t\t\t\t\t\t<div class=\"counter-wrapper\">\n\t\t\t\t\t\t\t\t\t\t<p class=\"counter-content\"><span class=\"counter\" data-number=\"4000\">0<\/span>+<\/p>\n\t\t\t\t\t\t\t\t\t\t<p class=\"counter-subcontent\">Transporteurs <br class=\"d-none d-lg-block\"> actifs<\/p>\n\t\t\t\t\t\t\t\t\t<\/div>\n\t\t\t\t\t\t\t\t<\/div>\n\t\t\t\t\t\t\t\t\t\t\t\t\t\t\t<div class=\"col-12 col-md-6 col-lg text-start text-md-center\">\n\t\t\t\t\t\t\t\t\t<div class=\"counter-wrapper\">\n\t\t\t\t\t\t\t\t\t\t<p class=\"counter-content\"><span class=\"counter\" data-number=\"2000\">0<\/span>+<\/p>\n\t\t\t\t\t\t\t\t\t\t<p class=\"counter-subcontent\">Voies commerciales exploit\u00e9es <\/p>\n\t\t\t\t\t\t\t\t\t<\/div>\n\t\t\t\t\t\t\t\t<\/div>\n\t\t\t\t\t\t\t\t\t\t\t\t\t<\/div>\n\t\t\t\t\t<\/div>\n\t\t\t\t<\/div>\n\t\t\t<\/div>\n\t\t<\/div>\n\t<\/div>\n<\/section>\n","protected":false},"excerpt":{"rendered":"","protected":false},"author":3,"featured_media":0,"parent":0,"menu_order":0,"comment_status":"closed","ping_status":"closed","template":"","meta":{"_acf_changed":false,"footnotes":""},"class_list":["post-2058","page","type-page","status-publish","hentry"],"acf":[],"yoast_head":"<!-- This site is optimized with the Yoast SEO plugin v27.6 - https:\/\/yoast.com\/product\/yoast-seo-wordpress\/ -->\n<title>Solutions Logistiques pour la Fabrication Industrielle | KBX<\/title>\n<meta name=\"description\" content=\"Optimisez les cha\u00eenes d&#039;approvisionnement de la fabrication industrielle avec KBX. Solutions de fret fiables pour les mati\u00e8res premi\u00e8res, les pi\u00e8ces et les produits finis.\" \/>\n<meta name=\"robots\" content=\"index, follow, max-snippet:-1, max-image-preview:large, max-video-preview:-1\" \/>\n<link rel=\"canonical\" href=\"https:\/\/kbx.com\/fr\/fabrication-industrielle\/\" \/>\n<meta property=\"og:locale\" content=\"fr_FR\" \/>\n<meta property=\"og:type\" content=\"article\" \/>\n<meta property=\"og:title\" content=\"Solutions Logistiques pour la Fabrication Industrielle | KBX\" \/>\n<meta property=\"og:description\" content=\"Optimisez les cha\u00eenes d&#039;approvisionnement de la fabrication industrielle avec KBX. Solutions de fret fiables pour les mati\u00e8res premi\u00e8res, les pi\u00e8ces et les produits finis.\" \/>\n<meta property=\"og:url\" content=\"https:\/\/kbx.com\/fr\/fabrication-industrielle\/\" \/>\n<meta property=\"og:site_name\" content=\"KBX\" \/>\n<meta property=\"article:modified_time\" content=\"2026-05-14T18:56:59+00:00\" \/>\n<meta name=\"twitter:card\" content=\"summary_large_image\" \/>\n<script type=\"application\/ld+json\" class=\"yoast-schema-graph\">{\"@context\":\"https:\\\/\\\/schema.org\",\"@graph\":[{\"@type\":\"WebPage\",\"@id\":\"https:\\\/\\\/kbx.com\\\/fr\\\/fabrication-industrielle\\\/\",\"url\":\"https:\\\/\\\/kbx.com\\\/fr\\\/fabrication-industrielle\\\/\",\"name\":\"Solutions Logistiques pour la Fabrication Industrielle | KBX\",\"isPartOf\":{\"@id\":\"https:\\\/\\\/kbx.com\\\/fr\\\/#website\"},\"datePublished\":\"2025-08-26T05:21:55+00:00\",\"dateModified\":\"2026-05-14T18:56:59+00:00\",\"description\":\"Optimisez les cha\u00eenes d'approvisionnement de la fabrication industrielle avec KBX. Solutions de fret fiables pour les mati\u00e8res premi\u00e8res, les pi\u00e8ces et les produits finis.\",\"breadcrumb\":{\"@id\":\"https:\\\/\\\/kbx.com\\\/fr\\\/fabrication-industrielle\\\/#breadcrumb\"},\"inLanguage\":\"fr-FR\",\"potentialAction\":[{\"@type\":\"ReadAction\",\"target\":[\"https:\\\/\\\/kbx.com\\\/fr\\\/fabrication-industrielle\\\/\"]}]},{\"@type\":\"BreadcrumbList\",\"@id\":\"https:\\\/\\\/kbx.com\\\/fr\\\/fabrication-industrielle\\\/#breadcrumb\",\"itemListElement\":[{\"@type\":\"ListItem\",\"position\":1,\"name\":\"Home\",\"item\":\"https:\\\/\\\/kbx.com\\\/fr\\\/accueil\\\/\"},{\"@type\":\"ListItem\",\"position\":2,\"name\":\"Fabrication Industrielle\"}]},{\"@type\":\"WebSite\",\"@id\":\"https:\\\/\\\/kbx.com\\\/fr\\\/#website\",\"url\":\"https:\\\/\\\/kbx.com\\\/fr\\\/\",\"name\":\"KBX\",\"description\":\"\",\"potentialAction\":[{\"@type\":\"SearchAction\",\"target\":{\"@type\":\"EntryPoint\",\"urlTemplate\":\"https:\\\/\\\/kbx.com\\\/fr\\\/?s={search_term_string}\"},\"query-input\":{\"@type\":\"PropertyValueSpecification\",\"valueRequired\":true,\"valueName\":\"search_term_string\"}}],\"inLanguage\":\"fr-FR\"}]}<\/script>\n<!-- \/ Yoast SEO plugin. -->","yoast_head_json":{"title":"Solutions Logistiques pour la Fabrication Industrielle | KBX","description":"Optimisez les cha\u00eenes d'approvisionnement de la fabrication industrielle avec KBX. Solutions de fret fiables pour les mati\u00e8res premi\u00e8res, les pi\u00e8ces et les produits finis.","robots":{"index":"index","follow":"follow","max-snippet":"max-snippet:-1","max-image-preview":"max-image-preview:large","max-video-preview":"max-video-preview:-1"},"canonical":"https:\/\/kbx.com\/fr\/fabrication-industrielle\/","og_locale":"fr_FR","og_type":"article","og_title":"Solutions Logistiques pour la Fabrication Industrielle | KBX","og_description":"Optimisez les cha\u00eenes d'approvisionnement de la fabrication industrielle avec KBX. Solutions de fret fiables pour les mati\u00e8res premi\u00e8res, les pi\u00e8ces et les produits finis.","og_url":"https:\/\/kbx.com\/fr\/fabrication-industrielle\/","og_site_name":"KBX","article_modified_time":"2026-05-14T18:56:59+00:00","twitter_card":"summary_large_image","schema":{"@context":"https:\/\/schema.org","@graph":[{"@type":"WebPage","@id":"https:\/\/kbx.com\/fr\/fabrication-industrielle\/","url":"https:\/\/kbx.com\/fr\/fabrication-industrielle\/","name":"Solutions Logistiques pour la Fabrication Industrielle | KBX","isPartOf":{"@id":"https:\/\/kbx.com\/fr\/#website"},"datePublished":"2025-08-26T05:21:55+00:00","dateModified":"2026-05-14T18:56:59+00:00","description":"Optimisez les cha\u00eenes d'approvisionnement de la fabrication industrielle avec KBX. Solutions de fret fiables pour les mati\u00e8res premi\u00e8res, les pi\u00e8ces et les produits finis.","breadcrumb":{"@id":"https:\/\/kbx.com\/fr\/fabrication-industrielle\/#breadcrumb"},"inLanguage":"fr-FR","potentialAction":[{"@type":"ReadAction","target":["https:\/\/kbx.com\/fr\/fabrication-industrielle\/"]}]},{"@type":"BreadcrumbList","@id":"https:\/\/kbx.com\/fr\/fabrication-industrielle\/#breadcrumb","itemListElement":[{"@type":"ListItem","position":1,"name":"Home","item":"https:\/\/kbx.com\/fr\/accueil\/"},{"@type":"ListItem","position":2,"name":"Fabrication Industrielle"}]},{"@type":"WebSite","@id":"https:\/\/kbx.com\/fr\/#website","url":"https:\/\/kbx.com\/fr\/","name":"KBX","description":"","potentialAction":[{"@type":"SearchAction","target":{"@type":"EntryPoint","urlTemplate":"https:\/\/kbx.com\/fr\/?s={search_term_string}"},"query-input":{"@type":"PropertyValueSpecification","valueRequired":true,"valueName":"search_term_string"}}],"inLanguage":"fr-FR"}]}},"_links":{"self":[{"href":"https:\/\/kbx.com\/fr\/wp-json\/wp\/v2\/pages\/2058","targetHints":{"allow":["GET"]}}],"collection":[{"href":"https:\/\/kbx.com\/fr\/wp-json\/wp\/v2\/pages"}],"about":[{"href":"https:\/\/kbx.com\/fr\/wp-json\/wp\/v2\/types\/page"}],"author":[{"embeddable":true,"href":"https:\/\/kbx.com\/fr\/wp-json\/wp\/v2\/users\/3"}],"replies":[{"embeddable":true,"href":"https:\/\/kbx.com\/fr\/wp-json\/wp\/v2\/comments?post=2058"}],"version-history":[{"count":3,"href":"https:\/\/kbx.com\/fr\/wp-json\/wp\/v2\/pages\/2058\/revisions"}],"predecessor-version":[{"id":2343,"href":"https:\/\/kbx.com\/fr\/wp-json\/wp\/v2\/pages\/2058\/revisions\/2343"}],"wp:attachment":[{"href":"https:\/\/kbx.com\/fr\/wp-json\/wp\/v2\/media?parent=2058"}],"curies":[{"name":"wp","href":"https:\/\/api.w.org\/{rel}","templated":true}]}}