{"id":2048,"date":"2025-08-25T23:24:31","date_gmt":"2025-08-26T05:24:31","guid":{"rendered":"https:\/\/kbx.com\/carte-carburant\/"},"modified":"2026-05-14T12:55:53","modified_gmt":"2026-05-14T18:55:53","slug":"carte-carburant","status":"publish","type":"page","link":"https:\/\/kbx.com\/fr\/carte-carburant\/","title":{"rendered":"Carte carburant"},"content":{"rendered":"\n\n\n<section class=\"component c-content-grid\" role=\"region\" aria-roledescription=\"Content Grid\" aria-label=\"Content Grid\" >\n\t<div\n\t\tclass=\"spacing-outside-default\">\n\t\t\t\t<div\n\t\t\tclass=\"spacing-inside-default \">\n\t\t\t\t\t\t<div class=\"custom-wrapper\">\n\t\t\t\t<div class=\"container\">\n\t\t\t\t\t<div class=\"row\">\n\t\t\t\t\t\t<div class=\"col-12\">\n\t\t\t\t\t\t\t\t\t\t\t\t\t\t\t<h2>\n\t\t\t\t\t\t\t\t\t<span>G\u00e9rez votre carburant plus intelligemment. \u00c9conomisez davantage. <\/span>\n\t\t\t\t\t\t\t\t<\/h2>\n\t\t\t\t\t\t\t\t\t\t\t\t\t<\/div>\n\t\t\t\t\t<\/div>\n\t\t\t\t\t<div class=\"row justify-content-center\">\n\t\t\t\t\t\t<div class=\"col-12\">\n\t\t\t\t\t\t\t\t\t\t\t\t\t\t\t\t\t\t\t\t\t\t\t\t\t\t\t\t\t\t\t\t\t\t\t\t\t\t\t\t\t\t\t\t<div class=\"cards-container\">\n\t\t\t\t\t\t\t\t\t\t\t\t\t\t\t\t\t<div class=\"card-row column-3\">\n\t\t\t\t\t\t\t\t\t\t\t\t\t\t\t\t\t\n\t\t\t\t\t\t\t\t\t\t\t\t\t\t\t\t\t\t\t\t\t\t\n\n\t\t\t\t\t\t\t\t\t\t\t\n\t\t\t\t\t\t\t\t\t\t\t\n\t\t\t\t\t\t\t\t\t\t\t\n\t\t\t\t\t\t\t\t\t\t\t<div class=\"card-item\" >\n\t\t\t\t\t\t\t\t\t\t\t\t<div class=\"heading-container\">\n\t\t\t\t\t\t\t\t\t\t\t\t\t<p class=\"heading\">\u00c9conomies significatives<\/p>\n\t\t\t\t\t\t\t\t\t\t\t\t\t\t\t\t\t\t\t\t\t\t\t\t\t<\/div>\n\t\t\t\t\t\t\t\t\t\t\t\t<div class=\"content\"><p>\u00c9conomisez en moyenne <span>53 \u00a2<\/span> sur chaque gallon de diesel, ce qui vous aide \u00e0 r\u00e9duire vos co\u00fbts op\u00e9rationnels et \u00e0 garder plus d\u2019argent dans vos poches.<\/p>\n<\/div>\n\t\t\t\t\t\t\t\t\t\t\t<\/div>\n\t\t\t\t\t\t\t\t\t\t\t\t\t\t\t\t\t\n\t\t\t\t\t\t\t\t\t\t\t\t\t\t\t\t\t\t\t\t\t\t\n\n\t\t\t\t\t\t\t\t\t\t\t\n\t\t\t\t\t\t\t\t\t\t\t\n\t\t\t\t\t\t\t\t\t\t\t\n\t\t\t\t\t\t\t\t\t\t\t<div class=\"card-item\" >\n\t\t\t\t\t\t\t\t\t\t\t\t<div class=\"heading-container\">\n\t\t\t\t\t\t\t\t\t\t\t\t\t<p class=\"heading\">1 programme, un acc\u00e8s national<\/p>\n\t\t\t\t\t\t\t\t\t\t\t\t\t\t\t\t\t\t\t\t\t\t\t\t\t<\/div>\n\t\t\t\t\t\t\t\t\t\t\t\t<div class=\"content\"><p>Priorit\u00e9 au num\u00e9rique, avec une carte d\u2019accompagnement pour une couverture \u00e9tendue, vous garantissant de trouver les meilleures options de carburant quel que soit votre itin\u00e9raire.<\/p>\n<\/div>\n\t\t\t\t\t\t\t\t\t\t\t<\/div>\n\t\t\t\t\t\t\t\t\t\t\t\t\t\t\t\t\t\n\t\t\t\t\t\t\t\t\t\t\t\t\t\t\t\t\t\t\t\t\t\t\n\n\t\t\t\t\t\t\t\t\t\t\t\n\t\t\t\t\t\t\t\t\t\t\t\n\t\t\t\t\t\t\t\t\t\t\t\n\t\t\t\t\t\t\t\t\t\t\t<div class=\"card-item\" >\n\t\t\t\t\t\t\t\t\t\t\t\t<div class=\"heading-container\">\n\t\t\t\t\t\t\t\t\t\t\t\t\t<p class=\"heading\">Mises \u00e0 jour des prix en temps r\u00e9el<\/p>\n\t\t\t\t\t\t\t\t\t\t\t\t\t\t\t\t\t\t\t\t\t\t\t\t\t<\/div>\n\t\t\t\t\t\t\t\t\t\t\t\t<div class=\"content\"><p>Utilisez notre application conviviale pour obtenir les prix du carburant en temps r\u00e9el et trouver le diesel le moins cher sur votre trajet, simplifiant ainsi vos d\u00e9cisions de ravitaillement.<\/p>\n<\/div>\n\t\t\t\t\t\t\t\t\t\t\t<\/div>\n\t\t\t\t\t\t\t\t\t\t\t\t\t\t\t\t\t\t\t<\/div>\n\t\t\t\t\t\t\t\t\t\t\t\t\t\t\t<\/div>\n\t\t\t\t\t\t<\/div>\n\t\t\t\t\t<\/div>\n\t\t\t\t\t\t\t\t\t\t\t<div class=\"row mt-3 mt-lg-4\">\n\t\t\t\t\t\t\t<div class=\"col-12\">\n\t\t\t\t\t\t\t\t\n      \n  <div class=\"c-button text-center\"  >\n    <a href=\"https:\/\/partners.onrampcard.com\/kbx\" target=\"_blank\" class=\"btn  btn-fill btn-dk-blue\" >\n        <span>Inscrivez-vous d\u00e8s maintenant<\/span>\n\n                    <span class=\"icon\">\n                <svg>\n                    <use href=\"#icon-arrow\"><\/use>\n                <\/svg>\n            <\/span>\n            <\/a>\n  <\/div>\n\n\n\n\t\t\t\t\t\t\t<\/div>\n\t\t\t\t\t\t<\/div>\n\t\t\t\t\t\n\t\t\t\t<\/div>\n\t\t\t<\/div>\n\t\t<\/div>\n\t<\/div>\n<\/section>\n\n\n\n<section class=\"component c-counter\" role=\"region\" aria-roledescription=\"Counter\" aria-label=\"Counter\" >\n\t<div class=\"spacing-outside-default\">\n\t\t<div class=\"spacing-inside-default\">\n\t\t\t<div class=\"container\">\n\t\t\t\t<div class=\"row\">\n\t\t\t\t\t\t\t\t\t\t<div class=\"col-12\">\n\t\t\t\t\t\t<div class=\"counter-container row justify-content-md-center\">\n\t\t\t\t\t\t\t\t\t\t\t\t\t\t\t<div class=\"col-12 col-md-6 col-lg text-start text-md-center\">\n\t\t\t\t\t\t\t\t\t<div class=\"counter-wrapper\">\n\t\t\t\t\t\t\t\t\t\t<p class=\"counter-content\"><span class=\"counter\" data-number=\"53\">0<\/span>\u00a2<\/p>\n\t\t\t\t\t\t\t\t\t\t<p class=\"counter-subcontent\">\u00c9conomies moyennes par gallon<\/p>\n\t\t\t\t\t\t\t\t\t<\/div>\n\t\t\t\t\t\t\t\t<\/div>\n\t\t\t\t\t\t\t\t\t\t\t\t\t\t\t<div class=\"col-12 col-md-6 col-lg text-start text-md-center\">\n\t\t\t\t\t\t\t\t\t<div class=\"counter-wrapper\">\n\t\t\t\t\t\t\t\t\t\t<p class=\"counter-content\"><span class=\"counter\" data-number=\"2300\">0<\/span>+<\/p>\n\t\t\t\t\t\t\t\t\t\t<p class=\"counter-subcontent\">Points de vente du r\u00e9seau \u00e0 l\u2019\u00e9chelle nationale<\/p>\n\t\t\t\t\t\t\t\t\t<\/div>\n\t\t\t\t\t\t\t\t<\/div>\n\t\t\t\t\t\t\t\t\t\t\t\t\t\t\t<div class=\"col-12 col-md-6 col-lg text-start text-md-center\">\n\t\t\t\t\t\t\t\t\t<div class=\"counter-wrapper\">\n\t\t\t\t\t\t\t\t\t\t<p class=\"counter-content\"><span class=\"counter\" data-number=\"24\">0<\/span>RH<\/p>\n\t\t\t\t\t\t\t\t\t\t<p class=\"counter-subcontent\">Service client<\/p>\n\t\t\t\t\t\t\t\t\t<\/div>\n\t\t\t\t\t\t\t\t<\/div>\n\t\t\t\t\t\t\t\t\t\t\t\t\t\t\t<div class=\"col-12 col-md-6 col-lg text-start text-md-center\">\n\t\t\t\t\t\t\t\t\t<div class=\"counter-wrapper\">\n\t\t\t\t\t\t\t\t\t\t<p class=\"counter-content\">$<span class=\"counter\" data-number=\"9000\">0<\/span><\/p>\n\t\t\t\t\t\t\t\t\t\t<p class=\"counter-subcontent\">\u00c9conomies annuelles moy. par camion <\/p>\n\t\t\t\t\t\t\t\t\t<\/div>\n\t\t\t\t\t\t\t\t<\/div>\n\t\t\t\t\t\t\t\t\t\t\t\t\t<\/div>\n\t\t\t\t\t<\/div>\n\t\t\t\t<\/div>\n\t\t\t<\/div>\n\t\t<\/div>\n\t<\/div>\n<\/section>\n\n\n\n\n<section class=\"component c-content-media\" role=\"region\" aria-roledescription=\"Content and Media\" aria-label=\"Content and Media\" >\n    <div class=\"spacing-outside-default\">\n        <div class=\"spacing-inside-wide\">\n            <div class=\"container\">\n                <div class=\"row justify-content-center\">\n                                                                    \n                        <div class=\"col-12 col-md-5 order-md-1\">\n                            <div class=\"content-container\">\n                                <div class=\"row \">\n\t<div class=\"col-12  block-heading\">\n\t<h2 class=\"text-start\">\n\t\t\t        <span>Des \u00e9conomies<\/span>\n    <br class=\"d-none d-lg-inline-block\">\n        <span>visibles<\/span>\n    \n  \t<\/h2>\n  <\/div>\n<\/div>\n<div class=\"row  block-heading-content\">\n\t<div class=\"col-12\"><p>Avec une \u00e9conomie moyenne de 53 \u00a2 par gallon au quatri\u00e8me trimestre 2024, les utilisateurs de la carte carburant KBX pourraient \u00e9conomiser environ 9\u202f000 $ par camion et par an. C\u2019est l\u00e0 toute la puissance d\u2019un ravitaillement plus intelligent \u00e0 grande \u00e9chelle. <\/p>\n<p><strong>Des \u00e9conomies au service d\u2019assistance, voici ce \u00e0 quoi vous pouvez vous attendre en rejoignant le programme.<\/strong><\/p>\n<ul class=\"cols-2\">\n<li>Acceptation \u00e0 l\u2019\u00e9chelle nationale<\/li>\n<li>Facturation et rapports simplifi\u00e9s<\/li>\n<li>Application mobile et carte carburant gratuites<\/li>\n<li>R\u00e9compenses pour les chauffeurs<\/li>\n<li>Protection int\u00e9gr\u00e9e contre la fraude<\/li>\n<li>Des interlocuteurs r\u00e9els disponibles quand vous en avez besoin<\/li>\n<\/ul>\n<\/div>\n<\/div>\n\n                                \n      \n  <div class=\"c-button text-center text-md-start\"  >\n    <a href=\"https:\/\/kbx.com\/wp-content\/uploads\/2025\/09\/External-ONRAMP-KBX-Flyer.pdf\" target=\"_blank\" class=\"btn  btn-fill btn-dk-blue\" >\n        <span>T\u00e9l\u00e9charger le d\u00e9pliant du programme carburant<\/span>\n\n                    <span class=\"icon\">\n                <svg>\n                    <use href=\"#icon-arrow\"><\/use>\n                <\/svg>\n            <\/span>\n            <\/a>\n  <\/div>\n\n\n\n                            <\/div>\n                        <\/div>\n                    \n                    <div class=\"col-12 col-md-5\">\n                                                    <div class=\"media-container img-container text-lg-start single-img\">\n                                                                \n                                <img decoding=\"async\" src=\"https:\/\/kbx.com\/wp-content\/uploads\/2025\/09\/2025_KBX-Carrier-Fuel-Card_Savings-You-Can-See.jpg\" srcset=\"https:\/\/kbx.com\/wp-content\/uploads\/2025\/09\/2025_KBX-Carrier-Fuel-Card_Savings-You-Can-See.jpg 511w, https:\/\/kbx.com\/wp-content\/uploads\/2025\/09\/2025_KBX-Carrier-Fuel-Card_Savings-You-Can-See-280x300.jpg 280w\"\n                                     sizes=\"auto, (max-width: 511px) 100vw, 511px\" width=\"511\"\n                                     height=\"548\" class=\"primary-img no-scale\"\n                                     alt=\"Fuel tank nozzles\" loading=\"lazy\"  role=\"presentation\">\n                            <\/div>\n                                            <\/div>\n                <\/div>\n            <\/div>\n        <\/div>\n    <\/div>\n\n            \n                                        \n        <img decoding=\"async\" src=\"https:\/\/kbx.com\/wp-content\/themes\/zionandzion\/assets\/production\/images\/global-globe-2-left.png\" alt=\"\" role=\"presentation\" class=\"d-none d-md-block  globe left\" loading=\"lazy\" width=\"460\" height=\"547\"\/>\n    \n<\/section>\n\n\n\n<section class=\"component c-cta\" role=\"region\" aria-roledescription=\"CTA\" aria-label=\"CTA\" >\n\t<div\n\t\tclass=\"spacing-outside-default\">\n\t\t\t\t<div\n\t\t\tclass=\"spacing-inside-default \">\n\t\t\t\t\t\t<div class=\"custom-wrapper\">\n\t\t\t\t<div class=\"container\">\n\t\t\t\t\t<div class=\"row justify-content-center\">\n\t\t\t\t\t\t<div class=\"col-12\">\n\t\t\t\t\t\t\t<div class=\"cta_wrapper\">\n\t\t\t\t\t\t\t\t<div class=\"background\">\n\t\t\t\t\t\t\t\t\t\t\t\t\t\t\t\t\t\t\t\t\t\t\t\t\t\t\t\t\t<img fetchpriority=\"high\" decoding=\"async\" src=\"https:\/\/kbx.com\/wp-content\/uploads\/2025\/09\/cta-background-desktop.jpg\" srcset=\"https:\/\/kbx.com\/wp-content\/uploads\/2025\/09\/cta-background-desktop.jpg 1920w, https:\/\/kbx.com\/wp-content\/uploads\/2025\/09\/cta-background-desktop-300x83.jpg 300w, https:\/\/kbx.com\/wp-content\/uploads\/2025\/09\/cta-background-desktop-1024x284.jpg 1024w, https:\/\/kbx.com\/wp-content\/uploads\/2025\/09\/cta-background-desktop-768x213.jpg 768w, https:\/\/kbx.com\/wp-content\/uploads\/2025\/09\/cta-background-desktop-1536x426.jpg 1536w\" sizes=\"(max-width: 1920px) 100vw, 1920px\" width=\"1920\" height=\"532\" class=\"img-fluid  d-none d-lg-block \" alt=\"Shipping containers\" loading=\"eager\" role=\"presentation\"\/>\n\t\t\t\t\t\t\t\t\t\t\t\t\t\t\t\t\t\t\t\t\t\t\t\t\t\t\t\t\t\t\t\t\t\t\t\t\t\t<img decoding=\"async\" src=\"https:\/\/kbx.com\/wp-content\/uploads\/2025\/09\/cta-background-mobile.jpg\" srcset=\"https:\/\/kbx.com\/wp-content\/uploads\/2025\/09\/cta-background-mobile.jpg 800w, https:\/\/kbx.com\/wp-content\/uploads\/2025\/09\/cta-background-mobile-300x188.jpg 300w, https:\/\/kbx.com\/wp-content\/uploads\/2025\/09\/cta-background-mobile-768x480.jpg 768w\" sizes=\"(max-width: 800px) 100vw, 800px\" width=\"800\" height=\"500\" class=\"img-fluid d-block d-lg-none\" alt=\"Shipping\" loading=\"eager\" role=\"presentation\"\/>\n\t\t\t\t\t\t\t\t\t\t\t\t\t\t\t\t\t<\/div>\n\t\t\t\t\t\t\t\t<div class=\"content-wrapper\">\n\t\t\t\t\t\t\t\t\t<h2>Rejoindre le programme de carte carburant<\/h2>\n\t\t\t\t\t\t\t\t\t\t\t\t\t\t\t\t\t\t\t\n      \n  <div class=\"c-button text-center\"  >\n    <a href=\"https:\/\/partners.onrampcard.com\/kbx\" target=\"_blank\" class=\"btn  btn-fill btn-white\" >\n        <span>S\u2019inscrire<\/span>\n\n                    <span class=\"icon\">\n                <svg>\n                    <use href=\"#icon-arrow\"><\/use>\n                <\/svg>\n            <\/span>\n            <\/a>\n  <\/div>\n\n\n\n\n\t\t\t\t\t\t\t\t\t\t\t\t\t\t\t\t\t<\/div>\n\t\t\t\t\t\t\t<\/div>\n\t\t\t\t\t\t<\/div>\n\t\t\t\t\t<\/div>\n\t\t\t\t<\/div>\n\t\t\t<\/div>\n\t\t<\/div>\n\t<\/div>\n<\/section>\n","protected":false},"excerpt":{"rendered":"","protected":false},"author":3,"featured_media":0,"parent":0,"menu_order":0,"comment_status":"closed","ping_status":"closed","template":"","meta":{"_acf_changed":false,"footnotes":""},"class_list":["post-2048","page","type-page","status-publish","hentry"],"acf":[],"yoast_head":"<!-- This site is optimized with the Yoast SEO plugin v27.6 - https:\/\/yoast.com\/product\/yoast-seo-wordpress\/ -->\n<title>Programme de carte carburant pour les transporteurs | KBX<\/title>\n<meta name=\"description\" content=\"\u00c9conomisez 53 \u00a2 par gallon avec la carte carburant KBX pour transporteurs. Couverture nationale, prix du diesel en temps r\u00e9el et 9\u202f000 $ d\u2019\u00e9conomies annuelles par camion.\" \/>\n<meta name=\"robots\" content=\"index, follow, max-snippet:-1, max-image-preview:large, max-video-preview:-1\" \/>\n<link rel=\"canonical\" href=\"https:\/\/kbx.com\/fr\/carte-carburant\/\" \/>\n<meta property=\"og:locale\" content=\"fr_FR\" \/>\n<meta property=\"og:type\" content=\"article\" \/>\n<meta property=\"og:title\" content=\"Programme de carte carburant pour les transporteurs | KBX\" \/>\n<meta property=\"og:description\" content=\"\u00c9conomisez 53 \u00a2 par gallon avec la carte carburant KBX pour transporteurs. Couverture nationale, prix du diesel en temps r\u00e9el et 9\u202f000 $ d\u2019\u00e9conomies annuelles par camion.\" \/>\n<meta property=\"og:url\" content=\"https:\/\/kbx.com\/fr\/carte-carburant\/\" \/>\n<meta property=\"og:site_name\" content=\"KBX\" \/>\n<meta property=\"article:modified_time\" content=\"2026-05-14T18:55:53+00:00\" \/>\n<meta name=\"twitter:card\" content=\"summary_large_image\" \/>\n<script type=\"application\/ld+json\" class=\"yoast-schema-graph\">{\"@context\":\"https:\\\/\\\/schema.org\",\"@graph\":[{\"@type\":\"WebPage\",\"@id\":\"https:\\\/\\\/kbx.com\\\/fr\\\/carte-carburant\\\/\",\"url\":\"https:\\\/\\\/kbx.com\\\/fr\\\/carte-carburant\\\/\",\"name\":\"Programme de carte carburant pour les transporteurs | KBX\",\"isPartOf\":{\"@id\":\"https:\\\/\\\/kbx.com\\\/fr\\\/#website\"},\"datePublished\":\"2025-08-26T05:24:31+00:00\",\"dateModified\":\"2026-05-14T18:55:53+00:00\",\"description\":\"\u00c9conomisez 53 \u00a2 par gallon avec la carte carburant KBX pour transporteurs. Couverture nationale, prix du diesel en temps r\u00e9el et 9\u202f000 $ d\u2019\u00e9conomies annuelles par camion.\",\"breadcrumb\":{\"@id\":\"https:\\\/\\\/kbx.com\\\/fr\\\/carte-carburant\\\/#breadcrumb\"},\"inLanguage\":\"fr-FR\",\"potentialAction\":[{\"@type\":\"ReadAction\",\"target\":[\"https:\\\/\\\/kbx.com\\\/fr\\\/carte-carburant\\\/\"]}]},{\"@type\":\"BreadcrumbList\",\"@id\":\"https:\\\/\\\/kbx.com\\\/fr\\\/carte-carburant\\\/#breadcrumb\",\"itemListElement\":[{\"@type\":\"ListItem\",\"position\":1,\"name\":\"Home\",\"item\":\"https:\\\/\\\/kbx.com\\\/fr\\\/accueil\\\/\"},{\"@type\":\"ListItem\",\"position\":2,\"name\":\"Carte carburant\"}]},{\"@type\":\"WebSite\",\"@id\":\"https:\\\/\\\/kbx.com\\\/fr\\\/#website\",\"url\":\"https:\\\/\\\/kbx.com\\\/fr\\\/\",\"name\":\"KBX\",\"description\":\"\",\"potentialAction\":[{\"@type\":\"SearchAction\",\"target\":{\"@type\":\"EntryPoint\",\"urlTemplate\":\"https:\\\/\\\/kbx.com\\\/fr\\\/?s={search_term_string}\"},\"query-input\":{\"@type\":\"PropertyValueSpecification\",\"valueRequired\":true,\"valueName\":\"search_term_string\"}}],\"inLanguage\":\"fr-FR\"}]}<\/script>\n<!-- \/ Yoast SEO plugin. -->","yoast_head_json":{"title":"Programme de carte carburant pour les transporteurs | KBX","description":"\u00c9conomisez 53 \u00a2 par gallon avec la carte carburant KBX pour transporteurs. Couverture nationale, prix du diesel en temps r\u00e9el et 9\u202f000 $ d\u2019\u00e9conomies annuelles par camion.","robots":{"index":"index","follow":"follow","max-snippet":"max-snippet:-1","max-image-preview":"max-image-preview:large","max-video-preview":"max-video-preview:-1"},"canonical":"https:\/\/kbx.com\/fr\/carte-carburant\/","og_locale":"fr_FR","og_type":"article","og_title":"Programme de carte carburant pour les transporteurs | KBX","og_description":"\u00c9conomisez 53 \u00a2 par gallon avec la carte carburant KBX pour transporteurs. Couverture nationale, prix du diesel en temps r\u00e9el et 9\u202f000 $ d\u2019\u00e9conomies annuelles par camion.","og_url":"https:\/\/kbx.com\/fr\/carte-carburant\/","og_site_name":"KBX","article_modified_time":"2026-05-14T18:55:53+00:00","twitter_card":"summary_large_image","schema":{"@context":"https:\/\/schema.org","@graph":[{"@type":"WebPage","@id":"https:\/\/kbx.com\/fr\/carte-carburant\/","url":"https:\/\/kbx.com\/fr\/carte-carburant\/","name":"Programme de carte carburant pour les transporteurs | KBX","isPartOf":{"@id":"https:\/\/kbx.com\/fr\/#website"},"datePublished":"2025-08-26T05:24:31+00:00","dateModified":"2026-05-14T18:55:53+00:00","description":"\u00c9conomisez 53 \u00a2 par gallon avec la carte carburant KBX pour transporteurs. Couverture nationale, prix du diesel en temps r\u00e9el et 9\u202f000 $ d\u2019\u00e9conomies annuelles par camion.","breadcrumb":{"@id":"https:\/\/kbx.com\/fr\/carte-carburant\/#breadcrumb"},"inLanguage":"fr-FR","potentialAction":[{"@type":"ReadAction","target":["https:\/\/kbx.com\/fr\/carte-carburant\/"]}]},{"@type":"BreadcrumbList","@id":"https:\/\/kbx.com\/fr\/carte-carburant\/#breadcrumb","itemListElement":[{"@type":"ListItem","position":1,"name":"Home","item":"https:\/\/kbx.com\/fr\/accueil\/"},{"@type":"ListItem","position":2,"name":"Carte carburant"}]},{"@type":"WebSite","@id":"https:\/\/kbx.com\/fr\/#website","url":"https:\/\/kbx.com\/fr\/","name":"KBX","description":"","potentialAction":[{"@type":"SearchAction","target":{"@type":"EntryPoint","urlTemplate":"https:\/\/kbx.com\/fr\/?s={search_term_string}"},"query-input":{"@type":"PropertyValueSpecification","valueRequired":true,"valueName":"search_term_string"}}],"inLanguage":"fr-FR"}]}},"_links":{"self":[{"href":"https:\/\/kbx.com\/fr\/wp-json\/wp\/v2\/pages\/2048","targetHints":{"allow":["GET"]}}],"collection":[{"href":"https:\/\/kbx.com\/fr\/wp-json\/wp\/v2\/pages"}],"about":[{"href":"https:\/\/kbx.com\/fr\/wp-json\/wp\/v2\/types\/page"}],"author":[{"embeddable":true,"href":"https:\/\/kbx.com\/fr\/wp-json\/wp\/v2\/users\/3"}],"replies":[{"embeddable":true,"href":"https:\/\/kbx.com\/fr\/wp-json\/wp\/v2\/comments?post=2048"}],"version-history":[{"count":2,"href":"https:\/\/kbx.com\/fr\/wp-json\/wp\/v2\/pages\/2048\/revisions"}],"predecessor-version":[{"id":2051,"href":"https:\/\/kbx.com\/fr\/wp-json\/wp\/v2\/pages\/2048\/revisions\/2051"}],"wp:attachment":[{"href":"https:\/\/kbx.com\/fr\/wp-json\/wp\/v2\/media?parent=2048"}],"curies":[{"name":"wp","href":"https:\/\/api.w.org\/{rel}","templated":true}]}}