{"id":2026,"date":"2025-08-25T23:26:05","date_gmt":"2025-08-26T05:26:05","guid":{"rendered":"https:\/\/kbx.com\/loadshop\/"},"modified":"2026-05-14T12:49:05","modified_gmt":"2026-05-14T18:49:05","slug":"loadshop","status":"publish","type":"page","link":"https:\/\/kbx.com\/fr\/integrations-pour-les-transporteurs\/loadshop\/","title":{"rendered":"Loadshop"},"content":{"rendered":"\n\n\n\n<section class=\"component c-content-media\" role=\"region\" aria-roledescription=\"Content and Media\" aria-label=\"Content and Media\" >\n    <div class=\"spacing-outside-default\">\n        <div class=\"spacing-inside-wide\">\n            <div class=\"container\">\n                <div class=\"row justify-content-center\">\n                                                                    \n                        <div class=\"col-12 col-md-5 order-md-0\">\n                            <div class=\"content-container\">\n                                <div class=\"row \">\n\t<div class=\"col-12  block-heading\">\n\t<h2 class=\"text-start\">\n\t\t\t        <span>\u00c9tape 1 \u2013 Acc\u00e9dez \u00e0 l\u2019onglet R\u00e9servations<\/span>\n    \n  \t<\/h2>\n  <\/div>\n<\/div>\n<div class=\"row  block-heading-content\">\n\t<div class=\"col-12\"><ul>\n<li>Depuis votre tableau de bord Loadshop, ouvrez l\u2019onglet R\u00e9servations.<\/li>\n<li>Vous verrez tous les chargements r\u00e9serv\u00e9s qui n\u00e9cessitent encore des mises \u00e0 jour de statut.<\/li>\n<li>Cliquez sur le bouton Statut \u00e0 droite du chargement que vous souhaitez mettre \u00e0 jour.<\/li>\n<\/ul>\n<\/div>\n<\/div>\n\n                                \n\n\n                            <\/div>\n                        <\/div>\n                    \n                    <div class=\"col-12 col-md-5\">\n                                                    <div class=\"media-container img-container text-lg-end single-img\">\n                                                                \n                                <img decoding=\"async\" src=\"https:\/\/kbx.com\/wp-content\/uploads\/2025\/09\/2025_KBX-Carrier-Integrations_Loadshop_Step-1-Go-To-The-Booked-Tab-1.jpg\" srcset=\"https:\/\/kbx.com\/wp-content\/uploads\/2025\/09\/2025_KBX-Carrier-Integrations_Loadshop_Step-1-Go-To-The-Booked-Tab-1.jpg 511w, https:\/\/kbx.com\/wp-content\/uploads\/2025\/09\/2025_KBX-Carrier-Integrations_Loadshop_Step-1-Go-To-The-Booked-Tab-1-300x105.jpg 300w\"\n                                     sizes=\"auto, (max-width: 511px) 100vw, 511px\" width=\"511\"\n                                     height=\"178\" class=\"primary-img no-scale\"\n                                     alt=\"Step-1-Go-To-The-Booked-Tab-1.jpg\" loading=\"lazy\"  role=\"presentation\">\n                            <\/div>\n                                            <\/div>\n                <\/div>\n            <\/div>\n        <\/div>\n    <\/div>\n\n    \n<\/section>\n\n\n\n\n<section class=\"component c-content-media\" role=\"region\" aria-roledescription=\"Content and Media\" aria-label=\"Content and Media\" >\n    <div class=\"spacing-outside-default\">\n        <div class=\"spacing-inside-wide\">\n            <div class=\"container\">\n                <div class=\"row justify-content-center\">\n                                                                    \n                        <div class=\"col-12 col-md-5 order-md-0\">\n                            <div class=\"content-container\">\n                                <div class=\"row \">\n\t<div class=\"col-12  block-heading\">\n\t<h2 class=\"text-start\">\n\t\t\t        <span>\u00c9tape 2 \u2013 Mettre \u00e0 jour les champs d\u2019enl\u00e8vement et d\u2019arr\u00eat final<\/span>\n    \n  \t<\/h2>\n  <\/div>\n<\/div>\n<div class=\"row  block-heading-content\">\n\t<div class=\"col-12\"><p>Remplissez les champs de statut obligatoires pour l\u2019arr\u00eat d\u2019enl\u00e8vement et l\u2019arr\u00eat final.<\/p>\n<p><strong>Arr\u00eat d\u2019enl\u00e8vement :<\/strong><\/p>\n<ul>\n<li>Heure de rendez-vous <em>(si n\u00e9cessaire)<\/em><\/li>\n<li>ETA chez l\u2019exp\u00e9diteur<\/li>\n<li>Arriv\u00e9 chez l\u2019exp\u00e9diteur<\/li>\n<li>D\u00e9part de chez l\u2019exp\u00e9diteur<\/li>\n<\/ul>\n<p><strong>Arr\u00eat final :<\/strong><\/p>\n<ul>\n<li>Heure de rendez-vous <em>(si n\u00e9cessaire)<\/em><\/li>\n<li>ETA \u00e0 la livraison<\/li>\n<li>Arriv\u00e9 chez le destinataire<\/li>\n<li>D\u00e9part de la livraison<\/li>\n<\/ul>\n<p><strong>Conseil :<\/strong> Cliquez sur l\u2019ic\u00f4ne du calendrier pour s\u00e9lectionner une date et assurez-vous d\u2019utiliser l\u2019heure locale pour chaque emplacement.<\/p>\n<p>Une fois tous les champs remplis, cliquez sur Envoyer les statuts.<\/p>\n<\/div>\n<\/div>\n\n                                \n\n\n                            <\/div>\n                        <\/div>\n                    \n                    <div class=\"col-12 col-md-5\">\n                                                    <div class=\"media-container img-container text-lg-end single-img\">\n                                                                \n                                <img decoding=\"async\" src=\"https:\/\/kbx.com\/wp-content\/uploads\/2025\/09\/2025_KBX-Carrier-Integrations_Loadshop_Step-2_Update-Pickup-and-Final-Stops-1.jpg\" srcset=\"https:\/\/kbx.com\/wp-content\/uploads\/2025\/09\/2025_KBX-Carrier-Integrations_Loadshop_Step-2_Update-Pickup-and-Final-Stops-1.jpg 511w, https:\/\/kbx.com\/wp-content\/uploads\/2025\/09\/2025_KBX-Carrier-Integrations_Loadshop_Step-2_Update-Pickup-and-Final-Stops-1-300x255.jpg 300w\"\n                                     sizes=\"auto, (max-width: 511px) 100vw, 511px\" width=\"511\"\n                                     height=\"435\" class=\"primary-img no-scale\"\n                                     alt=\"Update-Pickup-and-Final-Stop\" loading=\"lazy\"  role=\"presentation\">\n                            <\/div>\n                                            <\/div>\n                <\/div>\n            <\/div>\n        <\/div>\n    <\/div>\n\n    \n<\/section>\n\n\n\n\n<section class=\"component c-content-media\" role=\"region\" aria-roledescription=\"Content and Media\" aria-label=\"Content and Media\" >\n    <div class=\"spacing-outside-default\">\n        <div class=\"spacing-inside-wide\">\n            <div class=\"container\">\n                <div class=\"row justify-content-center\">\n                                                                    \n                        <div class=\"col-12 col-md-5 order-md-0\">\n                            <div class=\"content-container\">\n                                <div class=\"row \">\n\t<div class=\"col-12  block-heading\">\n\t<h2 class=\"text-start\">\n\t\t\t        <span>\u00c9tape 3 \u2013 Ajouter des mises \u00e0 jour en transit <\/span>\n    \n  \t<\/h2>\n  <\/div>\n<\/div>\n<div class=\"row  block-heading-content\">\n\t<div class=\"col-12\"><p><strong>(Facultatif mais recommand\u00e9)<\/strong><\/p>\n<p>Le maintien \u00e0 jour des informations en transit am\u00e9liore la visibilit\u00e9 pour toutes les parties :<\/p>\n<ul>\n<li>Saisissez la date et l\u2019heure<\/li>\n<li>Saisissez l\u2019emplacement actuel de votre chauffeur<\/li>\n<li>Cliquez sur Envoyer le statut<\/li>\n<\/ul>\n<\/div>\n<\/div>\n\n                                \n\n\n                            <\/div>\n                        <\/div>\n                    \n                    <div class=\"col-12 col-md-5\">\n                                                    <div class=\"media-container img-container text-lg-end single-img\">\n                                                                \n                                <img decoding=\"async\" src=\"https:\/\/kbx.com\/wp-content\/uploads\/2025\/09\/2025_KBX-Carrier-Integrations_Loadshop_Step-3-Add-in-Transit-Updates-1.jpg\" srcset=\"https:\/\/kbx.com\/wp-content\/uploads\/2025\/09\/2025_KBX-Carrier-Integrations_Loadshop_Step-3-Add-in-Transit-Updates-1.jpg 511w, https:\/\/kbx.com\/wp-content\/uploads\/2025\/09\/2025_KBX-Carrier-Integrations_Loadshop_Step-3-Add-in-Transit-Updates-1-300x65.jpg 300w\"\n                                     sizes=\"auto, (max-width: 511px) 100vw, 511px\" width=\"511\"\n                                     height=\"111\" class=\"primary-img no-scale\"\n                                     alt=\"Add-in-Transit-Updates\" loading=\"lazy\"  role=\"presentation\">\n                            <\/div>\n                                            <\/div>\n                <\/div>\n            <\/div>\n        <\/div>\n    <\/div>\n\n    \n<\/section>\n\n\n\n\n<section class=\"component c-html\" role=\"region\" aria-roledescription=\"HTML\" aria-label=\"HTML\" >\n\t<div class=\"spacing-outside-default\">\n\t\t<div class=\"spacing-inside-default\">\n\t\t\t<div class=\"container\">\n\t\t\t\t<div class=\"row justify-content-center\">\n\t\t\t\t\t<div class=\"col-12   col-lg-10 \">\n\t\t\t\t\t\t<article>\n\t\t\t\t\t\t\t<h2>\u00c9tape 4 \u2013 Terminer votre mise \u00e0 jour<\/h2>\n<p>Une fois tous les champs obligatoires soumis, votre chargement passera \u00e0 l\u2019\u00e9tape du processus de facturation.<\/p>\n\n\t\t\t\t\t\t<\/article>\n\n\t\t\t\t\t<\/div>\n\t\t\t\t<\/div>\n\t\t\t\t\t\t\t<\/div>\n\t\t<\/div>\n\t<\/div>\n<\/section>\n\n\n\n<section class=\"component c-cta\" role=\"region\" aria-roledescription=\"CTA\" aria-label=\"CTA\" >\n\t<div\n\t\tclass=\"spacing-outside-default\">\n\t\t\t\t<div\n\t\t\tclass=\"spacing-inside-default \">\n\t\t\t\t\t\t<div class=\"custom-wrapper\">\n\t\t\t\t<div class=\"container\">\n\t\t\t\t\t<div class=\"row justify-content-center\">\n\t\t\t\t\t\t<div class=\"col-12\">\n\t\t\t\t\t\t\t<div class=\"cta_wrapper\">\n\t\t\t\t\t\t\t\t<div class=\"background\">\n\t\t\t\t\t\t\t\t\t\t\t\t\t\t\t\t\t\t\t\t\t\t\t\t\t\t\t\t\t<img fetchpriority=\"high\" decoding=\"async\" src=\"https:\/\/kbx.com\/wp-content\/uploads\/2025\/09\/cta-background-desktop.jpg\" srcset=\"https:\/\/kbx.com\/wp-content\/uploads\/2025\/09\/cta-background-desktop.jpg 1920w, https:\/\/kbx.com\/wp-content\/uploads\/2025\/09\/cta-background-desktop-300x83.jpg 300w, https:\/\/kbx.com\/wp-content\/uploads\/2025\/09\/cta-background-desktop-1024x284.jpg 1024w, https:\/\/kbx.com\/wp-content\/uploads\/2025\/09\/cta-background-desktop-768x213.jpg 768w, https:\/\/kbx.com\/wp-content\/uploads\/2025\/09\/cta-background-desktop-1536x426.jpg 1536w\" sizes=\"(max-width: 1920px) 100vw, 1920px\" width=\"1920\" height=\"532\" class=\"img-fluid  d-none d-lg-block \" alt=\"Shipping containers\" loading=\"eager\" role=\"presentation\"\/>\n\t\t\t\t\t\t\t\t\t\t\t\t\t\t\t\t\t\t\t\t\t\t\t\t\t\t\t\t\t\t\t\t\t\t\t\t\t\t<img decoding=\"async\" src=\"https:\/\/kbx.com\/wp-content\/uploads\/2025\/09\/cta-background-mobile.jpg\" srcset=\"https:\/\/kbx.com\/wp-content\/uploads\/2025\/09\/cta-background-mobile.jpg 800w, https:\/\/kbx.com\/wp-content\/uploads\/2025\/09\/cta-background-mobile-300x188.jpg 300w, https:\/\/kbx.com\/wp-content\/uploads\/2025\/09\/cta-background-mobile-768x480.jpg 768w\" sizes=\"(max-width: 800px) 100vw, 800px\" width=\"800\" height=\"500\" class=\"img-fluid d-block d-lg-none\" alt=\"Shipping\" loading=\"eager\" role=\"presentation\"\/>\n\t\t\t\t\t\t\t\t\t\t\t\t\t\t\t\t\t<\/div>\n\t\t\t\t\t\t\t\t<div class=\"content-wrapper\">\n\t\t\t\t\t\t\t\t\t<h2>Des questions sur Loadshop ? <\/h2>\n\t\t\t\t\t\t\t\t\t\t\t\t\t\t\t\t\t\t\t\n                           \n  <div class=\"c-button text-center\"  >\n    <a href=\"https:\/\/kbx.com\/contact-us\/\" class=\"btn  btn-fill btn-white\" >\n        <span>Contacter notre \u00e9quipe<\/span>\n\n                    <span class=\"icon\">\n                <svg>\n                    <use href=\"#icon-arrow\"><\/use>\n                <\/svg>\n            <\/span>\n            <\/a>\n  <\/div>\n\n\n\n\n\t\t\t\t\t\t\t\t\t\t\t\t\t\t\t\t\t<\/div>\n\t\t\t\t\t\t\t<\/div>\n\t\t\t\t\t\t<\/div>\n\t\t\t\t\t<\/div>\n\t\t\t\t<\/div>\n\t\t\t<\/div>\n\t\t<\/div>\n\t<\/div>\n<\/section>\n","protected":false},"excerpt":{"rendered":"","protected":false},"author":3,"featured_media":0,"parent":2045,"menu_order":0,"comment_status":"closed","ping_status":"closed","template":"","meta":{"_acf_changed":false,"footnotes":""},"class_list":["post-2026","page","type-page","status-publish","hentry"],"acf":[],"yoast_head":"<!-- This site is optimized with the Yoast SEO plugin v27.6 - https:\/\/yoast.com\/product\/yoast-seo-wordpress\/ -->\n<title>Mettre \u00e0 jour un chargement dans Loadshop | KBX<\/title>\n<meta name=\"description\" content=\"Apprenez \u00e0 mettre \u00e0 jour les chargements dans Loadshop pour maintenir les statuts d\u2019exp\u00e9dition \u00e0 jour, am\u00e9liorer la visibilit\u00e9 et acc\u00e9l\u00e9rer le traitement des paiements.\" \/>\n<meta name=\"robots\" content=\"index, follow, max-snippet:-1, max-image-preview:large, max-video-preview:-1\" \/>\n<link rel=\"canonical\" href=\"https:\/\/kbx.com\/fr\/integrations-pour-les-transporteurs\/loadshop\/\" \/>\n<meta property=\"og:locale\" content=\"fr_FR\" \/>\n<meta property=\"og:type\" content=\"article\" \/>\n<meta property=\"og:title\" content=\"Mettre \u00e0 jour un chargement dans Loadshop | KBX\" \/>\n<meta property=\"og:description\" content=\"Apprenez \u00e0 mettre \u00e0 jour les chargements dans Loadshop pour maintenir les statuts d\u2019exp\u00e9dition \u00e0 jour, am\u00e9liorer la visibilit\u00e9 et acc\u00e9l\u00e9rer le traitement des paiements.\" \/>\n<meta property=\"og:url\" content=\"https:\/\/kbx.com\/fr\/integrations-pour-les-transporteurs\/loadshop\/\" \/>\n<meta property=\"og:site_name\" content=\"KBX\" \/>\n<meta property=\"article:modified_time\" content=\"2026-05-14T18:49:05+00:00\" \/>\n<meta name=\"twitter:card\" content=\"summary_large_image\" \/>\n<script type=\"application\/ld+json\" class=\"yoast-schema-graph\">{\"@context\":\"https:\\\/\\\/schema.org\",\"@graph\":[{\"@type\":\"WebPage\",\"@id\":\"https:\\\/\\\/kbx.com\\\/fr\\\/integrations-pour-les-transporteurs\\\/loadshop\\\/\",\"url\":\"https:\\\/\\\/kbx.com\\\/fr\\\/integrations-pour-les-transporteurs\\\/loadshop\\\/\",\"name\":\"Mettre \u00e0 jour un chargement dans Loadshop | KBX\",\"isPartOf\":{\"@id\":\"https:\\\/\\\/kbx.com\\\/fr\\\/#website\"},\"datePublished\":\"2025-08-26T05:26:05+00:00\",\"dateModified\":\"2026-05-14T18:49:05+00:00\",\"description\":\"Apprenez \u00e0 mettre \u00e0 jour les chargements dans Loadshop pour maintenir les statuts d\u2019exp\u00e9dition \u00e0 jour, am\u00e9liorer la visibilit\u00e9 et acc\u00e9l\u00e9rer le traitement des paiements.\",\"breadcrumb\":{\"@id\":\"https:\\\/\\\/kbx.com\\\/fr\\\/integrations-pour-les-transporteurs\\\/loadshop\\\/#breadcrumb\"},\"inLanguage\":\"fr-FR\",\"potentialAction\":[{\"@type\":\"ReadAction\",\"target\":[\"https:\\\/\\\/kbx.com\\\/fr\\\/integrations-pour-les-transporteurs\\\/loadshop\\\/\"]}]},{\"@type\":\"BreadcrumbList\",\"@id\":\"https:\\\/\\\/kbx.com\\\/fr\\\/integrations-pour-les-transporteurs\\\/loadshop\\\/#breadcrumb\",\"itemListElement\":[{\"@type\":\"ListItem\",\"position\":1,\"name\":\"Home\",\"item\":\"https:\\\/\\\/kbx.com\\\/fr\\\/accueil\\\/\"},{\"@type\":\"ListItem\",\"position\":2,\"name\":\"Int\u00e9grations pour les transporteurs\",\"item\":\"https:\\\/\\\/kbx.com\\\/fr\\\/integrations-pour-les-transporteurs\\\/\"},{\"@type\":\"ListItem\",\"position\":3,\"name\":\"Loadshop\"}]},{\"@type\":\"WebSite\",\"@id\":\"https:\\\/\\\/kbx.com\\\/fr\\\/#website\",\"url\":\"https:\\\/\\\/kbx.com\\\/fr\\\/\",\"name\":\"KBX\",\"description\":\"\",\"potentialAction\":[{\"@type\":\"SearchAction\",\"target\":{\"@type\":\"EntryPoint\",\"urlTemplate\":\"https:\\\/\\\/kbx.com\\\/fr\\\/?s={search_term_string}\"},\"query-input\":{\"@type\":\"PropertyValueSpecification\",\"valueRequired\":true,\"valueName\":\"search_term_string\"}}],\"inLanguage\":\"fr-FR\"}]}<\/script>\n<!-- \/ Yoast SEO plugin. -->","yoast_head_json":{"title":"Mettre \u00e0 jour un chargement dans Loadshop | KBX","description":"Apprenez \u00e0 mettre \u00e0 jour les chargements dans Loadshop pour maintenir les statuts d\u2019exp\u00e9dition \u00e0 jour, am\u00e9liorer la visibilit\u00e9 et acc\u00e9l\u00e9rer le traitement des paiements.","robots":{"index":"index","follow":"follow","max-snippet":"max-snippet:-1","max-image-preview":"max-image-preview:large","max-video-preview":"max-video-preview:-1"},"canonical":"https:\/\/kbx.com\/fr\/integrations-pour-les-transporteurs\/loadshop\/","og_locale":"fr_FR","og_type":"article","og_title":"Mettre \u00e0 jour un chargement dans Loadshop | KBX","og_description":"Apprenez \u00e0 mettre \u00e0 jour les chargements dans Loadshop pour maintenir les statuts d\u2019exp\u00e9dition \u00e0 jour, am\u00e9liorer la visibilit\u00e9 et acc\u00e9l\u00e9rer le traitement des paiements.","og_url":"https:\/\/kbx.com\/fr\/integrations-pour-les-transporteurs\/loadshop\/","og_site_name":"KBX","article_modified_time":"2026-05-14T18:49:05+00:00","twitter_card":"summary_large_image","schema":{"@context":"https:\/\/schema.org","@graph":[{"@type":"WebPage","@id":"https:\/\/kbx.com\/fr\/integrations-pour-les-transporteurs\/loadshop\/","url":"https:\/\/kbx.com\/fr\/integrations-pour-les-transporteurs\/loadshop\/","name":"Mettre \u00e0 jour un chargement dans Loadshop | KBX","isPartOf":{"@id":"https:\/\/kbx.com\/fr\/#website"},"datePublished":"2025-08-26T05:26:05+00:00","dateModified":"2026-05-14T18:49:05+00:00","description":"Apprenez \u00e0 mettre \u00e0 jour les chargements dans Loadshop pour maintenir les statuts d\u2019exp\u00e9dition \u00e0 jour, am\u00e9liorer la visibilit\u00e9 et acc\u00e9l\u00e9rer le traitement des paiements.","breadcrumb":{"@id":"https:\/\/kbx.com\/fr\/integrations-pour-les-transporteurs\/loadshop\/#breadcrumb"},"inLanguage":"fr-FR","potentialAction":[{"@type":"ReadAction","target":["https:\/\/kbx.com\/fr\/integrations-pour-les-transporteurs\/loadshop\/"]}]},{"@type":"BreadcrumbList","@id":"https:\/\/kbx.com\/fr\/integrations-pour-les-transporteurs\/loadshop\/#breadcrumb","itemListElement":[{"@type":"ListItem","position":1,"name":"Home","item":"https:\/\/kbx.com\/fr\/accueil\/"},{"@type":"ListItem","position":2,"name":"Int\u00e9grations pour les transporteurs","item":"https:\/\/kbx.com\/fr\/integrations-pour-les-transporteurs\/"},{"@type":"ListItem","position":3,"name":"Loadshop"}]},{"@type":"WebSite","@id":"https:\/\/kbx.com\/fr\/#website","url":"https:\/\/kbx.com\/fr\/","name":"KBX","description":"","potentialAction":[{"@type":"SearchAction","target":{"@type":"EntryPoint","urlTemplate":"https:\/\/kbx.com\/fr\/?s={search_term_string}"},"query-input":{"@type":"PropertyValueSpecification","valueRequired":true,"valueName":"search_term_string"}}],"inLanguage":"fr-FR"}]}},"_links":{"self":[{"href":"https:\/\/kbx.com\/fr\/wp-json\/wp\/v2\/pages\/2026","targetHints":{"allow":["GET"]}}],"collection":[{"href":"https:\/\/kbx.com\/fr\/wp-json\/wp\/v2\/pages"}],"about":[{"href":"https:\/\/kbx.com\/fr\/wp-json\/wp\/v2\/types\/page"}],"author":[{"embeddable":true,"href":"https:\/\/kbx.com\/fr\/wp-json\/wp\/v2\/users\/3"}],"replies":[{"embeddable":true,"href":"https:\/\/kbx.com\/fr\/wp-json\/wp\/v2\/comments?post=2026"}],"version-history":[{"count":3,"href":"https:\/\/kbx.com\/fr\/wp-json\/wp\/v2\/pages\/2026\/revisions"}],"predecessor-version":[{"id":2337,"href":"https:\/\/kbx.com\/fr\/wp-json\/wp\/v2\/pages\/2026\/revisions\/2337"}],"up":[{"embeddable":true,"href":"https:\/\/kbx.com\/fr\/wp-json\/wp\/v2\/pages\/2045"}],"wp:attachment":[{"href":"https:\/\/kbx.com\/fr\/wp-json\/wp\/v2\/media?parent=2026"}],"curies":[{"name":"wp","href":"https:\/\/api.w.org\/{rel}","templated":true}]}}