{"id":2012,"date":"2025-08-25T23:25:30","date_gmt":"2025-08-26T05:25:30","guid":{"rendered":"https:\/\/kbx.com\/kbx-tm-mobile\/"},"modified":"2026-05-14T12:48:14","modified_gmt":"2026-05-14T18:48:14","slug":"kbx-tm-mobile","status":"publish","type":"page","link":"https:\/\/kbx.com\/fr\/integrations-pour-les-transporteurs\/kbx-tm-mobile\/","title":{"rendered":"KBX TM Mobile"},"content":{"rendered":"\n\n\n\n<section class=\"component c-html\" role=\"region\" aria-roledescription=\"HTML\" aria-label=\"HTML\" >\n\t<div class=\"spacing-outside-default\">\n\t\t<div class=\"spacing-inside-default\">\n\t\t\t<div class=\"container\">\n\t\t\t\t<div class=\"row justify-content-center\">\n\t\t\t\t\t<div class=\"col-12   col-lg-10 \">\n\t\t\t\t\t\t<article>\n\t\t\t\t\t\t\t<h2><span>KBX TM Mobile vous convient-il ?<\/span><\/h2>\n<p>Nous recommandons l\u2019application aux transporteurs qui :<\/p>\n<ul>\n<li>Disposent de chauffeurs avec des smartphones g\u00e9olocalis\u00e9s (iOS ou Android)<\/li>\n<li>Peuvent former les chauffeurs au processus de mise \u00e0 jour en trois clics<\/li>\n<li>Peuvent recevoir des SMS de r\u00e9partition et\/ou t\u00e9l\u00e9charger l\u2019application<\/li>\n<li><span> <\/span>Peuvent g\u00e9rer les processus d\u2019appel d\u2019offres et de facturation EDI ou manuels<\/li>\n<\/ul>\n\n\t\t\t\t\t\t<\/article>\n\n\t\t\t\t\t<\/div>\n\t\t\t\t<\/div>\n\t\t\t\t\t\t\t<\/div>\n\t\t<\/div>\n\t<\/div>\n<\/section>\n\n\n<section class=\"component c-accordion\" role=\"region\" aria-roledescription=\"FAQ and Content \/ Accordion\" aria-label=\"FAQ and Content \/ Accordion\" >\n\t<div\n\t\tclass=\"spacing-outside-default\">\n\t\t\t\t<div\n\t\t\tclass=\"spacing-inside-default \">\n\t\t\t\t\t\t<div class=\"container\">\n\t\t\t\t\t\t\t\t\t<div class=\"row mb-0 mb-lg-3\">\n\t\t\t\t\t\t<div class=\"col-12\">\n\t\t\t\t\t\t\t<h2>\n\t\t\t\t\t\t\t\tD\u00e9marrage\n\t\t\t\t\t\t\t<\/h2>\n\n\t\t\t\t\t\t<\/div>\n\t\t\t\t\t<\/div>\n\t\t\t\t\t\t\t\t<div class=\"row gap-4 gap-lg-0\">\n\t\t\t\t\t<div class=\"col-12 \">\n\t\t\t\t\t\t<div class=\"accordions\">\n\t\t\t\t\t\t\t\t\t\t\t\t\t\t\t<div id=\"content-1\" class=\"accordion active\">\n\t\t\t\t\t\t\t\t\t<button id=\"tab-title-1\" class=\"accordion-toggler\" aria-controls=\"accordion-content-1\"  aria-expanded=\"true\">\n\t\t\t\t\t\t\t\t\t\t<div class=\"accordion-title\">Configuration d\u2019un compte<\/div>\n\t\t\t\t\t\t\t\t\t\t<div class=\"accordion-toggler-icon\" aria-hidden=\"true\">\n\t\t\t\t\t\t\t\t\t\t\t<span><\/span>\n\t\t\t\t\t\t\t\t\t\t\t<span><\/span>\n\t\t\t\t\t\t\t\t\t\t<\/div>\n\t\t\t\t\t\t\t\t\t<\/button>\n\t\t\t\t\t\t\t\t\t<div id=\"accordion-content-1\" class=\"accordion-content clearfix\" tabindex=\"0\" role=\"tabpanel\" aria-labelledby=\"tab-title-1\" aria-hidden=\"false\"  style=\"display: block;\">\n\t\t\t\t\t\t\t\t\t\t<div class=\"pt-2 pt-lg-3\">\n\t\t\t\t\t\t\t\t\t\t\t<ul>\n<li><strong>Connexion du chauffeur :<\/strong> Les chauffeurs se connectent et recherchent leur chargement attribu\u00e9 avant l\u2019enl\u00e8vement.<\/li>\n<li><strong>Connexion du transporteur (r\u00e9partition) :<\/strong> Le service de r\u00e9partition se connecte au TMS de KBX, saisit le num\u00e9ro de chargement et le num\u00e9ro de t\u00e9l\u00e9phone du chauffeur. Le chauffeur re\u00e7oit un SMS avec un lien qui ouvre l\u2019application avec les d\u00e9tails du chargement pr\u00e9charg\u00e9s. <\/li>\n<\/ul>\n\n\t\t\t\t\t\t\t\t\t\t<\/div>\n\t\t\t\t\t\t\t\t\t<\/div>\n\t\t\t\t\t\t\t\t<\/div>\n\t\t\t\t\t\t\t\t\t\t\t\t\t\t\t<div id=\"content-2\" class=\"accordion\">\n\t\t\t\t\t\t\t\t\t<button id=\"tab-title-2\" class=\"accordion-toggler\" aria-controls=\"accordion-content-2\"  aria-expanded=\"false\">\n\t\t\t\t\t\t\t\t\t\t<div class=\"accordion-title\">Utilisation de l\u2019application<\/div>\n\t\t\t\t\t\t\t\t\t\t<div class=\"accordion-toggler-icon\" aria-hidden=\"true\">\n\t\t\t\t\t\t\t\t\t\t\t<span><\/span>\n\t\t\t\t\t\t\t\t\t\t\t<span><\/span>\n\t\t\t\t\t\t\t\t\t\t<\/div>\n\t\t\t\t\t\t\t\t\t<\/button>\n\t\t\t\t\t\t\t\t\t<div id=\"accordion-content-2\" class=\"accordion-content clearfix\" tabindex=\"0\" role=\"tabpanel\" aria-labelledby=\"tab-title-2\" aria-hidden=\"true\" >\n\t\t\t\t\t\t\t\t\t\t<div class=\"pt-2 pt-lg-3\">\n\t\t\t\t\t\t\t\t\t\t\t<p><a href=\"https:\/\/www.youtube.com\/watch?v=UXCJalUmM20\" target=\"_blank\" rel=\"noopener\">Voir la vid\u00e9o de pr\u00e9sentation de l\u2019application<\/a><\/p>\n<p>Remarque : l\u2019application peut \u00eatre appel\u00e9e \u00ab TOPS to Go \u00bb dans la vid\u00e9o, il s\u2019agit maintenant de KBX TM Mobile, avec la m\u00eame interface.<\/p>\n<p><strong>Mises \u00e0 jour en trois clics :<\/strong><\/p>\n<ol>\n<li><strong>En transit vers l\u2019enl\u00e8vement : <\/strong>Une fois en route, appuyez sur <em>En transit vers l\u2019enl\u00e8vement. <\/em>L\u2019arriv\u00e9e sera automatiquement mise \u00e0 jour dans un rayon de 2 500 pieds du chargeur.<\/li>\n<li><strong>En transit vers la livraison : <\/strong>Apr\u00e8s avoir quitt\u00e9 le chargeur, appuyez sur <em>En transit vers la livraison. <\/em>L\u2019arriv\u00e9e sera automatiquement mise \u00e0 jour dans un rayon de 2 500 pieds du client.<\/li>\n<li><strong>Livr\u00e9 : <\/strong>Une fois la livraison termin\u00e9e, appuyez sur L\u2019application cesse de suivre le chauffeur.<\/li>\n<\/ol>\n<p><strong>T\u00e9l\u00e9chargement du POD : <\/strong>Apr\u00e8s la livraison, t\u00e9l\u00e9chargez votre preuve de livraison directement dans l\u2019application. <a href=\"https:\/\/kbx.com\/wp-content\/uploads\/2025\/09\/POD-Doc-PDF.pdf\" target=\"_blank\" rel=\"noopener\">Voir les instructions de t\u00e9l\u00e9chargement<\/a><\/p>\n\n\t\t\t\t\t\t\t\t\t\t<\/div>\n\t\t\t\t\t\t\t\t\t<\/div>\n\t\t\t\t\t\t\t\t<\/div>\n\t\t\t\t\t\t\t\t\t\t\t\t\t<\/div>\n\t\t\t\t\t<\/div>\n\t\t\t\t\t\t\t\t\t<\/div>\n\t\t\t<\/div>\n\n\t\t<\/div>\n\t<\/div>\n\n\n<\/section>\n\n\n\n\n<section class=\"component c-content-media\" role=\"region\" aria-roledescription=\"Content and Media\" aria-label=\"Content and Media\" >\n    <div class=\"spacing-outside-default\">\n        <div class=\"spacing-inside-wide\">\n            <div class=\"container\">\n                <div class=\"row justify-content-center\">\n                                                                    \n                        <div class=\"col-12 col-md-5 order-md-0\">\n                            <div class=\"content-container\">\n                                <div class=\"row \">\n\t<div class=\"col-12  block-heading\">\n\t<h2 class=\"text-start\">\n\t\t\t        <span>\u00c9tape 1 \u2013 Enregistrez votre compte<\/span>\n    \n  \t<\/h2>\n  <\/div>\n<\/div>\n<div class=\"row  block-heading-content\">\n\t<div class=\"col-12\"><p>Cliquez sur le bouton S\u2019inscrire ici et remplissez le formulaire avec : Pr\u00e9nom, Nom, Nom de l\u2019entreprise, Identifiant utilisateur <em>(doit \u00eatre unique dans notre syst\u00e8me)<\/em>, E-mail et Mot de passe.<\/p>\n<\/div>\n<\/div>\n\n                                \n      \n  <div class=\"c-button text-center text-md-start\"  >\n    <a href=\"https:\/\/identity.kbxl.com\/account\/login?\" target=\"_blank\" class=\"btn  btn-fill btn-dk-blue\" >\n        <span>S\u2019inscrire ici <\/span>\n\n                    <span class=\"icon\">\n                <svg>\n                    <use href=\"#icon-arrow\"><\/use>\n                <\/svg>\n            <\/span>\n            <\/a>\n  <\/div>\n\n\n\n                            <\/div>\n                        <\/div>\n                    \n                    <div class=\"col-12 col-md-5\">\n                                                    <div class=\"media-container img-container text-lg-end single-img\">\n                                                                \n                                <img decoding=\"async\" src=\"https:\/\/kbx.com\/wp-content\/uploads\/2025\/09\/2025_KBX-Carrier-Integrations_KBX-TM-Mobile_Step-1-Register-Your-Account-1.jpg\" srcset=\"https:\/\/kbx.com\/wp-content\/uploads\/2025\/09\/2025_KBX-Carrier-Integrations_KBX-TM-Mobile_Step-1-Register-Your-Account-1.jpg 511w, https:\/\/kbx.com\/wp-content\/uploads\/2025\/09\/2025_KBX-Carrier-Integrations_KBX-TM-Mobile_Step-1-Register-Your-Account-1-280x300.jpg 280w\"\n                                     sizes=\"auto, (max-width: 511px) 100vw, 511px\" width=\"511\"\n                                     height=\"548\" class=\"primary-img no-scale\"\n                                     alt=\"Signup step\" loading=\"lazy\"  role=\"presentation\">\n                            <\/div>\n                                            <\/div>\n                <\/div>\n            <\/div>\n        <\/div>\n    <\/div>\n\n    \n<\/section>\n\n\n\n\n<section class=\"component c-content-media\" role=\"region\" aria-roledescription=\"Content and Media\" aria-label=\"Content and Media\" >\n    <div class=\"spacing-outside-default\">\n        <div class=\"spacing-inside-wide\">\n            <div class=\"container\">\n                <div class=\"row justify-content-center\">\n                                                                    \n                        <div class=\"col-12 col-md-5 order-md-0\">\n                            <div class=\"content-container\">\n                                <div class=\"row \">\n\t<div class=\"col-12  block-heading\">\n\t<h2 class=\"text-start\">\n\t\t\t        <span>\u00c9tape 2 \u2013 S\u00e9lectionnez votre application<\/span>\n    \n  \t<\/h2>\n  <\/div>\n<\/div>\n<div class=\"row  block-heading-content\">\n\t<div class=\"col-12\"><p>Parmi les options d\u2019application, choisissez Track It. Ajoutez des notes pour clarifier vos besoins d\u2019acc\u00e8s (voir l\u2019exemple d\u2019image). <\/p>\n<\/div>\n<\/div>\n\n                                \n\n\n                            <\/div>\n                        <\/div>\n                    \n                    <div class=\"col-12 col-md-5\">\n                                                    <div class=\"media-container img-container text-lg-end single-img\">\n                                                                \n                                <img decoding=\"async\" src=\"https:\/\/kbx.com\/wp-content\/uploads\/2025\/09\/2025_KBX-Carrier-Integrations_KBX-TM-Mobile_Step-2-Select-Your-Application-1.jpg\" srcset=\"https:\/\/kbx.com\/wp-content\/uploads\/2025\/09\/2025_KBX-Carrier-Integrations_KBX-TM-Mobile_Step-2-Select-Your-Application-1.jpg 511w, https:\/\/kbx.com\/wp-content\/uploads\/2025\/09\/2025_KBX-Carrier-Integrations_KBX-TM-Mobile_Step-2-Select-Your-Application-1-300x262.jpg 300w\"\n                                     sizes=\"auto, (max-width: 511px) 100vw, 511px\" width=\"511\"\n                                     height=\"446\" class=\"primary-img no-scale\"\n                                     alt=\"Step 2 process\" loading=\"lazy\"  role=\"presentation\">\n                            <\/div>\n                                            <\/div>\n                <\/div>\n            <\/div>\n        <\/div>\n    <\/div>\n\n    \n<\/section>\n\n\n\n\n<section class=\"component c-content-media\" role=\"region\" aria-roledescription=\"Content and Media\" aria-label=\"Content and Media\" >\n    <div class=\"spacing-outside-default\">\n        <div class=\"spacing-inside-wide\">\n            <div class=\"container\">\n                <div class=\"row justify-content-center\">\n                                                                    \n                        <div class=\"col-12 col-md-5 order-md-0\">\n                            <div class=\"content-container\">\n                                <div class=\"row \">\n\t<div class=\"col-12  block-heading\">\n\t<h2 class=\"text-start\">\n\t\t\t        <span>\u00c9tape 3 \u2013 Choisissez votre type d\u2019utilisateur<\/span>\n    \n  \t<\/h2>\n  <\/div>\n<\/div>\n<div class=\"row  block-heading-content\">\n\t<div class=\"col-12\"><p>Allez \u00e0 l\u2019onglet Types d\u2019utilisateurs et s\u00e9lectionnez Transporteur dans le menu d\u00e9roulant.<\/p>\n<\/div>\n<\/div>\n\n                                \n\n\n                            <\/div>\n                        <\/div>\n                    \n                    <div class=\"col-12 col-md-5\">\n                                                    <div class=\"media-container img-container text-lg-end single-img\">\n                                                                \n                                <img decoding=\"async\" src=\"https:\/\/kbx.com\/wp-content\/uploads\/2025\/09\/2025_KBX-Carrier-Integrations_KBX-TM-Mobile_Step-3_Choose-Your-User-Type.jpg\" srcset=\"https:\/\/kbx.com\/wp-content\/uploads\/2025\/09\/2025_KBX-Carrier-Integrations_KBX-TM-Mobile_Step-3_Choose-Your-User-Type.jpg 511w, https:\/\/kbx.com\/wp-content\/uploads\/2025\/09\/2025_KBX-Carrier-Integrations_KBX-TM-Mobile_Step-3_Choose-Your-User-Type-300x94.jpg 300w\"\n                                     sizes=\"auto, (max-width: 511px) 100vw, 511px\" width=\"511\"\n                                     height=\"160\" class=\"primary-img no-scale\"\n                                     alt=\"User Type step\" loading=\"lazy\"  role=\"presentation\">\n                            <\/div>\n                                            <\/div>\n                <\/div>\n            <\/div>\n        <\/div>\n    <\/div>\n\n    \n<\/section>\n\n\n\n\n<section class=\"component c-html\" role=\"region\" aria-roledescription=\"HTML\" aria-label=\"HTML\" >\n\t<div class=\"spacing-outside-none\">\n\t\t<div class=\"spacing-inside-none\">\n\t\t\t<div class=\"container\">\n\t\t\t\t<div class=\"row justify-content-center\">\n\t\t\t\t\t<div class=\"col-12   col-lg-10 \">\n\t\t\t\t\t\t<article>\n\t\t\t\t\t\t\t<h2>\u00c9tape 4 \u2013 V\u00e9rifier et confirmer<\/h2>\n<ul>\n<li>Lisez et acceptez les Conditions g\u00e9n\u00e9rales.<\/li>\n<li>Cliquez sur S\u2019inscrire.<\/li>\n<li>V\u00e9rifiez votre bo\u00eete de r\u00e9ception pour un e-mail de confirmation et v\u00e9rifiez votre adresse, vous ne pourrez pas vous connecter tant qu\u2019elle n\u2019est pas confirm\u00e9e.<\/li>\n<li>Une fois v\u00e9rifi\u00e9, notre \u00e9quipe d\u2019administration KBX TM vous accordera l\u2019acc\u00e8s de s\u00e9curit\u00e9 appropri\u00e9 ou vous contactera pour toute information suppl\u00e9mentaire n\u00e9cessaire \u00e0 la finalisation de votre configuration.<\/li>\n<\/ul>\n<p>&nbsp;<\/p>\n\n\t\t\t\t\t\t<\/article>\n\n\t\t\t\t\t<\/div>\n\t\t\t\t<\/div>\n\t\t\t\t\t\t\t<\/div>\n\t\t<\/div>\n\t<\/div>\n<\/section>\n\n\n\n\n<section class=\"component c-html\" role=\"region\" aria-roledescription=\"HTML\" aria-label=\"HTML\" >\n\t<div class=\"spacing-outside-none\">\n\t\t<div class=\"spacing-inside-narrow\">\n\t\t\t<div class=\"container\">\n\t\t\t\t<div class=\"row justify-content-center\">\n\t\t\t\t\t<div class=\"col-12   col-lg-10 \">\n\t\t\t\t\t\t<article>\n\t\t\t\t\t\t\t<h2>Ressources utiles<\/h2>\n<p><a href=\"https:\/\/kbx.com\/wp-content\/uploads\/2025\/09\/KBX-TM-Mobile-how-to-upload-a-Document.pdf\" target=\"_blank\" rel=\"noopener\">KBX TM Mobile_Comment t\u00e9l\u00e9charger un document \u2013 Anglais<\/a><\/p>\n<p><a href=\"https:\/\/kbx.com\/wp-content\/uploads\/2025\/09\/KBX_TM_Mobile-How-to-Update-a-Load.pdf\" target=\"_blank\" rel=\"noopener\">KBX Mobile Comment mettre \u00e0 jour un chargement \u2013 Anglais<\/a><\/p>\n<p><a href=\"https:\/\/kbx.com\/wp-content\/uploads\/2025\/09\/KBX-TM-Mobile-Dispatch-Texting-Instructions.pdf\" target=\"_blank\" rel=\"noopener\">Instructions d\u2019envoi de SMS de r\u00e9partition KBX TM Mobile \u2013 Anglais<\/a><\/p>\n<p><a href=\"https:\/\/kbx.com\/wp-content\/uploads\/2025\/09\/KBX-TM-Mobile-Texting-Mexico-Freight.pdf\" target=\"_blank\" rel=\"noopener\">KBX TM Mobile Texting \u2013 Fret Mexique<\/a><\/p>\n<p><a href=\"https:\/\/kbx.com\/wp-content\/uploads\/2025\/09\/KBX_TM_Mobile_Tutorial_en.pdf\" target=\"_blank\" rel=\"noopener\">Tutoriel KBX Mobile \u2013 Anglais<\/a><\/p>\n<p><a href=\"https:\/\/kbx.com\/wp-content\/uploads\/2025\/09\/KBX_TM_Mobile_Tutorial_es-us.pdf\" target=\"_blank\" rel=\"noopener\">Tutoriel KBX Mobile \u2013 Espagnol (\u00c9tats-Unis)<\/a><\/p>\n<p><a href=\"https:\/\/kbx.com\/wp-content\/uploads\/2025\/09\/KBX_TM_Mobile_Tutorial_es-mx.pdf\" target=\"_blank\" rel=\"noopener\">Tutoriel KBX Mobile \u2013 Espagnol (Mexique)<\/a><\/p>\n<p><a href=\"https:\/\/kbx.com\/wp-content\/uploads\/2025\/09\/KBX_TM_Mobile_Tutorial_fr-ca.pdf\" target=\"_blank\" rel=\"noopener\">Tutoriel KBX Mobile \u2013 Fran\u00e7ais (Canadien)<\/a><\/p>\n<p><a href=\"https:\/\/kbx.com\/wp-content\/uploads\/2025\/09\/KBX_TM_Mobile_Tutorial_fr-fr.pdf\" target=\"_blank\" rel=\"noopener\">Tutoriel KBX Mobile \u2013 Fran\u00e7ais (France)<\/a><\/p>\n<p><a href=\"https:\/\/kbx.com\/wp-content\/uploads\/2022\/09\/KBX_TM_Mobile_Tutorial_ru.pdf\" target=\"_blank\" rel=\"noopener\">Tutoriel KBX Mobile \u2013 Russe<\/a><\/p>\n\n\t\t\t\t\t\t<\/article>\n\n\t\t\t\t\t<\/div>\n\t\t\t\t<\/div>\n\t\t\t\t\t\t\t<\/div>\n\t\t<\/div>\n\t<\/div>\n<\/section>\n\n\n\n<section class=\"component c-cta\" role=\"region\" aria-roledescription=\"CTA\" aria-label=\"CTA\" >\n\t<div\n\t\tclass=\"spacing-outside-default\">\n\t\t\t\t<div\n\t\t\tclass=\"spacing-inside-default \">\n\t\t\t\t\t\t<div class=\"custom-wrapper\">\n\t\t\t\t<div class=\"container\">\n\t\t\t\t\t<div class=\"row justify-content-center\">\n\t\t\t\t\t\t<div class=\"col-12\">\n\t\t\t\t\t\t\t<div class=\"cta_wrapper\">\n\t\t\t\t\t\t\t\t<div class=\"background\">\n\t\t\t\t\t\t\t\t\t\t\t\t\t\t\t\t\t\t\t\t\t\t\t\t\t\t\t\t\t<img fetchpriority=\"high\" decoding=\"async\" src=\"https:\/\/kbx.com\/wp-content\/uploads\/2025\/09\/cta-background-desktop.jpg\" srcset=\"https:\/\/kbx.com\/wp-content\/uploads\/2025\/09\/cta-background-desktop.jpg 1920w, https:\/\/kbx.com\/wp-content\/uploads\/2025\/09\/cta-background-desktop-300x83.jpg 300w, https:\/\/kbx.com\/wp-content\/uploads\/2025\/09\/cta-background-desktop-1024x284.jpg 1024w, https:\/\/kbx.com\/wp-content\/uploads\/2025\/09\/cta-background-desktop-768x213.jpg 768w, https:\/\/kbx.com\/wp-content\/uploads\/2025\/09\/cta-background-desktop-1536x426.jpg 1536w\" sizes=\"(max-width: 1920px) 100vw, 1920px\" width=\"1920\" height=\"532\" class=\"img-fluid  d-none d-lg-block \" alt=\"Shipping containers\" loading=\"eager\" role=\"presentation\"\/>\n\t\t\t\t\t\t\t\t\t\t\t\t\t\t\t\t\t\t\t\t\t\t\t\t\t\t\t\t\t\t\t\t\t\t\t\t\t\t<img decoding=\"async\" src=\"https:\/\/kbx.com\/wp-content\/uploads\/2025\/09\/cta-background-mobile.jpg\" srcset=\"https:\/\/kbx.com\/wp-content\/uploads\/2025\/09\/cta-background-mobile.jpg 800w, https:\/\/kbx.com\/wp-content\/uploads\/2025\/09\/cta-background-mobile-300x188.jpg 300w, https:\/\/kbx.com\/wp-content\/uploads\/2025\/09\/cta-background-mobile-768x480.jpg 768w\" sizes=\"(max-width: 800px) 100vw, 800px\" width=\"800\" height=\"500\" class=\"img-fluid d-block d-lg-none\" alt=\"Shipping\" loading=\"eager\" role=\"presentation\"\/>\n\t\t\t\t\t\t\t\t\t\t\t\t\t\t\t\t\t<\/div>\n\t\t\t\t\t\t\t\t<div class=\"content-wrapper\">\n\t\t\t\t\t\t\t\t\t<h2>Des questions ?<\/h2>\n\t\t\t\t\t\t\t\t\t\t\t\t\t\t\t\t\t\t\t\n                           \n  <div class=\"c-button text-center\"  >\n    <a href=\"https:\/\/kbx.com\/contact-us\/\" class=\"btn  btn-fill btn-white\" >\n        <span>Contacter notre \u00e9quipe<\/span>\n\n                    <span class=\"icon\">\n                <svg>\n                    <use href=\"#icon-arrow\"><\/use>\n                <\/svg>\n            <\/span>\n            <\/a>\n  <\/div>\n\n\n\n\n\t\t\t\t\t\t\t\t\t\t\t\t\t\t\t\t\t<\/div>\n\t\t\t\t\t\t\t<\/div>\n\t\t\t\t\t\t<\/div>\n\t\t\t\t\t<\/div>\n\t\t\t\t<\/div>\n\t\t\t<\/div>\n\t\t<\/div>\n\t<\/div>\n<\/section>\n","protected":false},"excerpt":{"rendered":"","protected":false},"author":3,"featured_media":0,"parent":2045,"menu_order":0,"comment_status":"closed","ping_status":"closed","template":"","meta":{"_acf_changed":false,"footnotes":""},"class_list":["post-2012","page","type-page","status-publish","hentry"],"acf":[],"yoast_head":"<!-- This site is optimized with the Yoast SEO plugin v27.6 - https:\/\/yoast.com\/product\/yoast-seo-wordpress\/ -->\n<title>Application mobile TM | KBX<\/title>\n<meta name=\"description\" content=\"G\u00e9rez le fret o\u00f9 que vous soyez avec KBX TM Mobile. Suivi des chargements en temps r\u00e9el, mises \u00e0 jour et int\u00e9grations dans une application unique et simple.\" \/>\n<meta name=\"robots\" content=\"index, follow, max-snippet:-1, max-image-preview:large, max-video-preview:-1\" \/>\n<link rel=\"canonical\" href=\"https:\/\/kbx.com\/fr\/integrations-pour-les-transporteurs\/kbx-tm-mobile\/\" \/>\n<meta property=\"og:locale\" content=\"fr_FR\" \/>\n<meta property=\"og:type\" content=\"article\" \/>\n<meta property=\"og:title\" content=\"Application mobile TM | KBX\" \/>\n<meta property=\"og:description\" content=\"G\u00e9rez le fret o\u00f9 que vous soyez avec KBX TM Mobile. Suivi des chargements en temps r\u00e9el, mises \u00e0 jour et int\u00e9grations dans une application unique et simple.\" \/>\n<meta property=\"og:url\" content=\"https:\/\/kbx.com\/fr\/integrations-pour-les-transporteurs\/kbx-tm-mobile\/\" \/>\n<meta property=\"og:site_name\" content=\"KBX\" \/>\n<meta property=\"article:modified_time\" content=\"2026-05-14T18:48:14+00:00\" \/>\n<meta name=\"twitter:card\" content=\"summary_large_image\" \/>\n<script type=\"application\/ld+json\" class=\"yoast-schema-graph\">{\"@context\":\"https:\\\/\\\/schema.org\",\"@graph\":[{\"@type\":\"WebPage\",\"@id\":\"https:\\\/\\\/kbx.com\\\/fr\\\/integrations-pour-les-transporteurs\\\/kbx-tm-mobile\\\/\",\"url\":\"https:\\\/\\\/kbx.com\\\/fr\\\/integrations-pour-les-transporteurs\\\/kbx-tm-mobile\\\/\",\"name\":\"Application mobile TM | KBX\",\"isPartOf\":{\"@id\":\"https:\\\/\\\/kbx.com\\\/fr\\\/#website\"},\"datePublished\":\"2025-08-26T05:25:30+00:00\",\"dateModified\":\"2026-05-14T18:48:14+00:00\",\"description\":\"G\u00e9rez le fret o\u00f9 que vous soyez avec KBX TM Mobile. Suivi des chargements en temps r\u00e9el, mises \u00e0 jour et int\u00e9grations dans une application unique et simple.\",\"breadcrumb\":{\"@id\":\"https:\\\/\\\/kbx.com\\\/fr\\\/integrations-pour-les-transporteurs\\\/kbx-tm-mobile\\\/#breadcrumb\"},\"inLanguage\":\"fr-FR\",\"potentialAction\":[{\"@type\":\"ReadAction\",\"target\":[\"https:\\\/\\\/kbx.com\\\/fr\\\/integrations-pour-les-transporteurs\\\/kbx-tm-mobile\\\/\"]}]},{\"@type\":\"BreadcrumbList\",\"@id\":\"https:\\\/\\\/kbx.com\\\/fr\\\/integrations-pour-les-transporteurs\\\/kbx-tm-mobile\\\/#breadcrumb\",\"itemListElement\":[{\"@type\":\"ListItem\",\"position\":1,\"name\":\"Home\",\"item\":\"https:\\\/\\\/kbx.com\\\/fr\\\/accueil\\\/\"},{\"@type\":\"ListItem\",\"position\":2,\"name\":\"Int\u00e9grations pour les transporteurs\",\"item\":\"https:\\\/\\\/kbx.com\\\/fr\\\/integrations-pour-les-transporteurs\\\/\"},{\"@type\":\"ListItem\",\"position\":3,\"name\":\"KBX TM Mobile\"}]},{\"@type\":\"WebSite\",\"@id\":\"https:\\\/\\\/kbx.com\\\/fr\\\/#website\",\"url\":\"https:\\\/\\\/kbx.com\\\/fr\\\/\",\"name\":\"KBX\",\"description\":\"\",\"potentialAction\":[{\"@type\":\"SearchAction\",\"target\":{\"@type\":\"EntryPoint\",\"urlTemplate\":\"https:\\\/\\\/kbx.com\\\/fr\\\/?s={search_term_string}\"},\"query-input\":{\"@type\":\"PropertyValueSpecification\",\"valueRequired\":true,\"valueName\":\"search_term_string\"}}],\"inLanguage\":\"fr-FR\"}]}<\/script>\n<!-- \/ Yoast SEO plugin. -->","yoast_head_json":{"title":"Application mobile TM | KBX","description":"G\u00e9rez le fret o\u00f9 que vous soyez avec KBX TM Mobile. Suivi des chargements en temps r\u00e9el, mises \u00e0 jour et int\u00e9grations dans une application unique et simple.","robots":{"index":"index","follow":"follow","max-snippet":"max-snippet:-1","max-image-preview":"max-image-preview:large","max-video-preview":"max-video-preview:-1"},"canonical":"https:\/\/kbx.com\/fr\/integrations-pour-les-transporteurs\/kbx-tm-mobile\/","og_locale":"fr_FR","og_type":"article","og_title":"Application mobile TM | KBX","og_description":"G\u00e9rez le fret o\u00f9 que vous soyez avec KBX TM Mobile. Suivi des chargements en temps r\u00e9el, mises \u00e0 jour et int\u00e9grations dans une application unique et simple.","og_url":"https:\/\/kbx.com\/fr\/integrations-pour-les-transporteurs\/kbx-tm-mobile\/","og_site_name":"KBX","article_modified_time":"2026-05-14T18:48:14+00:00","twitter_card":"summary_large_image","schema":{"@context":"https:\/\/schema.org","@graph":[{"@type":"WebPage","@id":"https:\/\/kbx.com\/fr\/integrations-pour-les-transporteurs\/kbx-tm-mobile\/","url":"https:\/\/kbx.com\/fr\/integrations-pour-les-transporteurs\/kbx-tm-mobile\/","name":"Application mobile TM | KBX","isPartOf":{"@id":"https:\/\/kbx.com\/fr\/#website"},"datePublished":"2025-08-26T05:25:30+00:00","dateModified":"2026-05-14T18:48:14+00:00","description":"G\u00e9rez le fret o\u00f9 que vous soyez avec KBX TM Mobile. Suivi des chargements en temps r\u00e9el, mises \u00e0 jour et int\u00e9grations dans une application unique et simple.","breadcrumb":{"@id":"https:\/\/kbx.com\/fr\/integrations-pour-les-transporteurs\/kbx-tm-mobile\/#breadcrumb"},"inLanguage":"fr-FR","potentialAction":[{"@type":"ReadAction","target":["https:\/\/kbx.com\/fr\/integrations-pour-les-transporteurs\/kbx-tm-mobile\/"]}]},{"@type":"BreadcrumbList","@id":"https:\/\/kbx.com\/fr\/integrations-pour-les-transporteurs\/kbx-tm-mobile\/#breadcrumb","itemListElement":[{"@type":"ListItem","position":1,"name":"Home","item":"https:\/\/kbx.com\/fr\/accueil\/"},{"@type":"ListItem","position":2,"name":"Int\u00e9grations pour les transporteurs","item":"https:\/\/kbx.com\/fr\/integrations-pour-les-transporteurs\/"},{"@type":"ListItem","position":3,"name":"KBX TM Mobile"}]},{"@type":"WebSite","@id":"https:\/\/kbx.com\/fr\/#website","url":"https:\/\/kbx.com\/fr\/","name":"KBX","description":"","potentialAction":[{"@type":"SearchAction","target":{"@type":"EntryPoint","urlTemplate":"https:\/\/kbx.com\/fr\/?s={search_term_string}"},"query-input":{"@type":"PropertyValueSpecification","valueRequired":true,"valueName":"search_term_string"}}],"inLanguage":"fr-FR"}]}},"_links":{"self":[{"href":"https:\/\/kbx.com\/fr\/wp-json\/wp\/v2\/pages\/2012","targetHints":{"allow":["GET"]}}],"collection":[{"href":"https:\/\/kbx.com\/fr\/wp-json\/wp\/v2\/pages"}],"about":[{"href":"https:\/\/kbx.com\/fr\/wp-json\/wp\/v2\/types\/page"}],"author":[{"embeddable":true,"href":"https:\/\/kbx.com\/fr\/wp-json\/wp\/v2\/users\/3"}],"replies":[{"embeddable":true,"href":"https:\/\/kbx.com\/fr\/wp-json\/wp\/v2\/comments?post=2012"}],"version-history":[{"count":3,"href":"https:\/\/kbx.com\/fr\/wp-json\/wp\/v2\/pages\/2012\/revisions"}],"predecessor-version":[{"id":2336,"href":"https:\/\/kbx.com\/fr\/wp-json\/wp\/v2\/pages\/2012\/revisions\/2336"}],"up":[{"embeddable":true,"href":"https:\/\/kbx.com\/fr\/wp-json\/wp\/v2\/pages\/2045"}],"wp:attachment":[{"href":"https:\/\/kbx.com\/fr\/wp-json\/wp\/v2\/media?parent=2012"}],"curies":[{"name":"wp","href":"https:\/\/api.w.org\/{rel}","templated":true}]}}