{"id":1994,"date":"2025-08-25T23:26:36","date_gmt":"2025-08-26T05:26:36","guid":{"rendered":"https:\/\/kbx.com\/carrieres\/"},"modified":"2026-05-14T12:05:05","modified_gmt":"2026-05-14T18:05:05","slug":"carrieres","status":"publish","type":"page","link":"https:\/\/kbx.com\/fr\/carrieres\/","title":{"rendered":"Carri\u00e8res"},"content":{"rendered":"\n\n\n\n<section class=\"component c-content-media\" role=\"region\" aria-roledescription=\"Content and Media\" aria-label=\"Content and Media\" >\n    <div class=\"spacing-outside-default\">\n        <div class=\"spacing-inside-wide\">\n            <div class=\"container\">\n                <div class=\"row justify-content-center\">\n                                                                    \n                        <div class=\"col-12 col-md-5 order-md-1\">\n                            <div class=\"content-container\">\n                                <div class=\"row \">\n\t<div class=\"col-12  block-heading\">\n\t<h2 class=\"text-start\">\n\t\t\t        <span>Votre parcours<\/span>\n    <br class=\"d-none d-lg-inline-block\">\n        <span>Commence ici<\/span>\n    \n  \t<\/h2>\n  <\/div>\n<\/div>\n<div class=\"row  block-heading-content\">\n\t<div class=\"col-12\"><p>Nous sommes convaincus que le meilleur travail est accompli lorsque les individus sont habilit\u00e9s \u00e0 utiliser leurs talents uniques pour cr\u00e9er de la valeur pour nos clients, nos communaut\u00e9s et eux-m\u00eames. Si cela vous interpelle, vous avez votre place parmi nous.<\/p>\n<\/div>\n<\/div>\n\n                                \n      \n  <div class=\"c-button text-center text-md-start\"  >\n    <a href=\"https:\/\/jobs.kochcareers.com\/kbx\" target=\"_blank\" class=\"btn  btn-fill btn-dk-blue\" >\n        <span>Voir les postes ouverts<\/span>\n\n                    <span class=\"icon\">\n                <svg>\n                    <use href=\"#icon-arrow\"><\/use>\n                <\/svg>\n            <\/span>\n            <\/a>\n  <\/div>\n\n\n\n                            <\/div>\n                        <\/div>\n                    \n                    <div class=\"col-12 col-md-5\">\n                                                    <div class=\"media-container img-container text-lg-start single-img\">\n                                                                \n                                <img decoding=\"async\" src=\"https:\/\/kbx.com\/wp-content\/uploads\/2025\/10\/2025_KBX-Careers.jpg\" srcset=\"https:\/\/kbx.com\/wp-content\/uploads\/2025\/10\/2025_KBX-Careers.jpg 511w, https:\/\/kbx.com\/wp-content\/uploads\/2025\/10\/2025_KBX-Careers-280x300.jpg 280w\"\n                                     sizes=\"auto, (max-width: 511px) 100vw, 511px\" width=\"511\"\n                                     height=\"548\" class=\"primary-img no-scale\"\n                                     alt=\"KBX employee\" loading=\"lazy\"  role=\"presentation\">\n                            <\/div>\n                                            <\/div>\n                <\/div>\n            <\/div>\n        <\/div>\n    <\/div>\n\n            \n                                        \n        <img decoding=\"async\" src=\"https:\/\/kbx.com\/wp-content\/themes\/zionandzion\/assets\/production\/images\/global-globe-2-left.png\" alt=\"\" role=\"presentation\" class=\"d-none d-md-block  globe left\" loading=\"lazy\" width=\"460\" height=\"547\"\/>\n    \n<\/section>\n\n\n\n\n<section class=\"component c-html\" role=\"region\" aria-roledescription=\"HTML\" aria-label=\"HTML\" >\n\t<div class=\"spacing-outside-default\">\n\t\t<div class=\"spacing-inside-default\">\n\t\t\t<div class=\"container\">\n\t\t\t\t<div class=\"row justify-content-center\">\n\t\t\t\t\t<div class=\"col-12   col-lg-10 \">\n\t\t\t\t\t\t<article>\n\t\t\t\t\t\t\t<h2 style=\"text-align: center;\">Travailler chez KBX<\/h2>\n<p>&nbsp;<\/p>\n<p>En tant qu\u2019entreprise de Koch, nous nous appuyons sur la <a href=\"https:\/\/www.principlebasedmanagement.com\/en\" target=\"_blank\" rel=\"noopener\">Principle-Based Management\u2122<\/a> \u2014 une philosophie qui nous incite \u00e0 penser comme des propri\u00e9taires, \u00e0 adopter l\u2019apprentissage continu et \u00e0 g\u00e9n\u00e9rer de la valeur \u00e0 long terme.<\/p>\n<p><strong>Chez KBX, vous ferez partie d\u2019une \u00e9quipe qui :<\/strong><\/p>\n<ul class=\"cols-2\">\n<li>Vous encourage \u00e0 remettre en question le statu quo<\/li>\n<li>Soutient vos points forts tout en vous aidant \u00e0 en d\u00e9velopper de nouveaux<\/li>\n<li>Vous fait confiance pour contribuer d\u00e8s le premier jour<\/li>\n<li>Priorise la valeur \u00e0 long terme plut\u00f4t que les gains \u00e0 court terme<\/li>\n<\/ul>\n\n\t\t\t\t\t\t<\/article>\n\n\t\t\t\t\t<\/div>\n\t\t\t\t<\/div>\n\t\t\t\t\t\t\t<\/div>\n\t\t<\/div>\n\t<\/div>\n<\/section>\n\n\n\n\n<section class=\"component c-content-media\" role=\"region\" aria-roledescription=\"Content and Media\" aria-label=\"Content and Media\" >\n    <div class=\"spacing-outside-default\">\n        <div class=\"spacing-inside-wide\">\n            <div class=\"container\">\n                <div class=\"row justify-content-center\">\n                                                                    \n                        <div class=\"col-12 col-md-5 order-md-0\">\n                            <div class=\"content-container\">\n                                <div class=\"row \">\n\t<div class=\"col-12  block-heading\">\n\t<h2 class=\"text-start\">\n\t\t\t        <span>O\u00f9 vous pouvez \u00e9voluer<\/span>\n    \n  \t<\/h2>\n  <\/div>\n<\/div>\n<div class=\"row  block-heading-content\">\n\t<div class=\"col-12\"><p>Notre \u00e9quipe couvre tous les maillons de la cha\u00eene d\u2019approvisionnement et au-del\u00e0. Nous recrutons pour des postes en :<\/p>\n<ul>\n<li>Analyse et perspectives<\/li>\n<li>Comptabilit\u00e9 et finance<\/li>\n<li>D\u00e9veloppement commercial et ventes<\/li>\n<li>Succ\u00e8s client<\/li>\n<li>Syst\u00e8mes d\u2019information et technologie<\/li>\n<li>Op\u00e9rations logistiques<\/li>\n<li>Approvisionnement<\/li>\n<\/ul>\n<\/div>\n<\/div>\n\n                                \n      \n  <div class=\"c-button text-center text-md-start\"  >\n    <a href=\"https:\/\/jobs.kochcareers.com\/kbx\" target=\"_blank\" class=\"btn  btn-fill btn-dk-blue\" >\n        <span>Rejoignez l\u2019\u00e9quipe KBX<\/span>\n\n                    <span class=\"icon\">\n                <svg>\n                    <use href=\"#icon-arrow\"><\/use>\n                <\/svg>\n            <\/span>\n            <\/a>\n  <\/div>\n\n\n\n                            <\/div>\n                        <\/div>\n                    \n                    <div class=\"col-12 col-md-5\">\n                                                    <div class=\"media-container img-container text-lg-end single-img\">\n                                                                \n                                <img decoding=\"async\" src=\"https:\/\/kbx.com\/wp-content\/uploads\/2025\/09\/2025_KBX-Careers_Where-You-Can-Grow.jpg\" srcset=\"https:\/\/kbx.com\/wp-content\/uploads\/2025\/09\/2025_KBX-Careers_Where-You-Can-Grow.jpg 511w, https:\/\/kbx.com\/wp-content\/uploads\/2025\/09\/2025_KBX-Careers_Where-You-Can-Grow-280x300.jpg 280w\"\n                                     sizes=\"auto, (max-width: 511px) 100vw, 511px\" width=\"511\"\n                                     height=\"548\" class=\"primary-img no-scale\"\n                                     alt=\"KBX employees working around table\" loading=\"lazy\"  role=\"presentation\">\n                            <\/div>\n                                            <\/div>\n                <\/div>\n            <\/div>\n        <\/div>\n    <\/div>\n\n    \n<\/section>\n","protected":false},"excerpt":{"rendered":"","protected":false},"author":3,"featured_media":0,"parent":0,"menu_order":0,"comment_status":"closed","ping_status":"closed","template":"","meta":{"_acf_changed":false,"footnotes":""},"class_list":["post-1994","page","type-page","status-publish","hentry"],"acf":[],"yoast_head":"<!-- This site is optimized with the Yoast SEO plugin v27.6 - https:\/\/yoast.com\/product\/yoast-seo-wordpress\/ -->\n<title>Carri\u00e8res | KBX<\/title>\n<meta name=\"description\" content=\"D\u00e9veloppez votre carri\u00e8re chez KBX \u2014 l\u00e0 o\u00f9 l\u2019on dirige, apprend et innove dans la cha\u00eene d\u2019approvisionnement, l\u2019analyse, la logistique, la finance et bien plus encore.\" \/>\n<meta name=\"robots\" content=\"index, follow, max-snippet:-1, max-image-preview:large, max-video-preview:-1\" \/>\n<link rel=\"canonical\" href=\"https:\/\/kbx.com\/fr\/carrieres\/\" \/>\n<meta property=\"og:locale\" content=\"fr_FR\" \/>\n<meta property=\"og:type\" content=\"article\" \/>\n<meta property=\"og:title\" content=\"Carri\u00e8res | KBX\" \/>\n<meta property=\"og:description\" content=\"D\u00e9veloppez votre carri\u00e8re chez KBX \u2014 l\u00e0 o\u00f9 l\u2019on dirige, apprend et innove dans la cha\u00eene d\u2019approvisionnement, l\u2019analyse, la logistique, la finance et bien plus encore.\" \/>\n<meta property=\"og:url\" content=\"https:\/\/kbx.com\/fr\/carrieres\/\" \/>\n<meta property=\"og:site_name\" content=\"KBX\" \/>\n<meta property=\"article:modified_time\" content=\"2026-05-14T18:05:05+00:00\" \/>\n<meta name=\"twitter:card\" content=\"summary_large_image\" \/>\n<script type=\"application\/ld+json\" class=\"yoast-schema-graph\">{\"@context\":\"https:\\\/\\\/schema.org\",\"@graph\":[{\"@type\":\"WebPage\",\"@id\":\"https:\\\/\\\/kbx.com\\\/fr\\\/carrieres\\\/\",\"url\":\"https:\\\/\\\/kbx.com\\\/fr\\\/carrieres\\\/\",\"name\":\"Carri\u00e8res | KBX\",\"isPartOf\":{\"@id\":\"https:\\\/\\\/kbx.com\\\/fr\\\/#website\"},\"datePublished\":\"2025-08-26T05:26:36+00:00\",\"dateModified\":\"2026-05-14T18:05:05+00:00\",\"description\":\"D\u00e9veloppez votre carri\u00e8re chez KBX \u2014 l\u00e0 o\u00f9 l\u2019on dirige, apprend et innove dans la cha\u00eene d\u2019approvisionnement, l\u2019analyse, la logistique, la finance et bien plus encore.\",\"breadcrumb\":{\"@id\":\"https:\\\/\\\/kbx.com\\\/fr\\\/carrieres\\\/#breadcrumb\"},\"inLanguage\":\"fr-FR\",\"potentialAction\":[{\"@type\":\"ReadAction\",\"target\":[\"https:\\\/\\\/kbx.com\\\/fr\\\/carrieres\\\/\"]}]},{\"@type\":\"BreadcrumbList\",\"@id\":\"https:\\\/\\\/kbx.com\\\/fr\\\/carrieres\\\/#breadcrumb\",\"itemListElement\":[{\"@type\":\"ListItem\",\"position\":1,\"name\":\"Home\",\"item\":\"https:\\\/\\\/kbx.com\\\/fr\\\/accueil\\\/\"},{\"@type\":\"ListItem\",\"position\":2,\"name\":\"Carri\u00e8res\"}]},{\"@type\":\"WebSite\",\"@id\":\"https:\\\/\\\/kbx.com\\\/fr\\\/#website\",\"url\":\"https:\\\/\\\/kbx.com\\\/fr\\\/\",\"name\":\"KBX\",\"description\":\"\",\"potentialAction\":[{\"@type\":\"SearchAction\",\"target\":{\"@type\":\"EntryPoint\",\"urlTemplate\":\"https:\\\/\\\/kbx.com\\\/fr\\\/?s={search_term_string}\"},\"query-input\":{\"@type\":\"PropertyValueSpecification\",\"valueRequired\":true,\"valueName\":\"search_term_string\"}}],\"inLanguage\":\"fr-FR\"}]}<\/script>\n<!-- \/ Yoast SEO plugin. -->","yoast_head_json":{"title":"Carri\u00e8res | KBX","description":"D\u00e9veloppez votre carri\u00e8re chez KBX \u2014 l\u00e0 o\u00f9 l\u2019on dirige, apprend et innove dans la cha\u00eene d\u2019approvisionnement, l\u2019analyse, la logistique, la finance et bien plus encore.","robots":{"index":"index","follow":"follow","max-snippet":"max-snippet:-1","max-image-preview":"max-image-preview:large","max-video-preview":"max-video-preview:-1"},"canonical":"https:\/\/kbx.com\/fr\/carrieres\/","og_locale":"fr_FR","og_type":"article","og_title":"Carri\u00e8res | KBX","og_description":"D\u00e9veloppez votre carri\u00e8re chez KBX \u2014 l\u00e0 o\u00f9 l\u2019on dirige, apprend et innove dans la cha\u00eene d\u2019approvisionnement, l\u2019analyse, la logistique, la finance et bien plus encore.","og_url":"https:\/\/kbx.com\/fr\/carrieres\/","og_site_name":"KBX","article_modified_time":"2026-05-14T18:05:05+00:00","twitter_card":"summary_large_image","schema":{"@context":"https:\/\/schema.org","@graph":[{"@type":"WebPage","@id":"https:\/\/kbx.com\/fr\/carrieres\/","url":"https:\/\/kbx.com\/fr\/carrieres\/","name":"Carri\u00e8res | KBX","isPartOf":{"@id":"https:\/\/kbx.com\/fr\/#website"},"datePublished":"2025-08-26T05:26:36+00:00","dateModified":"2026-05-14T18:05:05+00:00","description":"D\u00e9veloppez votre carri\u00e8re chez KBX \u2014 l\u00e0 o\u00f9 l\u2019on dirige, apprend et innove dans la cha\u00eene d\u2019approvisionnement, l\u2019analyse, la logistique, la finance et bien plus encore.","breadcrumb":{"@id":"https:\/\/kbx.com\/fr\/carrieres\/#breadcrumb"},"inLanguage":"fr-FR","potentialAction":[{"@type":"ReadAction","target":["https:\/\/kbx.com\/fr\/carrieres\/"]}]},{"@type":"BreadcrumbList","@id":"https:\/\/kbx.com\/fr\/carrieres\/#breadcrumb","itemListElement":[{"@type":"ListItem","position":1,"name":"Home","item":"https:\/\/kbx.com\/fr\/accueil\/"},{"@type":"ListItem","position":2,"name":"Carri\u00e8res"}]},{"@type":"WebSite","@id":"https:\/\/kbx.com\/fr\/#website","url":"https:\/\/kbx.com\/fr\/","name":"KBX","description":"","potentialAction":[{"@type":"SearchAction","target":{"@type":"EntryPoint","urlTemplate":"https:\/\/kbx.com\/fr\/?s={search_term_string}"},"query-input":{"@type":"PropertyValueSpecification","valueRequired":true,"valueName":"search_term_string"}}],"inLanguage":"fr-FR"}]}},"_links":{"self":[{"href":"https:\/\/kbx.com\/fr\/wp-json\/wp\/v2\/pages\/1994","targetHints":{"allow":["GET"]}}],"collection":[{"href":"https:\/\/kbx.com\/fr\/wp-json\/wp\/v2\/pages"}],"about":[{"href":"https:\/\/kbx.com\/fr\/wp-json\/wp\/v2\/types\/page"}],"author":[{"embeddable":true,"href":"https:\/\/kbx.com\/fr\/wp-json\/wp\/v2\/users\/3"}],"replies":[{"embeddable":true,"href":"https:\/\/kbx.com\/fr\/wp-json\/wp\/v2\/comments?post=1994"}],"version-history":[{"count":2,"href":"https:\/\/kbx.com\/fr\/wp-json\/wp\/v2\/pages\/1994\/revisions"}],"predecessor-version":[{"id":2002,"href":"https:\/\/kbx.com\/fr\/wp-json\/wp\/v2\/pages\/1994\/revisions\/2002"}],"wp:attachment":[{"href":"https:\/\/kbx.com\/fr\/wp-json\/wp\/v2\/media?parent=1994"}],"curies":[{"name":"wp","href":"https:\/\/api.w.org\/{rel}","templated":true}]}}