{"id":1991,"date":"2025-08-25T23:26:20","date_gmt":"2025-08-26T05:26:20","guid":{"rendered":"https:\/\/kbx.com\/api\/"},"modified":"2026-05-14T12:06:55","modified_gmt":"2026-05-14T18:06:55","slug":"api","status":"publish","type":"page","link":"https:\/\/kbx.com\/fr\/integrations-pour-les-transporteurs\/api\/","title":{"rendered":"API"},"content":{"rendered":"\n\n\n\n<section class=\"component c-html\" role=\"region\" aria-roledescription=\"HTML\" aria-label=\"HTML\" >\n\t<div class=\"spacing-outside-default\">\n\t\t<div class=\"spacing-inside-default\">\n\t\t\t<div class=\"container\">\n\t\t\t\t<div class=\"row justify-content-center\">\n\t\t\t\t\t<div class=\"col-12   col-lg-10 \">\n\t\t\t\t\t\t<article>\n\t\t\t\t\t\t\t<h2>L\u2019int\u00e9gration API vous convient-elle ?<\/h2>\n<p>Nous recommandons l\u2019int\u00e9gration API aux transporteurs qui :<\/p>\n<ul>\n<li>Peuvent fournir des <strong>fichiers JSON<\/strong> \u00e0 notre point de terminaison API pour compl\u00e9ter ou remplacer les transactions d\u2019\u00e9tat d\u2019exp\u00e9dition EDI<\/li>\n<li>Peuvent signaler les statuts d\u2019exp\u00e9dition tels que Rendez-vous, ETA, En transit, Arriv\u00e9es et D\u00e9parts<\/li>\n<li>Peuvent adh\u00e9rer \u00e0 la <strong>structure et aux directives JSON<\/strong> de KBX <em>(disponibles sur demande)<\/em><\/li>\n<li>Peuvent traiter les appels d\u2019offres via EDI ou e-mail<\/li>\n<li>Peuvent facturer via EDI, facturation manuelle ou paiement automatique<\/li>\n<\/ul>\n<h2>D\u00e9marrage<\/h2>\n<p>L\u2019int\u00e9gration API avec KBX commence par un examen rapide des capacit\u00e9s pour confirmer la compatibilit\u00e9 du syst\u00e8me. \u00c0 partir de l\u00e0, notre \u00e9quipe d\u2019int\u00e9gration partagera les exigences de connexion et travaillera avec vous pour configurer et tester votre flux de donn\u00e9es.<\/p>\n<p>Si vous \u00eates pr\u00eat \u00e0 explorer l\u2019int\u00e9gration API, contactez notre \u00e9quipe et nous vous guiderons tout au long du processus, de la v\u00e9rification d\u2019\u00e9ligibilit\u00e9 \u00e0 la mise en service.<\/p>\n\n\t\t\t\t\t\t<\/article>\n\n\t\t\t\t\t<\/div>\n\t\t\t\t<\/div>\n\t\t\t\t\t\t\t<\/div>\n\t\t<\/div>\n\t<\/div>\n<\/section>\n\n\n\n<section class=\"component c-cta\" role=\"region\" aria-roledescription=\"CTA\" aria-label=\"CTA\" >\n\t<div\n\t\tclass=\"spacing-outside-default\">\n\t\t\t\t<div\n\t\t\tclass=\"spacing-inside-default \">\n\t\t\t\t\t\t<div class=\"custom-wrapper\">\n\t\t\t\t<div class=\"container\">\n\t\t\t\t\t<div class=\"row justify-content-center\">\n\t\t\t\t\t\t<div class=\"col-12\">\n\t\t\t\t\t\t\t<div class=\"cta_wrapper\">\n\t\t\t\t\t\t\t\t<div class=\"background\">\n\t\t\t\t\t\t\t\t\t\t\t\t\t\t\t\t\t\t\t\t\t\t\t\t\t\t\t\t\t<img fetchpriority=\"high\" decoding=\"async\" src=\"https:\/\/kbx.com\/wp-content\/uploads\/2025\/09\/cta-background-desktop.jpg\" srcset=\"https:\/\/kbx.com\/wp-content\/uploads\/2025\/09\/cta-background-desktop.jpg 1920w, https:\/\/kbx.com\/wp-content\/uploads\/2025\/09\/cta-background-desktop-300x83.jpg 300w, https:\/\/kbx.com\/wp-content\/uploads\/2025\/09\/cta-background-desktop-1024x284.jpg 1024w, https:\/\/kbx.com\/wp-content\/uploads\/2025\/09\/cta-background-desktop-768x213.jpg 768w, https:\/\/kbx.com\/wp-content\/uploads\/2025\/09\/cta-background-desktop-1536x426.jpg 1536w\" sizes=\"(max-width: 1920px) 100vw, 1920px\" width=\"1920\" height=\"532\" class=\"img-fluid  d-none d-lg-block \" alt=\"Shipping containers\" loading=\"eager\" role=\"presentation\"\/>\n\t\t\t\t\t\t\t\t\t\t\t\t\t\t\t\t\t\t\t\t\t\t\t\t\t\t\t\t\t\t\t\t\t\t\t\t\t\t<img decoding=\"async\" src=\"https:\/\/kbx.com\/wp-content\/uploads\/2025\/09\/cta-background-mobile.jpg\" srcset=\"https:\/\/kbx.com\/wp-content\/uploads\/2025\/09\/cta-background-mobile.jpg 800w, https:\/\/kbx.com\/wp-content\/uploads\/2025\/09\/cta-background-mobile-300x188.jpg 300w, https:\/\/kbx.com\/wp-content\/uploads\/2025\/09\/cta-background-mobile-768x480.jpg 768w\" sizes=\"(max-width: 800px) 100vw, 800px\" width=\"800\" height=\"500\" class=\"img-fluid d-block d-lg-none\" alt=\"Shipping\" loading=\"eager\" role=\"presentation\"\/>\n\t\t\t\t\t\t\t\t\t\t\t\t\t\t\t\t\t<\/div>\n\t\t\t\t\t\t\t\t<div class=\"content-wrapper\">\n\t\t\t\t\t\t\t\t\t<h2>Des questions ? <\/h2>\n\t\t\t\t\t\t\t\t\t\t\t\t\t\t\t\t\t\t\t\n                           \n  <div class=\"c-button text-center\"  >\n    <a href=\"https:\/\/kbx.com\/contact-us\/\" class=\"btn  btn-fill btn-white\" >\n        <span>Contacter notre \u00e9quipe<\/span>\n\n                    <span class=\"icon\">\n                <svg>\n                    <use href=\"#icon-arrow\"><\/use>\n                <\/svg>\n            <\/span>\n            <\/a>\n  <\/div>\n\n\n\n\n\t\t\t\t\t\t\t\t\t\t\t\t\t\t\t\t\t<\/div>\n\t\t\t\t\t\t\t<\/div>\n\t\t\t\t\t\t<\/div>\n\t\t\t\t\t<\/div>\n\t\t\t\t<\/div>\n\t\t\t<\/div>\n\t\t<\/div>\n\t<\/div>\n<\/section>\n","protected":false},"excerpt":{"rendered":"","protected":false},"author":3,"featured_media":0,"parent":2045,"menu_order":0,"comment_status":"closed","ping_status":"closed","template":"","meta":{"_acf_changed":false,"footnotes":""},"class_list":["post-1991","page","type-page","status-publish","hentry"],"acf":[],"yoast_head":"<!-- This site is optimized with the Yoast SEO plugin v27.6 - https:\/\/yoast.com\/product\/yoast-seo-wordpress\/ -->\n<title>Int\u00e9gration API | KBX<\/title>\n<meta name=\"description\" content=\"Connectez votre TMS directement \u00e0 KBX via l\u2019int\u00e9gration API. Automatisez les appels d\u2019offres de fret et les mises \u00e0 jour en transit pour une communication plus rapide et sans erreur.\" \/>\n<meta name=\"robots\" content=\"index, follow, max-snippet:-1, max-image-preview:large, max-video-preview:-1\" \/>\n<link rel=\"canonical\" href=\"https:\/\/kbx.com\/fr\/integrations-pour-les-transporteurs\/api\/\" \/>\n<meta property=\"og:locale\" content=\"fr_FR\" \/>\n<meta property=\"og:type\" content=\"article\" \/>\n<meta property=\"og:title\" content=\"Int\u00e9gration API | KBX\" \/>\n<meta property=\"og:description\" content=\"Connectez votre TMS directement \u00e0 KBX via l\u2019int\u00e9gration API. Automatisez les appels d\u2019offres de fret et les mises \u00e0 jour en transit pour une communication plus rapide et sans erreur.\" \/>\n<meta property=\"og:url\" content=\"https:\/\/kbx.com\/fr\/integrations-pour-les-transporteurs\/api\/\" \/>\n<meta property=\"og:site_name\" content=\"KBX\" \/>\n<meta property=\"article:modified_time\" content=\"2026-05-14T18:06:55+00:00\" \/>\n<meta name=\"twitter:card\" content=\"summary_large_image\" \/>\n<script type=\"application\/ld+json\" class=\"yoast-schema-graph\">{\"@context\":\"https:\\\/\\\/schema.org\",\"@graph\":[{\"@type\":\"WebPage\",\"@id\":\"https:\\\/\\\/kbx.com\\\/fr\\\/integrations-pour-les-transporteurs\\\/api\\\/\",\"url\":\"https:\\\/\\\/kbx.com\\\/fr\\\/integrations-pour-les-transporteurs\\\/api\\\/\",\"name\":\"Int\u00e9gration API | KBX\",\"isPartOf\":{\"@id\":\"https:\\\/\\\/kbx.com\\\/fr\\\/#website\"},\"datePublished\":\"2025-08-26T05:26:20+00:00\",\"dateModified\":\"2026-05-14T18:06:55+00:00\",\"description\":\"Connectez votre TMS directement \u00e0 KBX via l\u2019int\u00e9gration API. Automatisez les appels d\u2019offres de fret et les mises \u00e0 jour en transit pour une communication plus rapide et sans erreur.\",\"breadcrumb\":{\"@id\":\"https:\\\/\\\/kbx.com\\\/fr\\\/integrations-pour-les-transporteurs\\\/api\\\/#breadcrumb\"},\"inLanguage\":\"fr-FR\",\"potentialAction\":[{\"@type\":\"ReadAction\",\"target\":[\"https:\\\/\\\/kbx.com\\\/fr\\\/integrations-pour-les-transporteurs\\\/api\\\/\"]}]},{\"@type\":\"BreadcrumbList\",\"@id\":\"https:\\\/\\\/kbx.com\\\/fr\\\/integrations-pour-les-transporteurs\\\/api\\\/#breadcrumb\",\"itemListElement\":[{\"@type\":\"ListItem\",\"position\":1,\"name\":\"Home\",\"item\":\"https:\\\/\\\/kbx.com\\\/fr\\\/accueil\\\/\"},{\"@type\":\"ListItem\",\"position\":2,\"name\":\"Int\u00e9grations pour les transporteurs\",\"item\":\"https:\\\/\\\/kbx.com\\\/fr\\\/integrations-pour-les-transporteurs\\\/\"},{\"@type\":\"ListItem\",\"position\":3,\"name\":\"API\"}]},{\"@type\":\"WebSite\",\"@id\":\"https:\\\/\\\/kbx.com\\\/fr\\\/#website\",\"url\":\"https:\\\/\\\/kbx.com\\\/fr\\\/\",\"name\":\"KBX\",\"description\":\"\",\"potentialAction\":[{\"@type\":\"SearchAction\",\"target\":{\"@type\":\"EntryPoint\",\"urlTemplate\":\"https:\\\/\\\/kbx.com\\\/fr\\\/?s={search_term_string}\"},\"query-input\":{\"@type\":\"PropertyValueSpecification\",\"valueRequired\":true,\"valueName\":\"search_term_string\"}}],\"inLanguage\":\"fr-FR\"}]}<\/script>\n<!-- \/ Yoast SEO plugin. -->","yoast_head_json":{"title":"Int\u00e9gration API | KBX","description":"Connectez votre TMS directement \u00e0 KBX via l\u2019int\u00e9gration API. Automatisez les appels d\u2019offres de fret et les mises \u00e0 jour en transit pour une communication plus rapide et sans erreur.","robots":{"index":"index","follow":"follow","max-snippet":"max-snippet:-1","max-image-preview":"max-image-preview:large","max-video-preview":"max-video-preview:-1"},"canonical":"https:\/\/kbx.com\/fr\/integrations-pour-les-transporteurs\/api\/","og_locale":"fr_FR","og_type":"article","og_title":"Int\u00e9gration API | KBX","og_description":"Connectez votre TMS directement \u00e0 KBX via l\u2019int\u00e9gration API. Automatisez les appels d\u2019offres de fret et les mises \u00e0 jour en transit pour une communication plus rapide et sans erreur.","og_url":"https:\/\/kbx.com\/fr\/integrations-pour-les-transporteurs\/api\/","og_site_name":"KBX","article_modified_time":"2026-05-14T18:06:55+00:00","twitter_card":"summary_large_image","schema":{"@context":"https:\/\/schema.org","@graph":[{"@type":"WebPage","@id":"https:\/\/kbx.com\/fr\/integrations-pour-les-transporteurs\/api\/","url":"https:\/\/kbx.com\/fr\/integrations-pour-les-transporteurs\/api\/","name":"Int\u00e9gration API | KBX","isPartOf":{"@id":"https:\/\/kbx.com\/fr\/#website"},"datePublished":"2025-08-26T05:26:20+00:00","dateModified":"2026-05-14T18:06:55+00:00","description":"Connectez votre TMS directement \u00e0 KBX via l\u2019int\u00e9gration API. Automatisez les appels d\u2019offres de fret et les mises \u00e0 jour en transit pour une communication plus rapide et sans erreur.","breadcrumb":{"@id":"https:\/\/kbx.com\/fr\/integrations-pour-les-transporteurs\/api\/#breadcrumb"},"inLanguage":"fr-FR","potentialAction":[{"@type":"ReadAction","target":["https:\/\/kbx.com\/fr\/integrations-pour-les-transporteurs\/api\/"]}]},{"@type":"BreadcrumbList","@id":"https:\/\/kbx.com\/fr\/integrations-pour-les-transporteurs\/api\/#breadcrumb","itemListElement":[{"@type":"ListItem","position":1,"name":"Home","item":"https:\/\/kbx.com\/fr\/accueil\/"},{"@type":"ListItem","position":2,"name":"Int\u00e9grations pour les transporteurs","item":"https:\/\/kbx.com\/fr\/integrations-pour-les-transporteurs\/"},{"@type":"ListItem","position":3,"name":"API"}]},{"@type":"WebSite","@id":"https:\/\/kbx.com\/fr\/#website","url":"https:\/\/kbx.com\/fr\/","name":"KBX","description":"","potentialAction":[{"@type":"SearchAction","target":{"@type":"EntryPoint","urlTemplate":"https:\/\/kbx.com\/fr\/?s={search_term_string}"},"query-input":{"@type":"PropertyValueSpecification","valueRequired":true,"valueName":"search_term_string"}}],"inLanguage":"fr-FR"}]}},"_links":{"self":[{"href":"https:\/\/kbx.com\/fr\/wp-json\/wp\/v2\/pages\/1991","targetHints":{"allow":["GET"]}}],"collection":[{"href":"https:\/\/kbx.com\/fr\/wp-json\/wp\/v2\/pages"}],"about":[{"href":"https:\/\/kbx.com\/fr\/wp-json\/wp\/v2\/types\/page"}],"author":[{"embeddable":true,"href":"https:\/\/kbx.com\/fr\/wp-json\/wp\/v2\/users\/3"}],"replies":[{"embeddable":true,"href":"https:\/\/kbx.com\/fr\/wp-json\/wp\/v2\/comments?post=1991"}],"version-history":[{"count":3,"href":"https:\/\/kbx.com\/fr\/wp-json\/wp\/v2\/pages\/1991\/revisions"}],"predecessor-version":[{"id":2333,"href":"https:\/\/kbx.com\/fr\/wp-json\/wp\/v2\/pages\/1991\/revisions\/2333"}],"up":[{"embeddable":true,"href":"https:\/\/kbx.com\/fr\/wp-json\/wp\/v2\/pages\/2045"}],"wp:attachment":[{"href":"https:\/\/kbx.com\/fr\/wp-json\/wp\/v2\/media?parent=1991"}],"curies":[{"name":"wp","href":"https:\/\/api.w.org\/{rel}","templated":true}]}}